{"id":14,"date":"2021-05-10T09:35:02","date_gmt":"2021-05-10T07:35:02","guid":{"rendered":"http:\/\/sp84.openworld24.pl\/?page_id=14"},"modified":"2025-03-18T12:13:52","modified_gmt":"2025-03-18T11:13:52","slug":"o-nas","status":"publish","type":"page","link":"https:\/\/sp84.poznan.pl\/index.php\/o-nas\/","title":{"rendered":"O nas"},"content":{"rendered":"\n<p class=\"has-text-align-left\" style=\"font-size:20px\">Nasza szko\u0142a &#8211; Szko\u0142a Podstawowa nr 84 im. Tadeusza Ko\u015bciuszki w Poznaniu skupia uczni\u00f3w w 22 oddzia\u0142ach. <br>Od roku szkolnego 2018\/2019 zaj\u0119cia odbywaj\u0105 si\u0119 w dw\u00f3ch budynkach: przy ul. \u015aw. Szczepana 3 (obecnie klasy I-V) oraz przy <br>ul. \u0141ozowej 53 (kl. VI-VIII). Uczniowie maj\u0105 do dyspozycji dobrze wyposa\u017cone sale lekcyjne, sale gimnastyczne, pracownie komputerowe, biblioteki, czytelnie.<\/p>\n\n\n\n<p class=\"has-text-align-left\" style=\"font-size:20px\">W budynku przy ul. \u015bw. Szczepana dwa pomieszczenia zajmuje \u015bwietlica szkolna czynna od. 6.30 do 17.00. W obu budynkach funkcjonuj\u0105 boiska: boisko do pi\u0142ki r\u0119cznej i no\u017cnej z nawierzchni\u0105 ze sztucznej trawy, boisko do gry w koszyk\u00f3wk\u0119 i boisko <br>do gry w siatk\u00f3wk\u0119. Uczniowie mog\u0105 korzysta\u0107 tak\u017ce z placu zabaw utworzonego w ramach programu rz\u0105dowego <br>\u201eRadosna Szko\u0142a\u201d.\u00a0 <\/p>\n\n\n\n<p class=\"has-text-align-left\" style=\"font-size:20px\">W szkole pracuje zgrany zesp\u00f3\u0142 tw\u00f3rczych, otwartych nauczycieli pasjonat\u00f3w (dominuj\u0105 nauczyciele dyplomowani), kt\u00f3rzy <br>w spos\u00f3b rzetelny i odpowiedzialny wyposa\u017caj\u0105 uczni\u00f3w w wiedz\u0119 i niezb\u0119dne umiej\u0119tno\u015bci, szczeg\u00f3ln\u0105 uwag\u0119 zwracaj\u0105c <br>na podmiotowo\u015b\u0107 nauczania. W centrum zainteresowania jest zawsze ucze\u0144, jego oczekiwania, mo\u017cliwo\u015bci, potrzeby i emocje.<\/p>\n\n\n\n<p class=\"has-text-align-left\" style=\"font-size:20px\">Uczniowie zdobywaj\u0105 wszechstronn\u0105 wiedz\u0119, kt\u00f3r\u0105 mog\u0105 zweryfikowa\u0107 poprzez udzia\u0142 w licznych konkursach szkolnych <br>i pozaszkolnych. Nasza szko\u0142a sama od wielu lat jest organizatorem dw\u00f3ch konkurs\u00f3w: przyrodniczo-matematycznego \u201eD\u0105bczak\u201d dla klas IV-VI oraz konkursu ortograficznego \u201eG\u017ceg\u017c\u00f3\u0142ka\u201d dla klas I-III.<\/p>\n\n\n\n<p class=\"has-text-align-left\" style=\"font-size:20px\">Nauka odbywa si\u0119 w szkolnej \u0142awce, ale jest to \u201eszkolna \u0142awka z widokiem na \u015bwiat\u201d. W \u015bwiecie tym jest miejsce na lekcje muzealne, wizyty w teatrze, udzia\u0142 w Nowych Horyzontach Edukacji Filmowej w kinie Muza oraz festiwalu \u201eAle Kino!\u201d <br>(nasi uczniowie trzykrotnie byli cz\u0142onkami dzieci\u0119cego jury festiwalu), a tak\u017ce wyjazdy na \u201ezielone szko\u0142y\u201d i inne formy aktywnej edukacji.<\/p>\n\n\n\n<p class=\"has-text-align-left\" style=\"font-size:20px\">Wyj\u0105tkow\u0105 rol\u0119 pe\u0142ni w naszej szkole sport. Najwi\u0119ksz\u0105 popularno\u015bci\u0105 cieszy si\u0119 pi\u0142ka siatkowa ch\u0142opc\u00f3w i dziewcz\u0105t <br>i tu mo\u017cna odnotowa\u0107 najwi\u0119ksze sukcesy zar\u00f3wno w mistrzostwach dzielnicowych, jak i mistrzostwach miasta Poznania. Poza tym ch\u0142opcy odnosz\u0105 sukcesy te\u017c w pi\u0142ce r\u0119cznej. Szczeg\u00f3ln\u0105 opiek\u0105 obj\u0119ci s\u0105 uczniowie o specjalnych potrzebach edukacyjnych. Pracuj\u0105 pod opiek\u0105 szkolnych pedagog\u00f3w i psychologa, uczestnicz\u0105 te\u017c w zaj\u0119ciach rozwijaj\u0105cych zainteresowania oraz dydaktyczno &#8211; wyr\u00f3wnawczych prowadzonych przez nauczycieli poszczeg\u00f3lnych przedmiot\u00f3w. <br>Nasi uczniowie uczestnicz\u0105 tak\u017ce w wielu akcjach organizowanych przez pr\u0119\u017cnie dzia\u0142aj\u0105cy Samorz\u0105d Szkolny, dzia\u0142aj\u0105 charytatywnie w szkolnym kole \u201eCaritas\u201d, rozwijaj\u0105 swoje zainteresowania na k\u00f3\u0142kach przedmiotowych. <br>Dzi\u0119ki temu ucz\u0105 si\u0119 wsp\u00f3\u0142dzia\u0142ania w grupie, a tak\u017ce otwarto\u015bci i empatii.<\/p>\n\n\n\n<p class=\"has-text-align-left\" style=\"font-size:20px\">Nasi absolwenci potrafi\u0105 wyra\u017ca\u0107 swoje opinie, przestrzegaj\u0105 zasad kultury i rozumiej\u0105 potrzeby innych. To absolwenci <\/p>\n\n\n\n<p class=\"has-text-align-left\" style=\"font-size:20px\">\u201eSzko\u0142y z klas\u0105!\u201d &#8211; tym mianem nasza szko\u0142a szczyci si\u0119 ju\u017c od 2003 roku.<\/p>\n\n\n\n<p class=\"has-text-align-left\" style=\"font-size:20px\">To, co nas niew\u0105tpliwie wyr\u00f3\u017cnia w\u015br\u00f3d innych szk\u00f3\u0142, jest niepowtarzalna atmosfera pe\u0142na \u017cyczliwo\u015bci, ciep\u0142a, kt\u00f3ra sprawia, \u017ce ka\u017cdy ucze\u0144 czuje si\u0119 wa\u017cny i doceniony. O tym w\u0142a\u015bnie m\u00f3wi\u0105 nasi absolwenci podczas licznych odwiedzin. <br>Starsi z nich z pe\u0142nym zaufaniem powierzaj\u0105 nam swoje dzieci, a nawet wnuki.<\/p>\n\n\n\n<p class=\"has-text-align-left\" style=\"font-size:20px\">W naszej szkole wyj\u0105tkow\u0105 aktywno\u015bci\u0105 wyr\u00f3\u017cnia si\u0119 Rada Rodzic\u00f3w. Podejmuje wiele inicjatyw integruj\u0105cych spo\u0142eczno\u015b\u0107 szkoln\u0105 i spo\u0142eczno\u015b\u0107 lokaln\u0105. Do szkolnej tradycji wesz\u0142y \u015bwietnie zorganizowane festyny z okazji Dnia Dziecka. <br>Szko\u0142\u0105 wsp\u00f3\u0142pracuje te\u017c z Uniwersytetem Adama Mickiewicza, z Wydzia\u0142em Chemii, Wydzia\u0142em Geografii oraz z Wydzia\u0142em Filologii Polskiej i Klasycznej w zakresie praktyk ci\u0105g\u0142ych student\u00f3w.<\/p>\n\n\n\n<p class=\"has-text-align-left\" style=\"font-size:20px\">W roku 2019 uzyskali\u015bmy certyfikat \u201eSzko\u0142y Promuj\u0105cej Zdrowie\u201d.<\/p>\n\n\n\n<p><\/p>\n","protected":false},"excerpt":{"rendered":"<p>Nasza szko\u0142a &#8211; Szko\u0142a Podstawowa nr 84 im. Tadeusza Ko\u015bciuszki w Poznaniu skupia uczni\u00f3w w 22 oddzia\u0142ach. Od roku szkolnego 2018\/2019 zaj\u0119cia odbywaj\u0105 si\u0119 w dw\u00f3ch budynkach: przy ul. \u015aw. Szczepana 3 (obecnie klasy I-V) oraz przy ul. \u0141ozowej 53 (kl. VI-VIII). Uczniowie maj\u0105 do dyspozycji dobrze wyposa\u017cone sale lekcyjne, sale gimnastyczne, pracownie komputerowe, biblioteki, [&hellip;]<\/p>\n","protected":false},"author":1,"featured_media":0,"parent":0,"menu_order":0,"comment_status":"closed","ping_status":"closed","template":"","meta":{"footnotes":""},"class_list":["post-14","page","type-page","status-publish","hentry"],"_links":{"self":[{"href":"https:\/\/sp84.poznan.pl\/index.php\/wp-json\/wp\/v2\/pages\/14","targetHints":{"allow":["GET"]}}],"collection":[{"href":"https:\/\/sp84.poznan.pl\/index.php\/wp-json\/wp\/v2\/pages"}],"about":[{"href":"https:\/\/sp84.poznan.pl\/index.php\/wp-json\/wp\/v2\/types\/page"}],"author":[{"embeddable":true,"href":"https:\/\/sp84.poznan.pl\/index.php\/wp-json\/wp\/v2\/users\/1"}],"replies":[{"embeddable":true,"href":"https:\/\/sp84.poznan.pl\/index.php\/wp-json\/wp\/v2\/comments?post=14"}],"version-history":[{"count":30,"href":"https:\/\/sp84.poznan.pl\/index.php\/wp-json\/wp\/v2\/pages\/14\/revisions"}],"predecessor-version":[{"id":4290,"href":"https:\/\/sp84.poznan.pl\/index.php\/wp-json\/wp\/v2\/pages\/14\/revisions\/4290"}],"wp:attachment":[{"href":"https:\/\/sp84.poznan.pl\/index.php\/wp-json\/wp\/v2\/media?parent=14"}],"curies":[{"name":"wp","href":"https:\/\/api.w.org\/{rel}","templated":true}]}}