{"id":20,"date":"2021-05-10T09:35:36","date_gmt":"2021-05-10T07:35:36","guid":{"rendered":"http:\/\/sp84.openworld24.pl\/?page_id=20"},"modified":"2025-04-13T17:37:37","modified_gmt":"2025-04-13T15:37:37","slug":"historia","status":"publish","type":"page","link":"https:\/\/sp84.poznan.pl\/index.php\/o-nas\/historia\/","title":{"rendered":"Historia"},"content":{"rendered":"\n<figure class=\"wp-block-image size-large\"><img fetchpriority=\"high\" decoding=\"async\" width=\"1024\" height=\"576\" src=\"https:\/\/sp84.poznan.pl\/wp-content\/uploads\/2025\/03\/1-1024x576.png\" alt=\"Grafika - o\u015b czasu przedstawiaj\u0105ca histori\u0119 szko\u0142y.\" class=\"wp-image-4200\" srcset=\"https:\/\/sp84.poznan.pl\/wp-content\/uploads\/2025\/03\/1-1024x576.png 1024w, https:\/\/sp84.poznan.pl\/wp-content\/uploads\/2025\/03\/1-300x169.png 300w, https:\/\/sp84.poznan.pl\/wp-content\/uploads\/2025\/03\/1-768x432.png 768w, https:\/\/sp84.poznan.pl\/wp-content\/uploads\/2025\/03\/1-1536x864.png 1536w, https:\/\/sp84.poznan.pl\/wp-content\/uploads\/2025\/03\/1.png 1920w\" sizes=\"(max-width: 1024px) 100vw, 1024px\" \/><\/figure>\n\n\n\n<figure class=\"wp-block-image size-large\"><img decoding=\"async\" width=\"1024\" height=\"576\" src=\"https:\/\/sp84.poznan.pl\/wp-content\/uploads\/2025\/03\/2-1024x576.png\" alt=\"Grafika - o\u015b czasu przedstawiaj\u0105ca histori\u0119 szko\u0142y.\" class=\"wp-image-4201\" srcset=\"https:\/\/sp84.poznan.pl\/wp-content\/uploads\/2025\/03\/2-1024x576.png 1024w, https:\/\/sp84.poznan.pl\/wp-content\/uploads\/2025\/03\/2-300x169.png 300w, https:\/\/sp84.poznan.pl\/wp-content\/uploads\/2025\/03\/2-768x432.png 768w, https:\/\/sp84.poznan.pl\/wp-content\/uploads\/2025\/03\/2-1536x864.png 1536w, https:\/\/sp84.poznan.pl\/wp-content\/uploads\/2025\/03\/2.png 1920w\" sizes=\"(max-width: 1024px) 100vw, 1024px\" \/><\/figure>\n\n\n\n<figure class=\"wp-block-image size-large\"><img decoding=\"async\" width=\"1024\" height=\"576\" src=\"https:\/\/sp84.poznan.pl\/wp-content\/uploads\/2025\/03\/3-1024x576.png\" alt=\"Grafika - o\u015b czasu przedstawiaj\u0105ca histori\u0119 szko\u0142y.\" class=\"wp-image-4203\" srcset=\"https:\/\/sp84.poznan.pl\/wp-content\/uploads\/2025\/03\/3-1024x576.png 1024w, https:\/\/sp84.poznan.pl\/wp-content\/uploads\/2025\/03\/3-300x169.png 300w, https:\/\/sp84.poznan.pl\/wp-content\/uploads\/2025\/03\/3-768x432.png 768w, https:\/\/sp84.poznan.pl\/wp-content\/uploads\/2025\/03\/3-1536x864.png 1536w, https:\/\/sp84.poznan.pl\/wp-content\/uploads\/2025\/03\/3.png 1920w\" sizes=\"(max-width: 1024px) 100vw, 1024px\" \/><\/figure>\n\n\n\n<figure class=\"wp-block-image size-large\"><img loading=\"lazy\" decoding=\"async\" width=\"1024\" height=\"576\" src=\"https:\/\/sp84.poznan.pl\/wp-content\/uploads\/2025\/03\/4-1024x576.png\" alt=\"Grafika - o\u015b czasu przedstawiaj\u0105ca histori\u0119 szko\u0142y.\" class=\"wp-image-4204\" srcset=\"https:\/\/sp84.poznan.pl\/wp-content\/uploads\/2025\/03\/4-1024x576.png 1024w, https:\/\/sp84.poznan.pl\/wp-content\/uploads\/2025\/03\/4-300x169.png 300w, https:\/\/sp84.poznan.pl\/wp-content\/uploads\/2025\/03\/4-768x432.png 768w, https:\/\/sp84.poznan.pl\/wp-content\/uploads\/2025\/03\/4-1536x864.png 1536w, https:\/\/sp84.poznan.pl\/wp-content\/uploads\/2025\/03\/4.png 1920w\" sizes=\"(max-width: 1024px) 100vw, 1024px\" \/><\/figure>\n\n\n\n<figure class=\"wp-block-image size-large\"><img loading=\"lazy\" decoding=\"async\" width=\"1024\" height=\"576\" src=\"https:\/\/sp84.poznan.pl\/wp-content\/uploads\/2025\/03\/5-1-1024x576.png\" alt=\"Grafika - o\u015b czasu przedstawiaj\u0105ca histori\u0119 szko\u0142y.\" class=\"wp-image-4207\" srcset=\"https:\/\/sp84.poznan.pl\/wp-content\/uploads\/2025\/03\/5-1-1024x576.png 1024w, https:\/\/sp84.poznan.pl\/wp-content\/uploads\/2025\/03\/5-1-300x169.png 300w, https:\/\/sp84.poznan.pl\/wp-content\/uploads\/2025\/03\/5-1-768x432.png 768w, https:\/\/sp84.poznan.pl\/wp-content\/uploads\/2025\/03\/5-1-1536x864.png 1536w, https:\/\/sp84.poznan.pl\/wp-content\/uploads\/2025\/03\/5-1.png 1920w\" sizes=\"(max-width: 1024px) 100vw, 1024px\" \/><\/figure>\n\n\n\n<figure class=\"wp-block-image size-large\"><img loading=\"lazy\" decoding=\"async\" width=\"1024\" height=\"576\" src=\"https:\/\/sp84.poznan.pl\/wp-content\/uploads\/2025\/04\/6-zdj_do_zmiany_historia_szkoly-1024x576.png\" alt=\"Grafika - o\u015b czasu przedstawiaj\u0105ca dyrektor\u00f3w i wicedyrektor\u00f3w szko\u0142y. \" class=\"wp-image-4707\" srcset=\"https:\/\/sp84.poznan.pl\/wp-content\/uploads\/2025\/04\/6-zdj_do_zmiany_historia_szkoly-1024x576.png 1024w, https:\/\/sp84.poznan.pl\/wp-content\/uploads\/2025\/04\/6-zdj_do_zmiany_historia_szkoly-300x169.png 300w, https:\/\/sp84.poznan.pl\/wp-content\/uploads\/2025\/04\/6-zdj_do_zmiany_historia_szkoly-768x432.png 768w, https:\/\/sp84.poznan.pl\/wp-content\/uploads\/2025\/04\/6-zdj_do_zmiany_historia_szkoly-1536x864.png 1536w, https:\/\/sp84.poznan.pl\/wp-content\/uploads\/2025\/04\/6-zdj_do_zmiany_historia_szkoly.png 1920w\" sizes=\"(max-width: 1024px) 100vw, 1024px\" \/><\/figure>\n","protected":false},"excerpt":{"rendered":"","protected":false},"author":1,"featured_media":0,"parent":14,"menu_order":0,"comment_status":"closed","ping_status":"closed","template":"","meta":{"footnotes":""},"class_list":["post-20","page","type-page","status-publish","hentry"],"_links":{"self":[{"href":"https:\/\/sp84.poznan.pl\/index.php\/wp-json\/wp\/v2\/pages\/20","targetHints":{"allow":["GET"]}}],"collection":[{"href":"https:\/\/sp84.poznan.pl\/index.php\/wp-json\/wp\/v2\/pages"}],"about":[{"href":"https:\/\/sp84.poznan.pl\/index.php\/wp-json\/wp\/v2\/types\/page"}],"author":[{"embeddable":true,"href":"https:\/\/sp84.poznan.pl\/index.php\/wp-json\/wp\/v2\/users\/1"}],"replies":[{"embeddable":true,"href":"https:\/\/sp84.poznan.pl\/index.php\/wp-json\/wp\/v2\/comments?post=20"}],"version-history":[{"count":7,"href":"https:\/\/sp84.poznan.pl\/index.php\/wp-json\/wp\/v2\/pages\/20\/revisions"}],"predecessor-version":[{"id":4709,"href":"https:\/\/sp84.poznan.pl\/index.php\/wp-json\/wp\/v2\/pages\/20\/revisions\/4709"}],"up":[{"embeddable":true,"href":"https:\/\/sp84.poznan.pl\/index.php\/wp-json\/wp\/v2\/pages\/14"}],"wp:attachment":[{"href":"https:\/\/sp84.poznan.pl\/index.php\/wp-json\/wp\/v2\/media?parent=20"}],"curies":[{"name":"wp","href":"https:\/\/api.w.org\/{rel}","templated":true}]}}