{"id":226,"date":"2021-07-27T10:24:13","date_gmt":"2021-07-27T08:24:13","guid":{"rendered":"http:\/\/sp84.openworld24.pl\/?page_id=226"},"modified":"2025-04-29T08:05:36","modified_gmt":"2025-04-29T06:05:36","slug":"nasze-sukcesy","status":"publish","type":"page","link":"https:\/\/sp84.poznan.pl\/index.php\/nasze-sukcesy\/","title":{"rendered":"Nasze sukcesy"},"content":{"rendered":"\n<h2 class=\"wp-block-heading has-text-align-center has-text-color has-link-color has-large-font-size wp-elements-e05bdc3d481be7526f2b7c626fa69c85\" style=\"color:#224363\">Rok szkolny 2024\/2025<\/h2>\n\n\n\n<p style=\"font-size:20px\">Olgierd z klasy 4 b zosta\u0142 laureatem XXI Mi\u0119dzyszkolnego Konkursu Ortograficznego Szk\u00f3\u0142 Podstawowych Miasta Poznania. Olgierd napisa\u0142 dyktando bezb\u0142\u0119dnie, wi\u0119c tym bardziej gratulujemy sukcesu!<\/p>\n\n\n\n<figure class=\"wp-block-image size-large\"><img fetchpriority=\"high\" decoding=\"async\" width=\"768\" height=\"1024\" src=\"https:\/\/sp84.poznan.pl\/wp-content\/uploads\/2025\/04\/kon-768x1024.jpg\" alt=\"Ch\u0142opiec przy tablicy informuj\u0105cej o konkursie\" class=\"wp-image-4660\" srcset=\"https:\/\/sp84.poznan.pl\/wp-content\/uploads\/2025\/04\/kon-768x1024.jpg 768w, https:\/\/sp84.poznan.pl\/wp-content\/uploads\/2025\/04\/kon-225x300.jpg 225w, https:\/\/sp84.poznan.pl\/wp-content\/uploads\/2025\/04\/kon-1152x1536.jpg 1152w, https:\/\/sp84.poznan.pl\/wp-content\/uploads\/2025\/04\/kon.jpg 1200w\" sizes=\"(max-width: 768px) 100vw, 768px\" \/><\/figure>\n\n\n\n<p style=\"font-size:18px\">W roku szkolnym 2024\/2025 reprezentacja ch\u0142opc\u00f3w w pi\u0142ce r\u0119cznej zdoby\u0142a miejsca od 5-8 w Igrzyskach M\u0142odzie\u017cy Szkolnej. W rozgrywkach wzi\u0119\u0142o udzia\u0142 20 pozna\u0144skich szk\u00f3\u0142, nasi uczniowie przeszli do III etapu. Rywalizacja trwa\u0142a od 20.11.2024 r do 4.03.2025 r.<\/p>\n\n\n\n<div class=\"wp-block-columns is-layout-flex wp-container-core-columns-is-layout-9d6595d7 wp-block-columns-is-layout-flex\">\n<div class=\"wp-block-column is-layout-flow wp-block-column-is-layout-flow\">\n<figure class=\"wp-block-image size-large\"><img decoding=\"async\" width=\"1024\" height=\"461\" src=\"https:\/\/sp84.poznan.pl\/wp-content\/uploads\/2025\/04\/turniej-1024x461.jpg\" alt=\"Ch\u0142opcy na boisku\" class=\"wp-image-4575\" srcset=\"https:\/\/sp84.poznan.pl\/wp-content\/uploads\/2025\/04\/turniej-1024x461.jpg 1024w, https:\/\/sp84.poznan.pl\/wp-content\/uploads\/2025\/04\/turniej-300x135.jpg 300w, https:\/\/sp84.poznan.pl\/wp-content\/uploads\/2025\/04\/turniej-768x346.jpg 768w, https:\/\/sp84.poznan.pl\/wp-content\/uploads\/2025\/04\/turniej-1536x691.jpg 1536w, https:\/\/sp84.poznan.pl\/wp-content\/uploads\/2025\/04\/turniej.jpg 2000w\" sizes=\"(max-width: 1024px) 100vw, 1024px\" \/><\/figure>\n<\/div>\n<\/div>\n\n\n\n<p>&nbsp;<\/p>\n\n\n\n<h2 class=\"wp-block-heading has-text-align-center has-text-color has-link-color has-large-font-size wp-elements-070c35469e5efe20e0c8f6001d72db87\" style=\"color:#234363\">Rok szkolny 2023\/2024<\/h2>\n\n\n\n<figure class=\"wp-block-image size-large\"><img decoding=\"async\" width=\"724\" height=\"1024\" src=\"https:\/\/sp84.poznan.pl\/wp-content\/uploads\/2024\/10\/07519d63-72a5-45c3-8898-fb71f5310a10-0-724x1024.jpg\" alt=\"Informacja o sukcesach i zdj\u0119cia uczni\u00f3w.\" class=\"wp-image-3463\" srcset=\"https:\/\/sp84.poznan.pl\/wp-content\/uploads\/2024\/10\/07519d63-72a5-45c3-8898-fb71f5310a10-0-724x1024.jpg 724w, https:\/\/sp84.poznan.pl\/wp-content\/uploads\/2024\/10\/07519d63-72a5-45c3-8898-fb71f5310a10-0-212x300.jpg 212w, https:\/\/sp84.poznan.pl\/wp-content\/uploads\/2024\/10\/07519d63-72a5-45c3-8898-fb71f5310a10-0-768x1086.jpg 768w, https:\/\/sp84.poznan.pl\/wp-content\/uploads\/2024\/10\/07519d63-72a5-45c3-8898-fb71f5310a10-0-1086x1536.jpg 1086w, https:\/\/sp84.poznan.pl\/wp-content\/uploads\/2024\/10\/07519d63-72a5-45c3-8898-fb71f5310a10-0-1448x2048.jpg 1448w, https:\/\/sp84.poznan.pl\/wp-content\/uploads\/2024\/10\/07519d63-72a5-45c3-8898-fb71f5310a10-0-scaled.jpg 1811w\" sizes=\"(max-width: 724px) 100vw, 724px\" \/><\/figure>\n\n\n\n<figure class=\"wp-block-image size-large\"><img loading=\"lazy\" decoding=\"async\" width=\"724\" height=\"1024\" src=\"https:\/\/sp84.poznan.pl\/wp-content\/uploads\/2024\/10\/07519d63-72a5-45c3-8898-fb71f5310a10-1-724x1024.jpg\" alt=\"Informacja o sukcesach i zdj\u0119cia uczni\u00f3w.\" class=\"wp-image-3464\" srcset=\"https:\/\/sp84.poznan.pl\/wp-content\/uploads\/2024\/10\/07519d63-72a5-45c3-8898-fb71f5310a10-1-724x1024.jpg 724w, https:\/\/sp84.poznan.pl\/wp-content\/uploads\/2024\/10\/07519d63-72a5-45c3-8898-fb71f5310a10-1-212x300.jpg 212w, https:\/\/sp84.poznan.pl\/wp-content\/uploads\/2024\/10\/07519d63-72a5-45c3-8898-fb71f5310a10-1-768x1086.jpg 768w, https:\/\/sp84.poznan.pl\/wp-content\/uploads\/2024\/10\/07519d63-72a5-45c3-8898-fb71f5310a10-1-1086x1536.jpg 1086w, https:\/\/sp84.poznan.pl\/wp-content\/uploads\/2024\/10\/07519d63-72a5-45c3-8898-fb71f5310a10-1-1448x2048.jpg 1448w, https:\/\/sp84.poznan.pl\/wp-content\/uploads\/2024\/10\/07519d63-72a5-45c3-8898-fb71f5310a10-1-scaled.jpg 1811w\" sizes=\"(max-width: 724px) 100vw, 724px\" \/><\/figure>\n\n\n\n<figure class=\"wp-block-image size-large\"><img loading=\"lazy\" decoding=\"async\" width=\"724\" height=\"1024\" src=\"https:\/\/sp84.poznan.pl\/wp-content\/uploads\/2024\/10\/07519d63-72a5-45c3-8898-fb71f5310a10-2-724x1024.jpg\" alt=\"Informacja o sukcesach i zdj\u0119cia uczni\u00f3w.\" class=\"wp-image-3465\" srcset=\"https:\/\/sp84.poznan.pl\/wp-content\/uploads\/2024\/10\/07519d63-72a5-45c3-8898-fb71f5310a10-2-724x1024.jpg 724w, https:\/\/sp84.poznan.pl\/wp-content\/uploads\/2024\/10\/07519d63-72a5-45c3-8898-fb71f5310a10-2-212x300.jpg 212w, https:\/\/sp84.poznan.pl\/wp-content\/uploads\/2024\/10\/07519d63-72a5-45c3-8898-fb71f5310a10-2-768x1086.jpg 768w, https:\/\/sp84.poznan.pl\/wp-content\/uploads\/2024\/10\/07519d63-72a5-45c3-8898-fb71f5310a10-2-1086x1536.jpg 1086w, https:\/\/sp84.poznan.pl\/wp-content\/uploads\/2024\/10\/07519d63-72a5-45c3-8898-fb71f5310a10-2-1448x2048.jpg 1448w, https:\/\/sp84.poznan.pl\/wp-content\/uploads\/2024\/10\/07519d63-72a5-45c3-8898-fb71f5310a10-2-scaled.jpg 1811w\" sizes=\"(max-width: 724px) 100vw, 724px\" \/><\/figure>\n\n\n\n<figure class=\"wp-block-image size-large\"><img loading=\"lazy\" decoding=\"async\" width=\"724\" height=\"1024\" src=\"https:\/\/sp84.poznan.pl\/wp-content\/uploads\/2024\/10\/07519d63-72a5-45c3-8898-fb71f5310a10-3-724x1024.jpg\" alt=\"Informacja o sukcesach i zdj\u0119cia uczni\u00f3w.\" class=\"wp-image-3466\" srcset=\"https:\/\/sp84.poznan.pl\/wp-content\/uploads\/2024\/10\/07519d63-72a5-45c3-8898-fb71f5310a10-3-724x1024.jpg 724w, https:\/\/sp84.poznan.pl\/wp-content\/uploads\/2024\/10\/07519d63-72a5-45c3-8898-fb71f5310a10-3-212x300.jpg 212w, https:\/\/sp84.poznan.pl\/wp-content\/uploads\/2024\/10\/07519d63-72a5-45c3-8898-fb71f5310a10-3-768x1086.jpg 768w, https:\/\/sp84.poznan.pl\/wp-content\/uploads\/2024\/10\/07519d63-72a5-45c3-8898-fb71f5310a10-3-1086x1536.jpg 1086w, https:\/\/sp84.poznan.pl\/wp-content\/uploads\/2024\/10\/07519d63-72a5-45c3-8898-fb71f5310a10-3-1448x2048.jpg 1448w, https:\/\/sp84.poznan.pl\/wp-content\/uploads\/2024\/10\/07519d63-72a5-45c3-8898-fb71f5310a10-3-scaled.jpg 1811w\" sizes=\"(max-width: 724px) 100vw, 724px\" \/><\/figure>\n\n\n\n<p><\/p>\n","protected":false},"excerpt":{"rendered":"<p>Rok szkolny 2024\/2025 Olgierd z klasy 4 b zosta\u0142 laureatem XXI Mi\u0119dzyszkolnego Konkursu Ortograficznego Szk\u00f3\u0142 Podstawowych Miasta Poznania. Olgierd napisa\u0142 dyktando bezb\u0142\u0119dnie, wi\u0119c tym bardziej gratulujemy sukcesu! W roku szkolnym 2024\/2025 reprezentacja ch\u0142opc\u00f3w w pi\u0142ce r\u0119cznej zdoby\u0142a miejsca od 5-8 w Igrzyskach M\u0142odzie\u017cy Szkolnej. W rozgrywkach wzi\u0119\u0142o udzia\u0142 20 pozna\u0144skich szk\u00f3\u0142, nasi uczniowie przeszli do [&hellip;]<\/p>\n","protected":false},"author":1,"featured_media":0,"parent":0,"menu_order":0,"comment_status":"closed","ping_status":"closed","template":"","meta":{"footnotes":""},"class_list":["post-226","page","type-page","status-publish","hentry"],"_links":{"self":[{"href":"https:\/\/sp84.poznan.pl\/index.php\/wp-json\/wp\/v2\/pages\/226","targetHints":{"allow":["GET"]}}],"collection":[{"href":"https:\/\/sp84.poznan.pl\/index.php\/wp-json\/wp\/v2\/pages"}],"about":[{"href":"https:\/\/sp84.poznan.pl\/index.php\/wp-json\/wp\/v2\/types\/page"}],"author":[{"embeddable":true,"href":"https:\/\/sp84.poznan.pl\/index.php\/wp-json\/wp\/v2\/users\/1"}],"replies":[{"embeddable":true,"href":"https:\/\/sp84.poznan.pl\/index.php\/wp-json\/wp\/v2\/comments?post=226"}],"version-history":[{"count":18,"href":"https:\/\/sp84.poznan.pl\/index.php\/wp-json\/wp\/v2\/pages\/226\/revisions"}],"predecessor-version":[{"id":4764,"href":"https:\/\/sp84.poznan.pl\/index.php\/wp-json\/wp\/v2\/pages\/226\/revisions\/4764"}],"wp:attachment":[{"href":"https:\/\/sp84.poznan.pl\/index.php\/wp-json\/wp\/v2\/media?parent=226"}],"curies":[{"name":"wp","href":"https:\/\/api.w.org\/{rel}","templated":true}]}}