{"id":232,"date":"2021-07-27T10:25:46","date_gmt":"2021-07-27T08:25:46","guid":{"rendered":"http:\/\/sp84.openworld24.pl\/?page_id=232"},"modified":"2026-03-04T07:19:59","modified_gmt":"2026-03-04T06:19:59","slug":"biblioteka","status":"publish","type":"page","link":"https:\/\/sp84.poznan.pl\/index.php\/biblioteka\/","title":{"rendered":"Biblioteka"},"content":{"rendered":"\n<p style=\"font-size:20px\">Biblioteka szkolna znajduje si\u0119 w sali numer 05. W sk\u0142ad pomieszcze\u0144 biblioteki wchodzi wypo\u017cyczalnia oraz czytelnia.<br>Nasza biblioteka posiada ponad 8 500 wolumin\u00f3w.<\/p>\n\n\n\n<p style=\"font-size:20px\">W roku szkolnym 2017\/2018 nasz szko\u0142a wzi\u0119\u0142a udzia\u0142 w rz\u0105dowym programie Narodowy Program Rozwoju Czytelnictwa.<br>Z otrzymanych \u015brodk\u00f3w uda\u0142o si\u0119 naby\u0107 dla szkolnej biblioteki 986 nowo\u015bci czytelniczych wybranych przez uczni\u00f3w.&nbsp;<br>Nasza biblioteka posiada du\u017cy dzia\u0142 bajek i wierszyk\u00f3w dla najm\u0142odszych uczni\u00f3w, ksi\u0105\u017cki z gatunku fantasy, powie\u015bci obyczajowe i przygodowe, ksi\u0105\u017cki o zwierz\u0119tach oraz du\u017cy zbi\u00f3r komiks\u00f3w z serii Gigant. Ka\u017cdy znajdzie dla siebie co\u015b interesuj\u0105cego \ud83d\ude42<\/p>\n\n\n\n<p style=\"font-size:20px\">W pomieszczeniach biblioteki znajduj\u0105 si\u0119 2 stanowiska komputerowe z dost\u0119pem do Internetu, z kt\u00f3rych uczniowie mog\u0105 korzysta\u0107 w celach edukacyjnych. Panuje tutaj przyjazna atmosfera.<\/p>\n\n\n\n<p style=\"font-size:20px\">Biblioteka przez ca\u0142y rok szkolny przyjmuje dary od rodzic\u00f3w i uczni\u00f3w. Zach\u0119camy do przekazywania niepotrzebnych ksi\u0105\u017cek w dobrym stanie, kt\u00f3re wzbogac\u0105 szkolny ksi\u0119gozbi\u00f3r.<\/p>\n\n\n\n<p style=\"font-size:20px\">Biblioteka prowadzi r\u00f3wnie\u017c <a rel=\"noreferrer noopener\" href=\"http:\/\/biblioteka-szkolna84.blogspot.com\/\" target=\"_blank\"><strong>blog<\/strong><\/a>.<\/p>\n\n\n\n<p style=\"font-size:20px\">Pami\u0119taj! Kto czyta, \u017cyje podw\u00f3jnie! Zapraszamy!<\/p>\n\n\n\n<div class=\"wp-block-columns is-layout-flex wp-container-core-columns-is-layout-9d6595d7 wp-block-columns-is-layout-flex\">\n<div class=\"wp-block-column is-layout-flow wp-block-column-is-layout-flow\">\n<figure class=\"wp-block-image size-large\"><img fetchpriority=\"high\" decoding=\"async\" width=\"1024\" height=\"512\" src=\"https:\/\/sp84.poznan.pl\/wp-content\/uploads\/2025\/04\/biblioteka-1024x512.jpg\" alt=\"Pomieszczenie biblioteczne w wersji walentynkowej.\" class=\"wp-image-4558\" style=\"aspect-ratio:4\/3;object-fit:cover\" srcset=\"https:\/\/sp84.poznan.pl\/wp-content\/uploads\/2025\/04\/biblioteka-1024x512.jpg 1024w, https:\/\/sp84.poznan.pl\/wp-content\/uploads\/2025\/04\/biblioteka-300x150.jpg 300w, https:\/\/sp84.poznan.pl\/wp-content\/uploads\/2025\/04\/biblioteka-768x384.jpg 768w, https:\/\/sp84.poznan.pl\/wp-content\/uploads\/2025\/04\/biblioteka-1536x768.jpg 1536w, https:\/\/sp84.poznan.pl\/wp-content\/uploads\/2025\/04\/biblioteka-2048x1024.jpg 2048w\" sizes=\"(max-width: 1024px) 100vw, 1024px\" \/><\/figure>\n<\/div>\n\n\n\n<div class=\"wp-block-column is-layout-flow wp-block-column-is-layout-flow\">\n<figure class=\"wp-block-image size-full\"><img decoding=\"async\" width=\"666\" height=\"889\" src=\"https:\/\/sp84.poznan.pl\/wp-content\/uploads\/2025\/04\/lekcja-biblioteczna.jpg\" alt=\"Uczniowie podczas lekcji bibliotecznej.\" class=\"wp-image-4559\" style=\"aspect-ratio:4\/3;object-fit:cover\" srcset=\"https:\/\/sp84.poznan.pl\/wp-content\/uploads\/2025\/04\/lekcja-biblioteczna.jpg 666w, https:\/\/sp84.poznan.pl\/wp-content\/uploads\/2025\/04\/lekcja-biblioteczna-225x300.jpg 225w\" sizes=\"(max-width: 666px) 100vw, 666px\" \/><\/figure>\n<\/div>\n<\/div>\n\n\n\n<p class=\"has-black-color has-text-color has-link-color wp-elements-76d096729aa91b26d48a504267ac7044\" style=\"font-size:20px\"><strong>Godziny otwarcia<\/strong><br><br><strong>Biblioteka Szkolna dla uczni\u00f3w klas I \u2013 V, mieszcz\u0105ca si\u0119 w budynku przy ulicy \u015bw. Szczepana 3, czynna b\u0119dzie w podanych poni\u017cej godzinach:<\/strong><\/p>\n\n\n\n<p class=\"has-medium-font-size\">Poniedzia\u0142ek: 07:00-07:45 i 10:15-15:00<\/p>\n\n\n\n<p class=\"has-medium-font-size\">Wtorek: 07:00-07:45 i 12:15 &#8211; 15:00<\/p>\n\n\n\n<p class=\"has-medium-font-size\">\u015aroda: 07:00 &#8211; 09:15 i 13:45-14:30<\/p>\n\n\n\n<p class=\"has-medium-font-size\">Czwartek: 07:00 &#8211; 14:00<\/p>\n\n\n\n<p class=\"has-black-color has-text-color has-medium-font-size\">Pi\u0105tek: 07:00 &#8211; 11:45<\/p>\n\n\n\n<p style=\"font-size:20px\"><strong>Biblioteka Szkolna dla uczni\u00f3w klas VI \u2013 VIII, mieszcz\u0105ca si\u0119 w budynku przy ulicy \u0141ozowej 53, czynna b\u0119dzie w podanych poni\u017cej godzinach:&nbsp;<\/strong><\/p>\n\n\n\n<p class=\"has-medium-font-size\">Poniedzia\u0142ek: 08:00 &#8211; 10:00<\/p>\n\n\n\n<p class=\"has-medium-font-size\">Wtorek: 08:00 &#8211; 12:00<\/p>\n\n\n\n<p class=\"has-medium-font-size\">\u015aroda: 09:30 &#8211; 13:30<\/p>\n\n\n\n<p class=\"has-medium-font-size\">Pi\u0105tek: 12:00 &#8211; 14:30<\/p>\n\n\n\n<h3 class=\"wp-block-heading has-text-color has-link-color wp-elements-3cee8921a11367be4f3a485fbfa602bc\" id=\"regulamin-biblioteki\" style=\"color:#224363;font-size:20px\"><strong>REGULAMINY<\/strong><\/h3>\n\n\n\n<p class=\"has-black-color has-text-color has-link-color wp-elements-7813dac67b5cae2de01dc6ec1acb31d2\" style=\"font-size:20px\"><strong>REGULAMIN BIBLIOTEKI SZKO\u0141Y PODSTAWOWEJ NR 84&nbsp;<\/strong><\/p>\n\n\n\n<ol class=\"wp-block-list\">\n<li style=\"font-size:20px\">Ze zbior\u00f3w biblioteki mog\u0105 korzysta\u0107 uczniowie i nauczyciele oraz rodzice.&nbsp;&nbsp;<\/li>\n\n\n\n<li style=\"font-size:20px\">&nbsp;Jednorazowo mo\u017cna wypo\u017cycza\u0107 dwie ksi\u0105\u017cki, w tym jedn\u0105 lektur\u0119.<\/li>\n\n\n\n<li style=\"font-size:20px\">&nbsp;Lektury po\u017cyczamy na okres jednego miesi\u0105ca, a pozosta\u0142e ksi\u0105\u017cki na dwa tygodnie.<\/li>\n\n\n\n<li style=\"font-size:20px\">&nbsp;Uczniowie przygotowuj\u0105cy si\u0119 do konkurs\u00f3w, olimpiad maj\u0105 prawo wypo\u017cycza\u0107 wi\u0119ksz\u0105 ilo\u015b\u0107 ksi\u0105\u017cek.&nbsp;<\/li>\n\n\n\n<li style=\"font-size:20px\">&nbsp;W przypadku zagubienia lub zniszczenia ksi\u0105\u017cki nale\u017cy j\u0105 odkupi\u0107. Warto\u015b\u0107 ksi\u0105\u017cki ustala bibliotekarz.&nbsp;<\/li>\n\n\n\n<li style=\"font-size:20px\">&nbsp;Pod koniec roku szkolnego ksi\u0105\u017cki nale\u017cy zwr\u00f3ci\u0107 do biblioteki w og\u0142oszonym terminie.<\/li>\n\n\n\n<li style=\"font-size:20px\">&nbsp;Czytelnia czynna jest w godzinach otwarcia biblioteki.<\/li>\n\n\n\n<li style=\"font-size:20px\">&nbsp;W bibliotece obowi\u0105zuje cisza i zakaz spo\u017cywania posi\u0142k\u00f3w oraz napoj\u00f3w.&nbsp;<\/li>\n\n\n\n<li style=\"font-size:20px\">Zbiory biblioteki s\u0105 nasz\u0105 wsp\u00f3ln\u0105 w\u0142asno\u015bci\u0105. Wypo\u017cyczone ksi\u0105\u017cki nale\u017cy chroni\u0107 przed zniszczeniem i zagubieniem. &nbsp;<\/li>\n\n\n\n<li class=\"has-black-color has-text-color has-link-color wp-elements-b50ec5023ee87fe57888d8b43f878967\" style=\"font-size:20px\">&nbsp;<strong>W bibliotece nale\u017cy zachowa\u0107 cisz\u0119.<\/strong><br><br><strong>REGULAMIN PRACOWNI KOMPUTEROWEJ SZKO\u0141Y&nbsp;PODSTAWOWEJ NR 84&nbsp;<\/strong>&nbsp;<br><br>1. Stanowiska komputerowe s\u0142u\u017c\u0105 wy\u0142\u0105cznie do cel\u00f3w edukacyjnych oraz do poszukiwa\u0144 \u017ar\u00f3d\u0142owych za pomoc\u0105 Internetu.&nbsp;<br>&nbsp;2.Programy s\u0105 udost\u0119pniane jedynie na miejscu. Wyj\u0105tek stanowi\u0105 nauczyciele korzystaj\u0105cy z program\u00f3w multimedialnych.&nbsp;<br>3. Zabronione jest korzystanie z komputer\u00f3w w celach zarobkowych oraz wykonywanie prac naruszaj\u0105cych prawa autorskie.&nbsp;<br>4.Mo\u017cna korzysta\u0107 wy\u0142\u0105cznie z zainstalowanych program\u00f3w. Zabronione jest instalowanie innych program\u00f3w <br>i dokonywanie zmian w ju\u017c istniej\u0105cym programie.&nbsp;&nbsp;<br>5. Wszyscy u\u017cytkownicy powinni si\u0119 wpisa\u0107 do zeszytu odwiedzin.&nbsp;<br>6. Dla komfortu pracy wszystkich u\u017cytkownik\u00f3w w pracowni nale\u017cy zachowa\u0107 cisz\u0119.&nbsp;<br>7. Wszelkie nieprawid\u0142owo\u015bci w pracy komputera nale\u017cy zg\u0142asza\u0107 natychmiast bibliotekarzowi.&nbsp;<br>8. U\u017cytkownik powinien posiada\u0107 elementarn\u0105 znajomo\u015b\u0107 obs\u0142ugi komputera. Bibliotekarz nie ma obowi\u0105zku obs\u0142ugiwania programu stosowanego przez u\u017cytkownika lub udzielania sta\u0142ej pomocy w pracy. Mo\u017ce udzieli\u0107 pomocy, je\u015bli aktualnie dysponuje czasem.&nbsp;&nbsp;<br>9. Osoby korzystaj\u0105ce z pracowni poza godzinami obecno\u015bci bibliotekarza maj\u0105 obowi\u0105zek stosowania si\u0119 do w\/w regulaminu.&nbsp;<br>10. Niestosowanie si\u0119 w\/w punkt\u00f3w regulaminu spowoduje zakaz korzystania ze stanowisk komputerowych na okres wskazany przez nauczyciela-bibliotekarza.&nbsp;<a href=\"https:\/\/4.bp.blogspot.com\/-apWyxX6IF74\/VstgJMbnqKI\/AAAAAAAAALc\/dPcuTgBn_kM\/s1600\/komp.jpeg\"><\/a><\/li>\n<\/ol>\n\n\n\n<p><\/p>\n\n\n\n<p style=\"font-size:20px\"><strong>W przypadku zniszczenia lub zagubienia przez ucznia u\u017cyczonego podr\u0119cznika!<\/strong><br>Szko\u0142a mo\u017ce \u017c\u0105da\u0107 od rodzic\u00f3w ucznia zwrotu kosztu podr\u0119cznik\u00f3w lub materia\u0142\u00f3w edukacyjnych, zgodnie z procedur\u0105 okre\u015blon\u0105 przez dyrektora szko\u0142y. Zwrotu kosztu zakupu podr\u0119cznika lub materia\u0142u edukacyjnego zakupionego przez szko\u0142\u0119 ze \u015brodk\u00f3w dotacji celowej stanowi doch\u00f3d szko\u0142y\/jednostki samorz\u0105du terytorialnego. Podstawa prawna: <em>Art. 22ak ust. 2 i 3 pkt 1 ustawy o systemie o\u015bwiaty stanowi i\u017c szczeg\u00f3\u0142owe warunki korzystania przez uczni\u00f3w z podr\u0119cznik\u00f3w lub materia\u0142\u00f3w edukacyjnych okre\u015bla dyrektor szko\u0142y, uwzgl\u0119dniaj\u0105c konieczno\u015b\u0107 zapewnienia co najmniej trzyletniego okresu u\u017cywania tych podr\u0119cznik\u00f3w lub materia\u0142\u00f3w. W przypadku uszkodzenia, zniszczenia lub niezwr\u00f3cenia podr\u0119cznika lub materia\u0142u edukacyjnego szko\u0142a podstawowa i gimnazjum mo\u017ce \u017c\u0105da\u0107 od rodzic\u00f3w ucznia zwrotu kosztu zakupu podr\u0119cznika lub materia\u0142u edukacyjnego.&nbsp;<\/em><\/p>\n\n\n\n<p><\/p>\n","protected":false},"excerpt":{"rendered":"<p>Biblioteka szkolna znajduje si\u0119 w sali numer 05. W sk\u0142ad pomieszcze\u0144 biblioteki wchodzi wypo\u017cyczalnia oraz czytelnia.Nasza biblioteka posiada ponad 8 500 wolumin\u00f3w. W roku szkolnym 2017\/2018 nasz szko\u0142a wzi\u0119\u0142a udzia\u0142 w rz\u0105dowym programie Narodowy Program Rozwoju Czytelnictwa.Z otrzymanych \u015brodk\u00f3w uda\u0142o si\u0119 naby\u0107 dla szkolnej biblioteki 986 nowo\u015bci czytelniczych wybranych przez uczni\u00f3w.&nbsp;Nasza biblioteka posiada du\u017cy dzia\u0142 [&hellip;]<\/p>\n","protected":false},"author":1,"featured_media":0,"parent":0,"menu_order":0,"comment_status":"closed","ping_status":"closed","template":"","meta":{"footnotes":""},"class_list":["post-232","page","type-page","status-publish","hentry"],"_links":{"self":[{"href":"https:\/\/sp84.poznan.pl\/index.php\/wp-json\/wp\/v2\/pages\/232","targetHints":{"allow":["GET"]}}],"collection":[{"href":"https:\/\/sp84.poznan.pl\/index.php\/wp-json\/wp\/v2\/pages"}],"about":[{"href":"https:\/\/sp84.poznan.pl\/index.php\/wp-json\/wp\/v2\/types\/page"}],"author":[{"embeddable":true,"href":"https:\/\/sp84.poznan.pl\/index.php\/wp-json\/wp\/v2\/users\/1"}],"replies":[{"embeddable":true,"href":"https:\/\/sp84.poznan.pl\/index.php\/wp-json\/wp\/v2\/comments?post=232"}],"version-history":[{"count":35,"href":"https:\/\/sp84.poznan.pl\/index.php\/wp-json\/wp\/v2\/pages\/232\/revisions"}],"predecessor-version":[{"id":5779,"href":"https:\/\/sp84.poznan.pl\/index.php\/wp-json\/wp\/v2\/pages\/232\/revisions\/5779"}],"wp:attachment":[{"href":"https:\/\/sp84.poznan.pl\/index.php\/wp-json\/wp\/v2\/media?parent=232"}],"curies":[{"name":"wp","href":"https:\/\/api.w.org\/{rel}","templated":true}]}}