{"id":236,"date":"2021-07-27T10:26:33","date_gmt":"2021-07-27T08:26:33","guid":{"rendered":"http:\/\/sp84.openworld24.pl\/?page_id=236"},"modified":"2025-11-17T12:01:39","modified_gmt":"2025-11-17T11:01:39","slug":"pomoc-psychologiczno-pedagogiczna","status":"publish","type":"page","link":"https:\/\/sp84.poznan.pl\/index.php\/pomoc-psychologiczno-pedagogiczna\/","title":{"rendered":"Pomoc Psychologiczno-Pedagogiczna"},"content":{"rendered":"\n<figure><\/figure>\n\n\n\n<figure><\/figure>\n\n\n\n<figure><\/figure>\n\n\n\n<p>\n\n\n\n<\/p>\n\n\n\n<p>Pomoc\u0105 psychologiczno &#8211; pedagogiczn\u0105 mog\u0105 by\u0107 obj\u0119ci&nbsp; wszyscy potrzebuj\u0105cy&nbsp; wsparcia&nbsp; uczniowie, a w&nbsp; &nbsp;szczeg\u00f3lno\u015bci z trudno\u015bciami&nbsp; wynikaj\u0105cymi z:<br>&#8211; z niepe\u0142nosprawno\u015bci,<br>&#8211; z niedostosowania&nbsp; spo\u0142ecznego,<br>&#8211; z zagro\u017cenia niedostosowaniem spo\u0142ecznym,<br>&#8211; z zaburze\u0144 zachowania lub emocji,<br>&#8211; ze szczeg\u00f3lnych uzdolnie\u0144,<br>&#8211; ze specyficznych trudno\u015bci w uczeniu si\u0119,<br>&#8211; z deficyt\u00f3w kompetencji i zaburze\u0144 sprawno\u015bci&nbsp; &nbsp; j\u0119zykowych,<br>&#8211; z choroby przewlek\u0142ej,<br>&#8211; z sytuacji kryzysowych lub traumatycznych,<\/p>\n\n\n\n<p>&#8211; z niepowodze\u0144 edukacyjnych,<br>&#8211; z zaniedba\u0144 \u015brodowiskowych zwi\u0105zanych z sytuacj\u0105 bytow\u0105 ucznia i jego rodziny, sposobem sp\u0119dzania czasu wolnego i kontaktami \u015brodowiskowymi,<\/p>\n\n\n\n<p>&#8211; z trudno\u015bci adaptacyjnych zwi\u0105zanych z r\u00f3\u017cnicami kulturowymi lub ze zmian\u0105 \u015brodowiska edukacyjnego, w tym zwi\u0105zanych z wcze\u015bniejszym kszta\u0142ceniem za granic\u0105.<\/p>\n\n\n\n<p>\n\n\n\n<\/p>\n\n\n\n<p>Pomoc psychologiczno &#8211; pedagogiczna jest udzielana rodzicom uczni\u00f3w i nauczycielom w formie porad, konsultacji, warsztat\u00f3w.<\/p>\n\n\n\n<p>\n\n\n\n<\/p>\n\n\n\n<p><strong>Godziny pracy Psychologa i Pedagoga w budynku szko\u0142y przy ul. \u015bw. Szczepana (klasy 1 &#8211; 5):<\/strong><\/p>\n\n\n\n<p>\n\n\n\n<\/p>\n\n\n\n<p><strong>Pedagog<\/strong><\/p>\n\n\n\n<p>\n\n\n\n<\/p>\n\n\n\n<p><strong>Karina Witkowska- Choma<\/strong><br>Poniedzia\u0142ek: 12.30-15.00<\/p>\n\n\n\n<p>Wtorek: 11.00-14.00<\/p>\n\n\n\n<p>\u015aroda: 8.00-14.00<\/p>\n\n\n\n<p>Czwartek: 13.00-17.00<\/p>\n\n\n\n<p>Pi\u0105tek: 8.00-13.00<\/p>\n\n\n\n<p><strong>Psycholog<\/strong><\/p>\n\n\n\n<p><strong>Dominika Kluj<\/strong><\/p>\n\n\n\n<p>\n\n\n\n<\/p>\n\n\n\n<p>\n\n\n\n<\/p>\n\n\n\n<p>Poniedzia\u0142ek: 8.00 &#8211; 16.00<\/p>\n\n\n\n<p>Wtorek: 8.00 &#8211; 15.00<\/p>\n\n\n\n<p>Czwartek: 8.00 &#8211; 15.00<\/p>\n\n\n\n<p>\n\n\n\n<\/p>\n\n\n\n<p>\n\n\n\n<\/p>\n\n\n\n<p><strong>Godziny pracy Psychologa i Pedagoga w budynku szko\u0142y przy ul. \u0141ozowej (klasy 6-8):<\/strong><\/p>\n\n\n\n<p>\n\n\n\n<\/p>\n\n\n\n<p><strong>Pedagog<\/strong><\/p>\n\n\n\n<p>\n\n\n\n<\/p>\n\n\n\n<p><strong>Agnieszka Nawrocka<\/strong><\/p>\n\n\n\n<p>\n\n\n\n<\/p>\n\n\n\n<p>Poniedzia\u0142ek: 8.00 &#8211; 12.00 <\/p>\n\n\n\n<p>Wtorek: 8.00 &#8211; 12.00<br>\u015aroda: 8.00 &#8211; 12.30<br>Czwartek: 12.00 &#8211; 16.00<\/p>\n\n\n\n<p>\n\n\n\n<\/p>\n\n\n\n<p><strong>Psycholog<br><\/strong><strong>Dominika Kluj<\/strong><\/p>\n\n\n\n<p>\u015aroda: 8.00 &#8211; 13.25<br>Pi\u0105tek: 8.00 &#8211; 13.25<\/p>\n\n\n\n<p>\n\n\n\n<\/p>\n\n\n\n<p>\n\n\n<\/p>\n<p><!-- \/wp:post-content --><\/p>\n\n<!-- wp:paragraph -->\n<p><\/p>\n<!-- \/wp:paragraph -->","protected":false},"excerpt":{"rendered":"<p>Pomoc\u0105 psychologiczno &#8211; pedagogiczn\u0105 mog\u0105 by\u0107 obj\u0119ci&nbsp; wszyscy potrzebuj\u0105cy&nbsp; wsparcia&nbsp; uczniowie, a w&nbsp; &nbsp;szczeg\u00f3lno\u015bci z trudno\u015bciami&nbsp; wynikaj\u0105cymi z:&#8211; z niepe\u0142nosprawno\u015bci,&#8211; z niedostosowania&nbsp; spo\u0142ecznego,&#8211; z zagro\u017cenia niedostosowaniem spo\u0142ecznym,&#8211; z zaburze\u0144 zachowania lub emocji,&#8211; ze szczeg\u00f3lnych uzdolnie\u0144,&#8211; ze specyficznych trudno\u015bci w uczeniu si\u0119,&#8211; z deficyt\u00f3w kompetencji i zaburze\u0144 sprawno\u015bci&nbsp; &nbsp; j\u0119zykowych,&#8211; z choroby przewlek\u0142ej,&#8211; z sytuacji kryzysowych [&hellip;]<\/p>\n","protected":false},"author":1,"featured_media":517,"parent":0,"menu_order":0,"comment_status":"closed","ping_status":"closed","template":"","meta":{"footnotes":""},"class_list":["post-236","page","type-page","status-publish","has-post-thumbnail","hentry"],"_links":{"self":[{"href":"https:\/\/sp84.poznan.pl\/index.php\/wp-json\/wp\/v2\/pages\/236","targetHints":{"allow":["GET"]}}],"collection":[{"href":"https:\/\/sp84.poznan.pl\/index.php\/wp-json\/wp\/v2\/pages"}],"about":[{"href":"https:\/\/sp84.poznan.pl\/index.php\/wp-json\/wp\/v2\/types\/page"}],"author":[{"embeddable":true,"href":"https:\/\/sp84.poznan.pl\/index.php\/wp-json\/wp\/v2\/users\/1"}],"replies":[{"embeddable":true,"href":"https:\/\/sp84.poznan.pl\/index.php\/wp-json\/wp\/v2\/comments?post=236"}],"version-history":[{"count":62,"href":"https:\/\/sp84.poznan.pl\/index.php\/wp-json\/wp\/v2\/pages\/236\/revisions"}],"predecessor-version":[{"id":5406,"href":"https:\/\/sp84.poznan.pl\/index.php\/wp-json\/wp\/v2\/pages\/236\/revisions\/5406"}],"wp:featuredmedia":[{"embeddable":true,"href":"https:\/\/sp84.poznan.pl\/index.php\/wp-json\/wp\/v2\/media\/517"}],"wp:attachment":[{"href":"https:\/\/sp84.poznan.pl\/index.php\/wp-json\/wp\/v2\/media?parent=236"}],"curies":[{"name":"wp","href":"https:\/\/api.w.org\/{rel}","templated":true}]}}