{"id":238,"date":"2021-07-27T10:26:53","date_gmt":"2021-07-27T08:26:53","guid":{"rendered":"http:\/\/sp84.openworld24.pl\/?page_id=238"},"modified":"2025-04-09T20:31:24","modified_gmt":"2025-04-09T18:31:24","slug":"szkola-promujaca-zdrowie","status":"publish","type":"page","link":"https:\/\/sp84.poznan.pl\/index.php\/szkola-promujaca-zdrowie\/","title":{"rendered":"Szko\u0142a promuj\u0105ca zdrowie"},"content":{"rendered":"<div class=\"wp-block-image\">\n<figure class=\"aligncenter size-medium\"><img fetchpriority=\"high\" decoding=\"async\" width=\"300\" height=\"300\" src=\"http:\/\/sp84.poznan.pl\/wp-content\/uploads\/2022\/02\/1BA6E504-CDD4-4FE8-B525-EF59C319ADA2-300x300.jpeg\" alt=\"\" class=\"wp-image-1046\" srcset=\"https:\/\/sp84.poznan.pl\/wp-content\/uploads\/2022\/02\/1BA6E504-CDD4-4FE8-B525-EF59C319ADA2-300x300.jpeg 300w, https:\/\/sp84.poznan.pl\/wp-content\/uploads\/2022\/02\/1BA6E504-CDD4-4FE8-B525-EF59C319ADA2-150x150.jpeg 150w, https:\/\/sp84.poznan.pl\/wp-content\/uploads\/2022\/02\/1BA6E504-CDD4-4FE8-B525-EF59C319ADA2.jpeg 640w\" sizes=\"(max-width: 300px) 100vw, 300px\" \/><\/figure>\n<\/div>\n\n\n<p class=\"has-text-align-center\"><\/p>\n\n\n\n<p><br><\/p>\n\n\n\n<p class=\"has-text-align-left\" style=\"font-size:18px\">Projekt Szko\u0142a Promuj\u0105ca Zdrowie realizowany w naszej szkole koncentruje swoje dzia\u0142ania wok\u00f3\u0142 tematyki zdrowia. Inicjatywy, kt\u00f3re podejmowane s\u0105 w ramach projektu maj\u0105 na celu kszta\u0142towanie umiej\u0119tno\u015bci dbania o w\u0142asne zdrowie, zar\u00f3wno w aspekcie fizycznym jak i psychicznym. Wzbudzamy zainteresowanie tematyk\u0105 zdrowotn\u0105 poprzez r\u00f3\u017cnego rodzaju projekty, jak np. Tydzie\u0144 M\u00f3zgu czy Tydzie\u0144 Zdrowia, przeprowadzamy ankiety dotycz\u0105ce samopoczucia uczni\u00f3w i sposob\u00f3w sp\u0119dzania czasu wolnego poza szko\u0142\u0105. Umo\u017cliwiamy uczniom rozw\u00f3j ich potencja\u0142u fizycznego i psychicznego oraz wyposa\u017camy w wiedz\u0119 i umiej\u0119tno\u015bci niezb\u0119dne do podejmowania wybor\u00f3w maj\u0105cych na celu popraw\u0119 w\u0142asnego zdrowia. Wsp\u00f3lnie chcemy tworzy\u0107 \u015brodowisko, kt\u00f3re sprzyja zdrowiu jak i dobremu samopoczuciu. Wierzymy zatem, ze wyrobienie dobrych nawyk\u00f3w, zaprocentuje w przysz\u0142o\u015bci.<\/p>\n\n\n\n<div class=\"wp-block-columns is-layout-flex wp-container-core-columns-is-layout-9d6595d7 wp-block-columns-is-layout-flex\">\n<div class=\"wp-block-column is-layout-flow wp-block-column-is-layout-flow\">\n<figure class=\"wp-block-image size-large\"><img decoding=\"async\" width=\"768\" height=\"1024\" src=\"https:\/\/sp84.poznan.pl\/wp-content\/uploads\/2025\/04\/1.1-1-768x1024.jpg\" alt=\"Dzieci rozwi\u0105zuj\u0105 zagadk\u0119\" class=\"wp-image-4646\" srcset=\"https:\/\/sp84.poznan.pl\/wp-content\/uploads\/2025\/04\/1.1-1-768x1024.jpg 768w, https:\/\/sp84.poznan.pl\/wp-content\/uploads\/2025\/04\/1.1-1-225x300.jpg 225w, https:\/\/sp84.poznan.pl\/wp-content\/uploads\/2025\/04\/1.1-1-1152x1536.jpg 1152w, https:\/\/sp84.poznan.pl\/wp-content\/uploads\/2025\/04\/1.1-1.jpg 1536w\" sizes=\"(max-width: 768px) 100vw, 768px\" \/><\/figure>\n<\/div>\n\n\n\n<div class=\"wp-block-column is-layout-flow wp-block-column-is-layout-flow\">\n<figure class=\"wp-block-image size-large\"><img decoding=\"async\" width=\"768\" height=\"1024\" src=\"https:\/\/sp84.poznan.pl\/wp-content\/uploads\/2025\/04\/1.2-1-768x1024.jpg\" alt=\"Dzieci rozwi\u0105zuj\u0105 zagadk\u0119\" class=\"wp-image-4647\" srcset=\"https:\/\/sp84.poznan.pl\/wp-content\/uploads\/2025\/04\/1.2-1-768x1024.jpg 768w, https:\/\/sp84.poznan.pl\/wp-content\/uploads\/2025\/04\/1.2-1-225x300.jpg 225w, https:\/\/sp84.poznan.pl\/wp-content\/uploads\/2025\/04\/1.2-1-1152x1536.jpg 1152w, https:\/\/sp84.poznan.pl\/wp-content\/uploads\/2025\/04\/1.2-1.jpg 1536w\" sizes=\"(max-width: 768px) 100vw, 768px\" \/><\/figure>\n<\/div>\n\n\n\n<div class=\"wp-block-column is-layout-flow wp-block-column-is-layout-flow\">\n<figure class=\"wp-block-image size-large\"><img loading=\"lazy\" decoding=\"async\" width=\"768\" height=\"1024\" src=\"https:\/\/sp84.poznan.pl\/wp-content\/uploads\/2025\/04\/1.3-1-768x1024.jpg\" alt=\"Dzieci rozwi\u0105zuj\u0105 zagadk\u0119\" class=\"wp-image-4648\" srcset=\"https:\/\/sp84.poznan.pl\/wp-content\/uploads\/2025\/04\/1.3-1-768x1024.jpg 768w, https:\/\/sp84.poznan.pl\/wp-content\/uploads\/2025\/04\/1.3-1-225x300.jpg 225w, https:\/\/sp84.poznan.pl\/wp-content\/uploads\/2025\/04\/1.3-1-1152x1536.jpg 1152w, https:\/\/sp84.poznan.pl\/wp-content\/uploads\/2025\/04\/1.3-1.jpg 1536w\" sizes=\"(max-width: 768px) 100vw, 768px\" \/><\/figure>\n<\/div>\n<\/div>\n\n\n\n<p class=\"has-text-align-center\"><br><\/p>\n\n\n\n<div class=\"wp-block-columns is-layout-flex wp-container-core-columns-is-layout-9d6595d7 wp-block-columns-is-layout-flex\">\n<div class=\"wp-block-column is-layout-flow wp-block-column-is-layout-flow\">\n<figure class=\"wp-block-image size-large\"><img loading=\"lazy\" decoding=\"async\" width=\"595\" height=\"1024\" src=\"https:\/\/sp84.poznan.pl\/wp-content\/uploads\/2025\/04\/1.4-3-595x1024.jpg\" alt=\"Plakat informuj\u0105cy o tygodniu m\u00f3zgu\" class=\"wp-image-4650\" style=\"aspect-ratio:2\/3;object-fit:cover\" srcset=\"https:\/\/sp84.poznan.pl\/wp-content\/uploads\/2025\/04\/1.4-3-595x1024.jpg 595w, https:\/\/sp84.poznan.pl\/wp-content\/uploads\/2025\/04\/1.4-3-174x300.jpg 174w, https:\/\/sp84.poznan.pl\/wp-content\/uploads\/2025\/04\/1.4-3-768x1322.jpg 768w, https:\/\/sp84.poznan.pl\/wp-content\/uploads\/2025\/04\/1.4-3-893x1536.jpg 893w, https:\/\/sp84.poznan.pl\/wp-content\/uploads\/2025\/04\/1.4-3.jpg 1190w\" sizes=\"(max-width: 595px) 100vw, 595px\" \/><\/figure>\n<\/div>\n\n\n\n<div class=\"wp-block-column is-layout-flow wp-block-column-is-layout-flow\">\n<figure class=\"wp-block-image size-large\"><img loading=\"lazy\" decoding=\"async\" width=\"716\" height=\"1024\" src=\"https:\/\/sp84.poznan.pl\/wp-content\/uploads\/2025\/04\/1.5-2-716x1024.jpg\" alt=\"Dzieci ogl\u0105daj\u0105 film o m\u00f3zgu\" class=\"wp-image-4651\" style=\"aspect-ratio:2\/3;object-fit:cover\" srcset=\"https:\/\/sp84.poznan.pl\/wp-content\/uploads\/2025\/04\/1.5-2-716x1024.jpg 716w, https:\/\/sp84.poznan.pl\/wp-content\/uploads\/2025\/04\/1.5-2-210x300.jpg 210w, https:\/\/sp84.poznan.pl\/wp-content\/uploads\/2025\/04\/1.5-2-768x1098.jpg 768w, https:\/\/sp84.poznan.pl\/wp-content\/uploads\/2025\/04\/1.5-2-1074x1536.jpg 1074w, https:\/\/sp84.poznan.pl\/wp-content\/uploads\/2025\/04\/1.5-2.jpg 1301w\" sizes=\"(max-width: 716px) 100vw, 716px\" \/><\/figure>\n<\/div>\n\n\n\n<div class=\"wp-block-column is-layout-flow wp-block-column-is-layout-flow\">\n<figure class=\"wp-block-image size-large\"><img loading=\"lazy\" decoding=\"async\" width=\"771\" height=\"1024\" src=\"https:\/\/sp84.poznan.pl\/wp-content\/uploads\/2025\/04\/1.6-2-771x1024.jpg\" alt=\"Ch\u0142opiec rozwi\u0105zuj\u0105 zagadk\u0119\" class=\"wp-image-4652\" style=\"aspect-ratio:2\/3;object-fit:cover\" srcset=\"https:\/\/sp84.poznan.pl\/wp-content\/uploads\/2025\/04\/1.6-2-771x1024.jpg 771w, https:\/\/sp84.poznan.pl\/wp-content\/uploads\/2025\/04\/1.6-2-226x300.jpg 226w, https:\/\/sp84.poznan.pl\/wp-content\/uploads\/2025\/04\/1.6-2-768x1020.jpg 768w, https:\/\/sp84.poznan.pl\/wp-content\/uploads\/2025\/04\/1.6-2-1157x1536.jpg 1157w, https:\/\/sp84.poznan.pl\/wp-content\/uploads\/2025\/04\/1.6-2.jpg 1536w\" sizes=\"(max-width: 771px) 100vw, 771px\" \/><\/figure>\n<\/div>\n<\/div>\n\n\n\n<div class=\"wp-block-columns is-layout-flex wp-container-core-columns-is-layout-9d6595d7 wp-block-columns-is-layout-flex\">\n<div class=\"wp-block-column is-layout-flow wp-block-column-is-layout-flow\">\n<figure class=\"wp-block-image size-large\"><img loading=\"lazy\" decoding=\"async\" width=\"771\" height=\"1024\" src=\"https:\/\/sp84.poznan.pl\/wp-content\/uploads\/2025\/04\/1.7-2-771x1024.jpg\" alt=\"Dzieci rozwi\u0105zuj\u0105 zagadk\u0119\" class=\"wp-image-4653\" srcset=\"https:\/\/sp84.poznan.pl\/wp-content\/uploads\/2025\/04\/1.7-2-771x1024.jpg 771w, https:\/\/sp84.poznan.pl\/wp-content\/uploads\/2025\/04\/1.7-2-226x300.jpg 226w, https:\/\/sp84.poznan.pl\/wp-content\/uploads\/2025\/04\/1.7-2-768x1020.jpg 768w, https:\/\/sp84.poznan.pl\/wp-content\/uploads\/2025\/04\/1.7-2-1157x1536.jpg 1157w, https:\/\/sp84.poznan.pl\/wp-content\/uploads\/2025\/04\/1.7-2.jpg 1536w\" sizes=\"(max-width: 771px) 100vw, 771px\" \/><\/figure>\n<\/div>\n\n\n\n<div class=\"wp-block-column is-layout-flow wp-block-column-is-layout-flow\">\n<figure class=\"wp-block-image size-large\"><img loading=\"lazy\" decoding=\"async\" width=\"771\" height=\"1024\" src=\"https:\/\/sp84.poznan.pl\/wp-content\/uploads\/2025\/04\/1.8-2-771x1024.jpg\" alt=\"Dzieci rozwi\u0105zuj\u0105 zagadk\u0119\" class=\"wp-image-4654\" srcset=\"https:\/\/sp84.poznan.pl\/wp-content\/uploads\/2025\/04\/1.8-2-771x1024.jpg 771w, https:\/\/sp84.poznan.pl\/wp-content\/uploads\/2025\/04\/1.8-2-226x300.jpg 226w, https:\/\/sp84.poznan.pl\/wp-content\/uploads\/2025\/04\/1.8-2-768x1021.jpg 768w, https:\/\/sp84.poznan.pl\/wp-content\/uploads\/2025\/04\/1.8-2-1156x1536.jpg 1156w, https:\/\/sp84.poznan.pl\/wp-content\/uploads\/2025\/04\/1.8-2.jpg 1204w\" sizes=\"(max-width: 771px) 100vw, 771px\" \/><\/figure>\n<\/div>\n\n\n\n<div class=\"wp-block-column is-layout-flow wp-block-column-is-layout-flow\">\n<figure class=\"wp-block-image size-large\"><img loading=\"lazy\" decoding=\"async\" width=\"771\" height=\"1024\" src=\"https:\/\/sp84.poznan.pl\/wp-content\/uploads\/2025\/04\/1.9-2-771x1024.jpg\" alt=\"Dzieci rozwi\u0105zuj\u0105 zagadk\u0119\" class=\"wp-image-4655\" srcset=\"https:\/\/sp84.poznan.pl\/wp-content\/uploads\/2025\/04\/1.9-2-771x1024.jpg 771w, https:\/\/sp84.poznan.pl\/wp-content\/uploads\/2025\/04\/1.9-2-226x300.jpg 226w, https:\/\/sp84.poznan.pl\/wp-content\/uploads\/2025\/04\/1.9-2-768x1021.jpg 768w, https:\/\/sp84.poznan.pl\/wp-content\/uploads\/2025\/04\/1.9-2-1156x1536.jpg 1156w, https:\/\/sp84.poznan.pl\/wp-content\/uploads\/2025\/04\/1.9-2.jpg 1204w\" sizes=\"(max-width: 771px) 100vw, 771px\" \/><\/figure>\n<\/div>\n<\/div>\n","protected":false},"excerpt":{"rendered":"<p>Projekt Szko\u0142a Promuj\u0105ca Zdrowie realizowany w naszej szkole koncentruje swoje dzia\u0142ania wok\u00f3\u0142 tematyki zdrowia. Inicjatywy, kt\u00f3re podejmowane s\u0105 w ramach projektu maj\u0105 na celu kszta\u0142towanie umiej\u0119tno\u015bci dbania o w\u0142asne zdrowie, zar\u00f3wno w aspekcie fizycznym jak i psychicznym. Wzbudzamy zainteresowanie tematyk\u0105 zdrowotn\u0105 poprzez r\u00f3\u017cnego rodzaju projekty, jak np. Tydzie\u0144 M\u00f3zgu czy Tydzie\u0144 Zdrowia, przeprowadzamy ankiety dotycz\u0105ce [&hellip;]<\/p>\n","protected":false},"author":1,"featured_media":0,"parent":0,"menu_order":0,"comment_status":"closed","ping_status":"closed","template":"","meta":{"footnotes":""},"class_list":["post-238","page","type-page","status-publish","hentry"],"_links":{"self":[{"href":"https:\/\/sp84.poznan.pl\/index.php\/wp-json\/wp\/v2\/pages\/238","targetHints":{"allow":["GET"]}}],"collection":[{"href":"https:\/\/sp84.poznan.pl\/index.php\/wp-json\/wp\/v2\/pages"}],"about":[{"href":"https:\/\/sp84.poznan.pl\/index.php\/wp-json\/wp\/v2\/types\/page"}],"author":[{"embeddable":true,"href":"https:\/\/sp84.poznan.pl\/index.php\/wp-json\/wp\/v2\/users\/1"}],"replies":[{"embeddable":true,"href":"https:\/\/sp84.poznan.pl\/index.php\/wp-json\/wp\/v2\/comments?post=238"}],"version-history":[{"count":8,"href":"https:\/\/sp84.poznan.pl\/index.php\/wp-json\/wp\/v2\/pages\/238\/revisions"}],"predecessor-version":[{"id":4675,"href":"https:\/\/sp84.poznan.pl\/index.php\/wp-json\/wp\/v2\/pages\/238\/revisions\/4675"}],"wp:attachment":[{"href":"https:\/\/sp84.poznan.pl\/index.php\/wp-json\/wp\/v2\/media?parent=238"}],"curies":[{"name":"wp","href":"https:\/\/api.w.org\/{rel}","templated":true}]}}