{"id":254,"date":"2021-07-27T10:28:41","date_gmt":"2021-07-27T08:28:41","guid":{"rendered":"http:\/\/sp84.openworld24.pl\/?page_id=254"},"modified":"2021-07-27T10:36:35","modified_gmt":"2021-07-27T08:36:35","slug":"archiwum-aktualnosci","status":"publish","type":"page","link":"https:\/\/sp84.poznan.pl\/index.php\/archiwum-aktualnosci\/","title":{"rendered":"Archiwum aktualno\u015bci"},"content":{"rendered":"\t\t<div data-elementor-type=\"wp-page\" data-elementor-id=\"254\" class=\"elementor elementor-254\" data-elementor-post-type=\"page\">\n\t\t\t\t\t\t<section class=\"elementor-section elementor-top-section elementor-element elementor-element-335a889 elementor-section-boxed elementor-section-height-default elementor-section-height-default\" data-id=\"335a889\" data-element_type=\"section\" data-e-type=\"section\">\n\t\t\t\t\t\t<div class=\"elementor-container elementor-column-gap-default\">\n\t\t\t\t\t<div class=\"elementor-column elementor-col-100 elementor-top-column elementor-element elementor-element-ae8b8f4\" data-id=\"ae8b8f4\" data-element_type=\"column\" data-e-type=\"column\">\n\t\t\t<div class=\"elementor-widget-wrap elementor-element-populated\">\n\t\t\t\t\t\t<div class=\"elementor-element elementor-element-03eab33 elementor-posts--thumbnail-none elementor-posts--align-center elementor-grid-3 elementor-grid-tablet-2 elementor-grid-mobile-1 elementor-card-shadow-yes elementor-posts__hover-gradient elementor-widget elementor-widget-posts\" data-id=\"03eab33\" data-element_type=\"widget\" data-e-type=\"widget\" data-settings=\"{&quot;pagination_type&quot;:&quot;numbers_and_prev_next&quot;,&quot;cards_columns&quot;:&quot;3&quot;,&quot;cards_columns_tablet&quot;:&quot;2&quot;,&quot;cards_columns_mobile&quot;:&quot;1&quot;,&quot;cards_row_gap&quot;:{&quot;unit&quot;:&quot;px&quot;,&quot;size&quot;:35,&quot;sizes&quot;:[]},&quot;cards_row_gap_tablet&quot;:{&quot;unit&quot;:&quot;px&quot;,&quot;size&quot;:&quot;&quot;,&quot;sizes&quot;:[]},&quot;cards_row_gap_mobile&quot;:{&quot;unit&quot;:&quot;px&quot;,&quot;size&quot;:&quot;&quot;,&quot;sizes&quot;:[]}}\" data-widget_type=\"posts.cards\">\n\t\t\t\t<div class=\"elementor-widget-container\">\n\t\t\t\t\t\t\t<div class=\"elementor-posts-container elementor-posts elementor-posts--skin-cards elementor-grid\" role=\"list\">\n\t\t\t\t<article class=\"elementor-post elementor-grid-item post-6039 post type-post status-publish format-standard hentry category-bez-kategorii\" role=\"listitem\">\n\t\t\t<div class=\"elementor-post__card\">\n\t\t\t\t<div class=\"elementor-post__text\">\n\t\t\t\t<h3 class=\"elementor-post__title\">\n\t\t\t<a href=\"https:\/\/sp84.poznan.pl\/index.php\/2026\/04\/14\/sukcesy-naszych-uczniow\/\" >\n\t\t\t\tSukcesy Naszych Uczni\u00f3w\t\t\t<\/a>\n\t\t<\/h3>\n\t\t\t\t<div class=\"elementor-post__excerpt\">\n\t\t\t<p>Dzielimy si\u0119 wielk\u0105 rado\u015bci\u0105 ze sportowych sukces\u00f3w naszych uczni\u00f3w, kt\u00f3rzy wzi\u0119li udzia\u0142 w Mistrzostwach Polski M\u0142odzik\u00f3w w hokeju na lodzie. \ud83c\udfd2Kazimierz Bandurski i Pawe\u0142 \u0141awrynowicz<\/p>\n\t\t<\/div>\n\t\t\n\t\t<a class=\"elementor-post__read-more\" href=\"https:\/\/sp84.poznan.pl\/index.php\/2026\/04\/14\/sukcesy-naszych-uczniow\/\" aria-label=\"Read more about Sukcesy Naszych Uczni\u00f3w\" tabindex=\"-1\" >\n\t\t\tCzytaj wi\u0119cej \u00bb\t\t<\/a>\n\n\t\t\t\t<\/div>\n\t\t\t\t<div class=\"elementor-post__meta-data\">\n\t\t\t\t\t<span class=\"elementor-post-date\">\n\t\t\t14 kwietnia 2026\t\t<\/span>\n\t\t\t\t<\/div>\n\t\t\t\t\t<\/div>\n\t\t<\/article>\n\t\t\t\t<article class=\"elementor-post elementor-grid-item post-6028 post type-post status-publish format-standard has-post-thumbnail hentry category-bez-kategorii\" role=\"listitem\">\n\t\t\t<div class=\"elementor-post__card\">\n\t\t\t\t<div class=\"elementor-post__text\">\n\t\t\t\t<h3 class=\"elementor-post__title\">\n\t\t\t<a href=\"https:\/\/sp84.poznan.pl\/index.php\/2026\/04\/13\/7a-w-lesnej-akcji\/\" >\n\t\t\t\t7a w le\u015bnej akcji\t\t\t<\/a>\n\t\t<\/h3>\n\t\t\t\t<div class=\"elementor-post__excerpt\">\n\t\t\t<p>31 marca klasa 7a bra\u0142a udzia\u0142 w wiosennej edycji zaj\u0119\u0107 przyrodniczo-survivalowych w D\u0119binie. Tym razem r\u00f3wnie\u017c poznawali\u015bmy przyrod\u0119 wieloma zmys\u0142ami, dotyk pozwoli\u0142 nam przej\u015b\u0107 tor<\/p>\n\t\t<\/div>\n\t\t\n\t\t<a class=\"elementor-post__read-more\" href=\"https:\/\/sp84.poznan.pl\/index.php\/2026\/04\/13\/7a-w-lesnej-akcji\/\" aria-label=\"Read more about 7a w le\u015bnej akcji\" tabindex=\"-1\" >\n\t\t\tCzytaj wi\u0119cej \u00bb\t\t<\/a>\n\n\t\t\t\t<\/div>\n\t\t\t\t<div class=\"elementor-post__meta-data\">\n\t\t\t\t\t<span class=\"elementor-post-date\">\n\t\t\t13 kwietnia 2026\t\t<\/span>\n\t\t\t\t<\/div>\n\t\t\t\t\t<\/div>\n\t\t<\/article>\n\t\t\t\t<article class=\"elementor-post elementor-grid-item post-6006 post type-post status-publish format-standard has-post-thumbnail hentry category-bez-kategorii\" role=\"listitem\">\n\t\t\t<div class=\"elementor-post__card\">\n\t\t\t\t<div class=\"elementor-post__text\">\n\t\t\t\t<h3 class=\"elementor-post__title\">\n\t\t\t<a href=\"https:\/\/sp84.poznan.pl\/index.php\/2026\/04\/11\/gosc-specjalny-w-klasach-1a-i-4b\/\" >\n\t\t\t\t\u00a0Go\u015b\u0107 specjalny w klasach 1a i 4b!\t\t\t<\/a>\n\t\t<\/h3>\n\t\t\t\t<div class=\"elementor-post__excerpt\">\n\t\t\t<p>Ale to by\u0142 dzie\u0144!&nbsp; &nbsp;Go\u015b\u0107 specjalny w klasach 1a i 4b! Czy mo\u017cna mie\u0107 fajniejsz\u0105 lekcj\u0119 ni\u017c spotkanie z\u2026 prawdziwym \u017co\u0142nierzem?&nbsp; Nasz go\u015b\u0107 opowiedzia\u0142 uczniom,<\/p>\n\t\t<\/div>\n\t\t\n\t\t<a class=\"elementor-post__read-more\" href=\"https:\/\/sp84.poznan.pl\/index.php\/2026\/04\/11\/gosc-specjalny-w-klasach-1a-i-4b\/\" aria-label=\"Read more about \u00a0Go\u015b\u0107 specjalny w klasach 1a i 4b!\" tabindex=\"-1\" >\n\t\t\tCzytaj wi\u0119cej \u00bb\t\t<\/a>\n\n\t\t\t\t<\/div>\n\t\t\t\t<div class=\"elementor-post__meta-data\">\n\t\t\t\t\t<span class=\"elementor-post-date\">\n\t\t\t11 kwietnia 2026\t\t<\/span>\n\t\t\t\t<\/div>\n\t\t\t\t\t<\/div>\n\t\t<\/article>\n\t\t\t\t<article class=\"elementor-post elementor-grid-item post-6002 post type-post status-publish format-standard has-post-thumbnail hentry category-bez-kategorii\" role=\"listitem\">\n\t\t\t<div class=\"elementor-post__card\">\n\t\t\t\t<div class=\"elementor-post__text\">\n\t\t\t\t<h3 class=\"elementor-post__title\">\n\t\t\t<a href=\"https:\/\/sp84.poznan.pl\/index.php\/2026\/04\/11\/miedzyszkolny-konkurs-matematyczny-dla-kl-4-1-z-10\/\" >\n\t\t\t\tMi\u0119dzyszkolny Konkurs Matematyczny dla kl.4 &#8222;1 z 10&#8221;\t\t\t<\/a>\n\t\t<\/h3>\n\t\t\t\t<div class=\"elementor-post__excerpt\">\n\t\t\t<p>9 kwietnia w SP nr 21 odby\u0142 si\u0119 Mi\u0119dzyszkolny Konkurs Matematyczny dla kl.4 &#8222;1 z 10&#8221;.Nasz\u0105 szko\u0142\u0119 reprezentowali: Artur z 4c i Franek z 4b.Frankowi<\/p>\n\t\t<\/div>\n\t\t\n\t\t<a class=\"elementor-post__read-more\" href=\"https:\/\/sp84.poznan.pl\/index.php\/2026\/04\/11\/miedzyszkolny-konkurs-matematyczny-dla-kl-4-1-z-10\/\" aria-label=\"Read more about Mi\u0119dzyszkolny Konkurs Matematyczny dla kl.4 &#8222;1 z 10&#8221;\" tabindex=\"-1\" >\n\t\t\tCzytaj wi\u0119cej \u00bb\t\t<\/a>\n\n\t\t\t\t<\/div>\n\t\t\t\t<div class=\"elementor-post__meta-data\">\n\t\t\t\t\t<span class=\"elementor-post-date\">\n\t\t\t11 kwietnia 2026\t\t<\/span>\n\t\t\t\t<\/div>\n\t\t\t\t\t<\/div>\n\t\t<\/article>\n\t\t\t\t<article class=\"elementor-post elementor-grid-item post-6011 post type-post status-publish format-standard has-post-thumbnail hentry category-bez-kategorii\" role=\"listitem\">\n\t\t\t<div class=\"elementor-post__card\">\n\t\t\t\t<div class=\"elementor-post__text\">\n\t\t\t\t<h3 class=\"elementor-post__title\">\n\t\t\t<a href=\"https:\/\/sp84.poznan.pl\/index.php\/2026\/04\/08\/dzien-patrona-szkoly\/\" >\n\t\t\t\tDzie\u0144 Patrona Szko\u0142y\t\t\t<\/a>\n\t\t<\/h3>\n\t\t\t\t<div class=\"elementor-post__excerpt\">\n\t\t\t<p>24 marca wspominali\u015bmy naszego patrona &#8211; Tadeusza Ko\u015bciuszk\u0119. Tego dnia klasy dosta\u0142y konkretne, ale tw\u00f3rcze zadania. Najm\u0142odsi uczniowie przygotowali \u017cywe obrazy oraz komiksy pt. Gdyby<\/p>\n\t\t<\/div>\n\t\t\n\t\t<a class=\"elementor-post__read-more\" href=\"https:\/\/sp84.poznan.pl\/index.php\/2026\/04\/08\/dzien-patrona-szkoly\/\" aria-label=\"Read more about Dzie\u0144 Patrona Szko\u0142y\" tabindex=\"-1\" >\n\t\t\tCzytaj wi\u0119cej \u00bb\t\t<\/a>\n\n\t\t\t\t<\/div>\n\t\t\t\t<div class=\"elementor-post__meta-data\">\n\t\t\t\t\t<span class=\"elementor-post-date\">\n\t\t\t8 kwietnia 2026\t\t<\/span>\n\t\t\t\t<\/div>\n\t\t\t\t\t<\/div>\n\t\t<\/article>\n\t\t\t\t<article class=\"elementor-post elementor-grid-item post-5987 post type-post status-publish format-standard has-post-thumbnail hentry category-bez-kategorii\" role=\"listitem\">\n\t\t\t<div class=\"elementor-post__card\">\n\t\t\t\t<div class=\"elementor-post__text\">\n\t\t\t\t<h3 class=\"elementor-post__title\">\n\t\t\t<a href=\"https:\/\/sp84.poznan.pl\/index.php\/2026\/03\/31\/lekcje-wychowania-fizycznego\/\" >\n\t\t\t\tLekcje wychowania fizycznego\t\t\t<\/a>\n\t\t<\/h3>\n\t\t\t\t<div class=\"elementor-post__excerpt\">\n\t\t\t<p>Tak dziewcz\u0119ta z klasy si\u00f3dmej bawi\u0105 si\u0119 podczas lekcji wychowania fizycznego. \ud83d\ude42<\/p>\n\t\t<\/div>\n\t\t\n\t\t<a class=\"elementor-post__read-more\" href=\"https:\/\/sp84.poznan.pl\/index.php\/2026\/03\/31\/lekcje-wychowania-fizycznego\/\" aria-label=\"Read more about Lekcje wychowania fizycznego\" tabindex=\"-1\" >\n\t\t\tCzytaj wi\u0119cej \u00bb\t\t<\/a>\n\n\t\t\t\t<\/div>\n\t\t\t\t<div class=\"elementor-post__meta-data\">\n\t\t\t\t\t<span class=\"elementor-post-date\">\n\t\t\t31 marca 2026\t\t<\/span>\n\t\t\t\t<\/div>\n\t\t\t\t\t<\/div>\n\t\t<\/article>\n\t\t\t\t<article class=\"elementor-post elementor-grid-item post-5984 post type-post status-publish format-standard has-post-thumbnail hentry category-bez-kategorii\" role=\"listitem\">\n\t\t\t<div class=\"elementor-post__card\">\n\t\t\t\t<div class=\"elementor-post__text\">\n\t\t\t\t<h3 class=\"elementor-post__title\">\n\t\t\t<a href=\"https:\/\/sp84.poznan.pl\/index.php\/2026\/03\/31\/dzien-pizamowy\/\" >\n\t\t\t\tDzie\u0144 Pi\u017camowy\t\t\t<\/a>\n\t\t<\/h3>\n\t\t\t\t<div class=\"elementor-post__excerpt\">\n\t\t\t\t\t<\/div>\n\t\t\n\t\t<a class=\"elementor-post__read-more\" href=\"https:\/\/sp84.poznan.pl\/index.php\/2026\/03\/31\/dzien-pizamowy\/\" aria-label=\"Read more about Dzie\u0144 Pi\u017camowy\" tabindex=\"-1\" >\n\t\t\tCzytaj wi\u0119cej \u00bb\t\t<\/a>\n\n\t\t\t\t<\/div>\n\t\t\t\t<div class=\"elementor-post__meta-data\">\n\t\t\t\t\t<span class=\"elementor-post-date\">\n\t\t\t31 marca 2026\t\t<\/span>\n\t\t\t\t<\/div>\n\t\t\t\t\t<\/div>\n\t\t<\/article>\n\t\t\t\t<article class=\"elementor-post elementor-grid-item post-5974 post type-post status-publish format-standard has-post-thumbnail hentry category-bez-kategorii\" role=\"listitem\">\n\t\t\t<div class=\"elementor-post__card\">\n\t\t\t\t<div class=\"elementor-post__text\">\n\t\t\t\t<h3 class=\"elementor-post__title\">\n\t\t\t<a href=\"https:\/\/sp84.poznan.pl\/index.php\/2026\/03\/29\/miedzyszkolny-konkurs-jezyka-angielskiego-macmillan-primary-school-tournament\/\" >\n\t\t\t\tMi\u0119dzyszkolny konkurs j\u0119zyka angielskiego Macmillan Primary School Tournament\t\t\t<\/a>\n\t\t<\/h3>\n\t\t\t\t<div class=\"elementor-post__excerpt\">\n\t\t\t<p>27 marca uczniowie naszej szko\u0142y wzi\u0119li udzia\u0142 w mi\u0119dzyszkolnym konkursie j\u0119zyka angielskiego Macmillan Primary School Tournament, w kt\u00f3rym mieli okazj\u0119 sprawdzi\u0107 swoje umiej\u0119tno\u015bci j\u0119zykowe oraz<\/p>\n\t\t<\/div>\n\t\t\n\t\t<a class=\"elementor-post__read-more\" href=\"https:\/\/sp84.poznan.pl\/index.php\/2026\/03\/29\/miedzyszkolny-konkurs-jezyka-angielskiego-macmillan-primary-school-tournament\/\" aria-label=\"Read more about Mi\u0119dzyszkolny konkurs j\u0119zyka angielskiego Macmillan Primary School Tournament\" tabindex=\"-1\" >\n\t\t\tCzytaj wi\u0119cej \u00bb\t\t<\/a>\n\n\t\t\t\t<\/div>\n\t\t\t\t<div class=\"elementor-post__meta-data\">\n\t\t\t\t\t<span class=\"elementor-post-date\">\n\t\t\t29 marca 2026\t\t<\/span>\n\t\t\t\t<\/div>\n\t\t\t\t\t<\/div>\n\t\t<\/article>\n\t\t\t\t<article class=\"elementor-post elementor-grid-item post-5965 post type-post status-publish format-standard hentry category-bez-kategorii\" role=\"listitem\">\n\t\t\t<div class=\"elementor-post__card\">\n\t\t\t\t<div class=\"elementor-post__text\">\n\t\t\t\t<h3 class=\"elementor-post__title\">\n\t\t\t<a href=\"https:\/\/sp84.poznan.pl\/index.php\/2026\/03\/29\/lekcja-akceptacji-zorganizowana-przez-fundacje-na-niebiesko\/\" >\n\t\t\t\tLekcja akceptacji zorganizowana przez Fundacj\u0119 na Niebiesko\t\t\t<\/a>\n\t\t<\/h3>\n\t\t\t\t<div class=\"elementor-post__excerpt\">\n\t\t\t<p>Uczniowie klas 3a, 5a oraz 7a wzi\u0119li udzia\u0142 w wyj\u0105tkowej lekcji akceptacji, zorganizowanej przez Fundacj\u0119 na Niebiesko&nbsp; Podczas zaj\u0119\u0107 mieli okazj\u0119 poszerzy\u0107 swoj\u0105 wiedz\u0119 na<\/p>\n\t\t<\/div>\n\t\t\n\t\t<a class=\"elementor-post__read-more\" href=\"https:\/\/sp84.poznan.pl\/index.php\/2026\/03\/29\/lekcja-akceptacji-zorganizowana-przez-fundacje-na-niebiesko\/\" aria-label=\"Read more about Lekcja akceptacji zorganizowana przez Fundacj\u0119 na Niebiesko\" tabindex=\"-1\" >\n\t\t\tCzytaj wi\u0119cej \u00bb\t\t<\/a>\n\n\t\t\t\t<\/div>\n\t\t\t\t<div class=\"elementor-post__meta-data\">\n\t\t\t\t\t<span class=\"elementor-post-date\">\n\t\t\t29 marca 2026\t\t<\/span>\n\t\t\t\t<\/div>\n\t\t\t\t\t<\/div>\n\t\t<\/article>\n\t\t\t\t<\/div>\n\t\t\n\t\t\t\t<div class=\"e-load-more-anchor\" data-page=\"1\" data-max-page=\"51\" data-next-page=\"https:\/\/sp84.poznan.pl\/index.php\/wp-json\/wp\/v2\/pages\/254\/page\/2\/\"><\/div>\n\t\t\t\t<nav class=\"elementor-pagination\" aria-label=\"Pagination\">\n\t\t\t<span class=\"page-numbers prev\">&laquo; Poprzednia<\/span>\n<span aria-current=\"page\" class=\"page-numbers current\"><span class=\"elementor-screen-only\">Page<\/span>1<\/span>\n<a class=\"page-numbers\" href=\"https:\/\/sp84.poznan.pl\/index.php\/wp-json\/wp\/v2\/pages\/254\/page\/2\/\"><span class=\"elementor-screen-only\">Page<\/span>2<\/a>\n<a class=\"page-numbers\" href=\"https:\/\/sp84.poznan.pl\/index.php\/wp-json\/wp\/v2\/pages\/254\/page\/3\/\"><span class=\"elementor-screen-only\">Page<\/span>3<\/a>\n<a class=\"page-numbers\" href=\"https:\/\/sp84.poznan.pl\/index.php\/wp-json\/wp\/v2\/pages\/254\/page\/4\/\"><span class=\"elementor-screen-only\">Page<\/span>4<\/a>\n<a class=\"page-numbers\" href=\"https:\/\/sp84.poznan.pl\/index.php\/wp-json\/wp\/v2\/pages\/254\/page\/5\/\"><span class=\"elementor-screen-only\">Page<\/span>5<\/a>\n<a class=\"page-numbers\" href=\"https:\/\/sp84.poznan.pl\/index.php\/wp-json\/wp\/v2\/pages\/254\/page\/6\/\"><span class=\"elementor-screen-only\">Page<\/span>6<\/a>\n<a class=\"page-numbers\" href=\"https:\/\/sp84.poznan.pl\/index.php\/wp-json\/wp\/v2\/pages\/254\/page\/7\/\"><span class=\"elementor-screen-only\">Page<\/span>7<\/a>\n<a class=\"page-numbers\" href=\"https:\/\/sp84.poznan.pl\/index.php\/wp-json\/wp\/v2\/pages\/254\/page\/8\/\"><span class=\"elementor-screen-only\">Page<\/span>8<\/a>\n<a class=\"page-numbers\" href=\"https:\/\/sp84.poznan.pl\/index.php\/wp-json\/wp\/v2\/pages\/254\/page\/9\/\"><span class=\"elementor-screen-only\">Page<\/span>9<\/a>\n<a class=\"page-numbers\" href=\"https:\/\/sp84.poznan.pl\/index.php\/wp-json\/wp\/v2\/pages\/254\/page\/10\/\"><span class=\"elementor-screen-only\">Page<\/span>10<\/a>\n<a class=\"page-numbers\" href=\"https:\/\/sp84.poznan.pl\/index.php\/wp-json\/wp\/v2\/pages\/254\/page\/11\/\"><span class=\"elementor-screen-only\">Page<\/span>11<\/a>\n<a class=\"page-numbers\" href=\"https:\/\/sp84.poznan.pl\/index.php\/wp-json\/wp\/v2\/pages\/254\/page\/12\/\"><span class=\"elementor-screen-only\">Page<\/span>12<\/a>\n<a class=\"page-numbers\" href=\"https:\/\/sp84.poznan.pl\/index.php\/wp-json\/wp\/v2\/pages\/254\/page\/13\/\"><span class=\"elementor-screen-only\">Page<\/span>13<\/a>\n<a class=\"page-numbers\" href=\"https:\/\/sp84.poznan.pl\/index.php\/wp-json\/wp\/v2\/pages\/254\/page\/14\/\"><span class=\"elementor-screen-only\">Page<\/span>14<\/a>\n<a class=\"page-numbers\" href=\"https:\/\/sp84.poznan.pl\/index.php\/wp-json\/wp\/v2\/pages\/254\/page\/15\/\"><span class=\"elementor-screen-only\">Page<\/span>15<\/a>\n<a class=\"page-numbers\" href=\"https:\/\/sp84.poznan.pl\/index.php\/wp-json\/wp\/v2\/pages\/254\/page\/16\/\"><span class=\"elementor-screen-only\">Page<\/span>16<\/a>\n<a class=\"page-numbers\" href=\"https:\/\/sp84.poznan.pl\/index.php\/wp-json\/wp\/v2\/pages\/254\/page\/17\/\"><span class=\"elementor-screen-only\">Page<\/span>17<\/a>\n<a class=\"page-numbers\" href=\"https:\/\/sp84.poznan.pl\/index.php\/wp-json\/wp\/v2\/pages\/254\/page\/18\/\"><span class=\"elementor-screen-only\">Page<\/span>18<\/a>\n<a class=\"page-numbers\" href=\"https:\/\/sp84.poznan.pl\/index.php\/wp-json\/wp\/v2\/pages\/254\/page\/19\/\"><span class=\"elementor-screen-only\">Page<\/span>19<\/a>\n<a class=\"page-numbers\" href=\"https:\/\/sp84.poznan.pl\/index.php\/wp-json\/wp\/v2\/pages\/254\/page\/20\/\"><span class=\"elementor-screen-only\">Page<\/span>20<\/a>\n<a class=\"page-numbers next\" href=\"https:\/\/sp84.poznan.pl\/index.php\/wp-json\/wp\/v2\/pages\/254\/page\/2\/\">Nast\u0119pna &raquo;<\/a>\t\t<\/nav>\n\t\t\t\t\t\t<\/div>\n\t\t\t\t<\/div>\n\t\t\t\t\t<\/div>\n\t\t<\/div>\n\t\t\t\t\t<\/div>\n\t\t<\/section>\n\t\t\t\t<\/div>\n\t\t","protected":false},"excerpt":{"rendered":"","protected":false},"author":1,"featured_media":0,"parent":0,"menu_order":0,"comment_status":"closed","ping_status":"closed","template":"","meta":{"footnotes":""},"class_list":["post-254","page","type-page","status-publish","hentry"],"_links":{"self":[{"href":"https:\/\/sp84.poznan.pl\/index.php\/wp-json\/wp\/v2\/pages\/254","targetHints":{"allow":["GET"]}}],"collection":[{"href":"https:\/\/sp84.poznan.pl\/index.php\/wp-json\/wp\/v2\/pages"}],"about":[{"href":"https:\/\/sp84.poznan.pl\/index.php\/wp-json\/wp\/v2\/types\/page"}],"author":[{"embeddable":true,"href":"https:\/\/sp84.poznan.pl\/index.php\/wp-json\/wp\/v2\/users\/1"}],"replies":[{"embeddable":true,"href":"https:\/\/sp84.poznan.pl\/index.php\/wp-json\/wp\/v2\/comments?post=254"}],"version-history":[{"count":4,"href":"https:\/\/sp84.poznan.pl\/index.php\/wp-json\/wp\/v2\/pages\/254\/revisions"}],"predecessor-version":[{"id":263,"href":"https:\/\/sp84.poznan.pl\/index.php\/wp-json\/wp\/v2\/pages\/254\/revisions\/263"}],"wp:attachment":[{"href":"https:\/\/sp84.poznan.pl\/index.php\/wp-json\/wp\/v2\/media?parent=254"}],"curies":[{"name":"wp","href":"https:\/\/api.w.org\/{rel}","templated":true}]}}