{"id":26,"date":"2021-05-10T09:36:14","date_gmt":"2021-05-10T07:36:14","guid":{"rendered":"http:\/\/sp84.openworld24.pl\/?page_id=26"},"modified":"2025-03-18T10:33:39","modified_gmt":"2025-03-18T09:33:39","slug":"pielegniarka","status":"publish","type":"page","link":"https:\/\/sp84.poznan.pl\/index.php\/o-nas\/pielegniarka\/","title":{"rendered":"Piel\u0119gniarka"},"content":{"rendered":"\n<p style=\"font-size:20px\">W budynku przy ul. \u015bw. Szczepana 3<\/p>\n\n\n\n<p style=\"font-size:20px\"><strong>Hanna Maria Banaszak<\/strong><\/p>\n\n\n\n<p class=\"has-text-color has-link-color wp-elements-d318410ce789580c510ec81d893df2d5\" style=\"color:#224263;font-size:20px\"><strong>Godziny pracy<\/strong>:<\/p>\n\n\n\n<p style=\"font-size:20px\"><strong>\u015aroda<\/strong> &#8211; 9.00 &#8211; 13.00<\/p>\n\n\n\n<p style=\"font-size:20px\"><strong>Czwartek<\/strong>&#8211; 9.00 &#8211; 13.00<\/p>\n\n\n\n<p><\/p>\n\n\n\n<p style=\"font-size:20px\">W budynku przy ul. \u0141ozowej<\/p>\n\n\n\n<p class=\"has-text-color has-link-color wp-elements-856d726ddc061b79c5c0aaa369395eab\" style=\"color:#224363;font-size:28px\"><\/p>\n\n\n\n<p class=\"has-text-color has-link-color wp-elements-7c24306780a08096f8c5a842ccd6a678\" style=\"color:#224363;font-size:20px\"><strong>Godziny pracy<\/strong>:<\/p>\n\n\n\n<p style=\"font-size:20px\"><strong>\u015aroda <\/strong>&#8211; 11.00 &#8211; 15.00<\/p>\n\n\n\n<p style=\"font-size:20px\"><strong>Pi\u0105tek<\/strong> &#8211; 8.00 &#8211; 11.00<\/p>\n","protected":false},"excerpt":{"rendered":"<p>W budynku przy ul. \u015bw. Szczepana 3 Hanna Maria Banaszak Godziny pracy: \u015aroda &#8211; 9.00 &#8211; 13.00 Czwartek&#8211; 9.00 &#8211; 13.00 W budynku przy ul. \u0141ozowej Godziny pracy: \u015aroda &#8211; 11.00 &#8211; 15.00 Pi\u0105tek &#8211; 8.00 &#8211; 11.00<\/p>\n","protected":false},"author":1,"featured_media":0,"parent":14,"menu_order":0,"comment_status":"closed","ping_status":"closed","template":"","meta":{"footnotes":""},"class_list":["post-26","page","type-page","status-publish","hentry"],"_links":{"self":[{"href":"https:\/\/sp84.poznan.pl\/index.php\/wp-json\/wp\/v2\/pages\/26","targetHints":{"allow":["GET"]}}],"collection":[{"href":"https:\/\/sp84.poznan.pl\/index.php\/wp-json\/wp\/v2\/pages"}],"about":[{"href":"https:\/\/sp84.poznan.pl\/index.php\/wp-json\/wp\/v2\/types\/page"}],"author":[{"embeddable":true,"href":"https:\/\/sp84.poznan.pl\/index.php\/wp-json\/wp\/v2\/users\/1"}],"replies":[{"embeddable":true,"href":"https:\/\/sp84.poznan.pl\/index.php\/wp-json\/wp\/v2\/comments?post=26"}],"version-history":[{"count":6,"href":"https:\/\/sp84.poznan.pl\/index.php\/wp-json\/wp\/v2\/pages\/26\/revisions"}],"predecessor-version":[{"id":4250,"href":"https:\/\/sp84.poznan.pl\/index.php\/wp-json\/wp\/v2\/pages\/26\/revisions\/4250"}],"up":[{"embeddable":true,"href":"https:\/\/sp84.poznan.pl\/index.php\/wp-json\/wp\/v2\/pages\/14"}],"wp:attachment":[{"href":"https:\/\/sp84.poznan.pl\/index.php\/wp-json\/wp\/v2\/media?parent=26"}],"curies":[{"name":"wp","href":"https:\/\/api.w.org\/{rel}","templated":true}]}}