{"id":277,"date":"2021-07-27T12:16:44","date_gmt":"2021-07-27T10:16:44","guid":{"rendered":"http:\/\/sp84.openworld24.pl\/?page_id=277"},"modified":"2025-11-30T13:14:31","modified_gmt":"2025-11-30T12:14:31","slug":"samorzad-uczniowski","status":"publish","type":"page","link":"https:\/\/sp84.poznan.pl\/index.php\/strefa-ucznia\/samorzad-uczniowski\/","title":{"rendered":"Samorz\u0105d Uczniowski"},"content":{"rendered":"\n<p class=\"has-text-align-center has-text-color has-link-color wp-elements-991c59118f5eb06361e5f59d7162a4d0\" style=\"color:#224363;font-size:20px\"><strong>ROK SZKOLNY 2025\/2026<\/strong><br><br><\/p>\n\n\n\n<p class=\"has-text-align-center has-black-color has-text-color has-link-color wp-elements-c36865359753aa5005330fb81c6f3a41\" style=\"font-size:20px\">Szko\u0142y Podstawowej nr 84 im. Tadeusza Ko\u015bciuszki w Poznaniu (budynek przy ul. \u015aw. Szczepana 3)<\/p>\n\n\n\n<p class=\"has-text-align-center has-text-color has-link-color wp-elements-6d21f4e4b56b27149515736cf7bc1a38\" style=\"color:#224363;font-size:20px\"><\/p>\n\n\n\n<p><\/p>\n\n\n\n<p class=\"has-text-align-center has-text-color has-link-color wp-elements-4f44bcaee13d3cddccbe3c5878ef3d28\" style=\"color:#224363;font-size:20px\"><strong>PRZEWODNICZ\u0104CY<\/strong><\/p>\n\n\n\n<p class=\"has-text-align-center\" style=\"font-size:20px\">Franciszek \u0141awrynowicz kl. 5 C<\/p>\n\n\n\n<p><\/p>\n\n\n\n<p class=\"has-text-align-center has-text-color has-link-color wp-elements-12b2c00c91c90dad6f603d7512fdc971\" style=\"color:#224363;font-size:20px\"><strong>ZAST\u0118PCA PRZEWODNICZ\u0104CEGO<\/strong><\/p>\n\n\n\n<p class=\"has-text-align-center\" style=\"font-size:20px\"><em>&nbsp;<\/em>Leon Skibi\u0144ski kl. 4 B<\/p>\n\n\n\n<p>.<\/p>\n\n\n\n<p class=\"has-text-align-center\"><\/p>\n\n\n\n<p class=\"has-text-align-center\" style=\"font-size:20px\">Szko\u0142y Podstawowej nr 84 im. Tadeusza Ko\u015bciuszki w Poznaniu (budynek przy ul. \u0141ozowej 53)<\/p>\n\n\n\n<p><\/p>\n\n\n\n<p class=\"has-text-align-center has-text-color has-link-color wp-elements-4f44bcaee13d3cddccbe3c5878ef3d28\" style=\"color:#224363;font-size:20px\"><strong>PRZEWODNICZ\u0104CY<\/strong><\/p>\n\n\n\n<p class=\"has-text-align-center\" style=\"font-size:20px\">Pawe\u0142 \u0141awrynowicz kl. 8 B<\/p>\n\n\n\n<p style=\"font-size:20px\"><\/p>\n\n\n\n<p class=\"has-text-align-center has-text-color has-link-color wp-elements-db8b5f649e896debd1dbdf863d7c10f8\" style=\"color:#224363;font-size:20px\"><strong>ZAST\u0118PCA  PRZEWODNICZ\u0104CEGO<\/strong><\/p>\n\n\n\n<p class=\"has-text-align-center\" style=\"font-size:20px\">Marcel Meissner kl. 6 B<\/p>\n\n\n\n<p class=\"has-text-align-left has-text-color has-link-color wp-elements-0ab45fa325522270a0020caeeeb2d14a\" style=\"color:#224363;font-size:20px\"><br><\/p>\n\n\n\n<p class=\"has-text-align-center has-text-color has-link-color wp-elements-2673f8cef1c869c1b9bdc52a092c2c12\" style=\"color:#224363;font-size:20px\"><strong>Opiekunowie Samorz\u0105du Uczniowskiego: <\/strong><\/p>\n\n\n\n<p class=\"has-text-align-center\" style=\"font-size:20px\">Katarzyna Spych, Katarzyna St\u0119pie\u0144<br><\/p>\n\n\n\n<div class=\"wp-block-file\"><a id=\"wp-block-file--media-2b1b729c-5567-4af1-a871-3526bcbe58db\" href=\"https:\/\/sp84.poznan.pl\/wp-content\/uploads\/2024\/09\/Regulamin-Samorzadu-Uczniowskiego-2024_2025.docx\">Regulamin Samorz\u0105du Uczniowskiego , rok szkolny 2024\/2025<\/a><a href=\"https:\/\/sp84.poznan.pl\/wp-content\/uploads\/2024\/09\/Regulamin-Samorzadu-Uczniowskiego-2024_2025.docx\" class=\"wp-block-file__button wp-element-button\" download aria-describedby=\"wp-block-file--media-2b1b729c-5567-4af1-a871-3526bcbe58db\">Pobierz<\/a><\/div>\n\n\n\n<div class=\"wp-block-file\"><a id=\"wp-block-file--media-0e6056a2-3cb9-4e1d-a41f-676f4e351ffa\" href=\"https:\/\/sp84.poznan.pl\/wp-content\/uploads\/2024\/09\/Regulamin-wyborow-do-SU.docx\">Regulamin wybor\u00f3w do SU<\/a><a href=\"https:\/\/sp84.poznan.pl\/wp-content\/uploads\/2024\/09\/Regulamin-wyborow-do-SU.docx\" class=\"wp-block-file__button wp-element-button\" download aria-describedby=\"wp-block-file--media-0e6056a2-3cb9-4e1d-a41f-676f4e351ffa\">Pobierz<\/a><\/div>\n\n\n\n<div class=\"wp-block-file\"><a id=\"wp-block-file--media-78a4231d-82c8-45c0-ba53-b767a9f14a79\" href=\"https:\/\/sp84.poznan.pl\/wp-content\/uploads\/2024\/09\/Regulamin-przyznawania-Talonow-w-Szkole-Podstawowej-nr-84.pdf\">Regulamin przyznawania Talon\u00f3w w Szkole Podstawowej nr 84<\/a><a href=\"https:\/\/sp84.poznan.pl\/wp-content\/uploads\/2024\/09\/Regulamin-przyznawania-Talonow-w-Szkole-Podstawowej-nr-84.pdf\" class=\"wp-block-file__button wp-element-button\" download aria-describedby=\"wp-block-file--media-78a4231d-82c8-45c0-ba53-b767a9f14a79\">Pobierz<\/a><\/div>\n\n\n\n<div class=\"wp-block-file\"><a id=\"wp-block-file--media-27e62396-014b-4b8b-a154-02a172f787ea\" href=\"https:\/\/sp84.poznan.pl\/wp-content\/uploads\/2024\/09\/Regulamin_stosowania_przywileju.pdf\">Regulamin_stosowania_przywileju<\/a><a href=\"https:\/\/sp84.poznan.pl\/wp-content\/uploads\/2024\/09\/Regulamin_stosowania_przywileju.pdf\" class=\"wp-block-file__button wp-element-button\" download aria-describedby=\"wp-block-file--media-27e62396-014b-4b8b-a154-02a172f787ea\">Pobierz<\/a><\/div>\n\n\n\n<p class=\"has-white-background-color has-background\"><\/p>\n\n\n\n<p class=\"has-white-background-color has-background\"><\/p>\n\n\n\n<p><\/p>\n","protected":false},"excerpt":{"rendered":"<p>ROK SZKOLNY 2025\/2026 Szko\u0142y Podstawowej nr 84 im. Tadeusza Ko\u015bciuszki w Poznaniu (budynek przy ul. \u015aw. Szczepana 3) PRZEWODNICZ\u0104CY Franciszek \u0141awrynowicz kl. 5 C ZAST\u0118PCA PRZEWODNICZ\u0104CEGO &nbsp;Leon Skibi\u0144ski kl. 4 B . Szko\u0142y Podstawowej nr 84 im. Tadeusza Ko\u015bciuszki w Poznaniu (budynek przy ul. \u0141ozowej 53) PRZEWODNICZ\u0104CY Pawe\u0142 \u0141awrynowicz kl. 8 B ZAST\u0118PCA PRZEWODNICZ\u0104CEGO Marcel [&hellip;]<\/p>\n","protected":false},"author":1,"featured_media":0,"parent":30,"menu_order":0,"comment_status":"closed","ping_status":"closed","template":"","meta":{"footnotes":""},"class_list":["post-277","page","type-page","status-publish","hentry"],"_links":{"self":[{"href":"https:\/\/sp84.poznan.pl\/index.php\/wp-json\/wp\/v2\/pages\/277","targetHints":{"allow":["GET"]}}],"collection":[{"href":"https:\/\/sp84.poznan.pl\/index.php\/wp-json\/wp\/v2\/pages"}],"about":[{"href":"https:\/\/sp84.poznan.pl\/index.php\/wp-json\/wp\/v2\/types\/page"}],"author":[{"embeddable":true,"href":"https:\/\/sp84.poznan.pl\/index.php\/wp-json\/wp\/v2\/users\/1"}],"replies":[{"embeddable":true,"href":"https:\/\/sp84.poznan.pl\/index.php\/wp-json\/wp\/v2\/comments?post=277"}],"version-history":[{"count":31,"href":"https:\/\/sp84.poznan.pl\/index.php\/wp-json\/wp\/v2\/pages\/277\/revisions"}],"predecessor-version":[{"id":5450,"href":"https:\/\/sp84.poznan.pl\/index.php\/wp-json\/wp\/v2\/pages\/277\/revisions\/5450"}],"up":[{"embeddable":true,"href":"https:\/\/sp84.poznan.pl\/index.php\/wp-json\/wp\/v2\/pages\/30"}],"wp:attachment":[{"href":"https:\/\/sp84.poznan.pl\/index.php\/wp-json\/wp\/v2\/media?parent=277"}],"curies":[{"name":"wp","href":"https:\/\/api.w.org\/{rel}","templated":true}]}}