{"id":28,"date":"2021-05-10T09:36:25","date_gmt":"2021-05-10T07:36:25","guid":{"rendered":"http:\/\/sp84.openworld24.pl\/?page_id=28"},"modified":"2026-03-17T12:26:37","modified_gmt":"2026-03-17T11:26:37","slug":"nabor","status":"publish","type":"page","link":"https:\/\/sp84.poznan.pl\/index.php\/nabor\/","title":{"rendered":"Nab\u00f3r"},"content":{"rendered":"\n<p class=\"has-text-align-center has-white-color has-text-color has-background\" style=\"background-color:#5152e0\"><strong>Rekrutacja 2026\/2027<\/strong><\/p>\n\n\n\n<p>Rekrutacja na rok szkolny 2026\/2027&nbsp;<strong>b\u0119dzie otwarta w dniach od 30 marca do 22 kwietnia 2026 r<\/strong>. Na stronie <a href=\"https:\/\/nabor.pcss.pl\/\">https:\/\/nabor.pcss.pl\/<\/a> b\u0119dzie mo\u017cna wype\u0142ni\u0107 wniosek on-line, w tym celu nale\u017cy za\u0142o\u017cy\u0107 nowe konto &#8211; dla ka\u017cdego dziecka oddzielne.<\/p>\n\n\n\n<p>Odb\u0119dzie si\u0119 r\u00f3wnie\u017c nab\u00f3r do pierwszej klasy integracyjnej. Formularz zg\u0142oszeniowy (wniosek) mo\u017cna pobra\u0107 poni\u017cej lub otrzyma\u0107  w sekretariacie szko\u0142y. Do zg\u0142oszenia nale\u017cy do\u0142\u0105czy\u0107 aktualne orzeczenie.<\/p>\n\n\n\n<p>Serdecznie zapraszamy!<\/p>\n\n\n\n<p>Wniosek o przyj\u0119cie oraz informacje dotycz\u0105ce zasad naboru dzieci z orzeczeniem o potrzebie kszta\u0142cenia specjalnego do oddzia\u0142\u00f3w integracyjnych w szko\u0142ach podstawowych na rok szkolny 2026\/2027<\/p>\n\n\n<div class=\"wp-block-image\">\n<figure class=\"aligncenter size-full is-resized\"><img fetchpriority=\"high\" decoding=\"async\" width=\"1654\" height=\"2339\" src=\"https:\/\/sp84.poznan.pl\/wp-content\/uploads\/2026\/03\/Terminy-przeprowadzenia-postepowania-rekrutacyjnego-do-klas-pierwszych-publicznych-szkol-podstawowyc.jpg\" alt=\"\" class=\"wp-image-5763\" style=\"width:765px;height:auto\" srcset=\"https:\/\/sp84.poznan.pl\/wp-content\/uploads\/2026\/03\/Terminy-przeprowadzenia-postepowania-rekrutacyjnego-do-klas-pierwszych-publicznych-szkol-podstawowyc.jpg 1654w, https:\/\/sp84.poznan.pl\/wp-content\/uploads\/2026\/03\/Terminy-przeprowadzenia-postepowania-rekrutacyjnego-do-klas-pierwszych-publicznych-szkol-podstawowyc-212x300.jpg 212w, https:\/\/sp84.poznan.pl\/wp-content\/uploads\/2026\/03\/Terminy-przeprowadzenia-postepowania-rekrutacyjnego-do-klas-pierwszych-publicznych-szkol-podstawowyc-724x1024.jpg 724w, https:\/\/sp84.poznan.pl\/wp-content\/uploads\/2026\/03\/Terminy-przeprowadzenia-postepowania-rekrutacyjnego-do-klas-pierwszych-publicznych-szkol-podstawowyc-768x1086.jpg 768w, https:\/\/sp84.poznan.pl\/wp-content\/uploads\/2026\/03\/Terminy-przeprowadzenia-postepowania-rekrutacyjnego-do-klas-pierwszych-publicznych-szkol-podstawowyc-1086x1536.jpg 1086w, https:\/\/sp84.poznan.pl\/wp-content\/uploads\/2026\/03\/Terminy-przeprowadzenia-postepowania-rekrutacyjnego-do-klas-pierwszych-publicznych-szkol-podstawowyc-1448x2048.jpg 1448w\" sizes=\"(max-width: 1654px) 100vw, 1654px\" \/><\/figure>\n<\/div>\n\n\n<div id=\"section-gd29d47\" class=\"wp-block-gutentor-e0 section-gd29d47 gutentor-element gutentor-element-advanced-text\"><div class=\"gutentor-text-wrap\"><p class=\"gutentor-text\">*W przypadku, gdy jeden z rodzic\u00f3w wychowuje samodzielnie dziecko &#8211; po z\u0142o\u017ceniu o\u015bwiadczenia dopuszcza si\u0119 z\u0142o\u017cenie             podpisu przez tego rodzica\/opiekuna prawnego.<br><br>Informacje na temat naboru: <a href=\"https:\/\/nabor.pcss.pl\/\" target=\"_blank\" rel=\"noreferrer noopener\"><strong>https:\/\/nabor.pcss.pl\/<\/strong><\/a><br>                                              <strong> <a href=\"https:\/\/nabor.pcss.pl\/poznan\/szkolapodstawowa\/\" target=\"_blank\" rel=\"noreferrer noopener\">https:\/\/nabor.pcss.pl\/poznan\/szkolapodstawowa\/<\/a><\/strong><br><br>Dokumenty dotycz\u0105ce rekrutacji:  <a href=\"https:\/\/nabor.pcss.pl\/poznan\/szkolapodstawowa\/dokumenty\" target=\"_blank\" rel=\"noreferrer noopener\"><strong>https:\/\/nabor.pcss.pl\/poznan\/szkolapodstawowa\/dokumenty<\/strong><\/a><br><br><\/p><\/div><\/div>\n\n\n\n<p><\/p>\n","protected":false},"excerpt":{"rendered":"<p>Rekrutacja 2026\/2027 Rekrutacja na rok szkolny 2026\/2027&nbsp;b\u0119dzie otwarta w dniach od 30 marca do 22 kwietnia 2026 r. Na stronie https:\/\/nabor.pcss.pl\/ b\u0119dzie mo\u017cna wype\u0142ni\u0107 wniosek on-line, w tym celu nale\u017cy za\u0142o\u017cy\u0107 nowe konto &#8211; dla ka\u017cdego dziecka oddzielne. Odb\u0119dzie si\u0119 r\u00f3wnie\u017c nab\u00f3r do pierwszej klasy integracyjnej. Formularz zg\u0142oszeniowy (wniosek) mo\u017cna pobra\u0107 poni\u017cej lub otrzyma\u0107 w [&hellip;]<\/p>\n","protected":false},"author":1,"featured_media":0,"parent":0,"menu_order":0,"comment_status":"closed","ping_status":"closed","template":"","meta":{"footnotes":""},"class_list":["post-28","page","type-page","status-publish","hentry"],"_links":{"self":[{"href":"https:\/\/sp84.poznan.pl\/index.php\/wp-json\/wp\/v2\/pages\/28","targetHints":{"allow":["GET"]}}],"collection":[{"href":"https:\/\/sp84.poznan.pl\/index.php\/wp-json\/wp\/v2\/pages"}],"about":[{"href":"https:\/\/sp84.poznan.pl\/index.php\/wp-json\/wp\/v2\/types\/page"}],"author":[{"embeddable":true,"href":"https:\/\/sp84.poznan.pl\/index.php\/wp-json\/wp\/v2\/users\/1"}],"replies":[{"embeddable":true,"href":"https:\/\/sp84.poznan.pl\/index.php\/wp-json\/wp\/v2\/comments?post=28"}],"version-history":[{"count":29,"href":"https:\/\/sp84.poznan.pl\/index.php\/wp-json\/wp\/v2\/pages\/28\/revisions"}],"predecessor-version":[{"id":5852,"href":"https:\/\/sp84.poznan.pl\/index.php\/wp-json\/wp\/v2\/pages\/28\/revisions\/5852"}],"wp:attachment":[{"href":"https:\/\/sp84.poznan.pl\/index.php\/wp-json\/wp\/v2\/media?parent=28"}],"curies":[{"name":"wp","href":"https:\/\/api.w.org\/{rel}","templated":true}]}}