{"id":34,"date":"2021-05-10T09:37:16","date_gmt":"2021-05-10T07:37:16","guid":{"rendered":"http:\/\/sp84.openworld24.pl\/?page_id=34"},"modified":"2026-03-22T09:23:13","modified_gmt":"2026-03-22T08:23:13","slug":"rada-rodzicow","status":"publish","type":"page","link":"https:\/\/sp84.poznan.pl\/index.php\/strefa-rodzica\/rada-rodzicow\/","title":{"rendered":"Rada Rodzic\u00f3w"},"content":{"rendered":"\n<figure class=\"wp-block-image size-large\"><img fetchpriority=\"high\" decoding=\"async\" width=\"733\" height=\"1024\" src=\"https:\/\/sp84.poznan.pl\/wp-content\/uploads\/2025\/12\/image0-733x1024.jpeg\" alt=\"Podsumowanie dzia\u0142alno\u015bci RR za rok 2024\/2025\" class=\"wp-image-5485\" srcset=\"https:\/\/sp84.poznan.pl\/wp-content\/uploads\/2025\/12\/image0-733x1024.jpeg 733w, https:\/\/sp84.poznan.pl\/wp-content\/uploads\/2025\/12\/image0-215x300.jpeg 215w, https:\/\/sp84.poznan.pl\/wp-content\/uploads\/2025\/12\/image0-768x1073.jpeg 768w, https:\/\/sp84.poznan.pl\/wp-content\/uploads\/2025\/12\/image0-1099x1536.jpeg 1099w, https:\/\/sp84.poznan.pl\/wp-content\/uploads\/2025\/12\/image0.jpeg 1170w\" sizes=\"(max-width: 733px) 100vw, 733px\" \/><\/figure>\n\n\n\n<figure class=\"wp-block-image size-large\"><img decoding=\"async\" width=\"1024\" height=\"984\" src=\"https:\/\/sp84.poznan.pl\/wp-content\/uploads\/2026\/03\/PHOTO-1-1024x984.jpg\" alt=\"Logo Rady Rodzic\u00f3w\" class=\"wp-image-5902\" srcset=\"https:\/\/sp84.poznan.pl\/wp-content\/uploads\/2026\/03\/PHOTO-1-1024x984.jpg 1024w, https:\/\/sp84.poznan.pl\/wp-content\/uploads\/2026\/03\/PHOTO-1-300x288.jpg 300w, https:\/\/sp84.poznan.pl\/wp-content\/uploads\/2026\/03\/PHOTO-1-768x738.jpg 768w, https:\/\/sp84.poznan.pl\/wp-content\/uploads\/2026\/03\/PHOTO-1.jpg 1170w\" sizes=\"(max-width: 1024px) 100vw, 1024px\" \/><\/figure>\n\n\n\n<div data-wp-interactive=\"core\/file\" class=\"wp-block-file\"><object data-wp-bind--hidden=\"!state.hasPdfPreview\" hidden class=\"wp-block-file__embed\" data=\"https:\/\/sp84.poznan.pl\/wp-content\/uploads\/2025\/12\/REGULAMIN-RADY-RODZICOW-1.pdf\" type=\"application\/pdf\" style=\"width:100%;height:600px\" aria-label=\"Osadzone z REGULAMIN RADY RODZICO\u0301W  (1).\"><\/object><a id=\"wp-block-file--media-a5b7cfad-de53-4a46-8bed-042b066e63b6\" href=\"https:\/\/sp84.poznan.pl\/wp-content\/uploads\/2025\/12\/REGULAMIN-RADY-RODZICOW-1.pdf\">REGULAMIN RADY RODZICO\u0301W  (1)<\/a><a href=\"https:\/\/sp84.poznan.pl\/wp-content\/uploads\/2025\/12\/REGULAMIN-RADY-RODZICOW-1.pdf\" class=\"wp-block-file__button wp-element-button\" download aria-describedby=\"wp-block-file--media-a5b7cfad-de53-4a46-8bed-042b066e63b6\">Pobierz<\/a><\/div>\n\n\n\n<div class=\"wp-block-file\"><a id=\"wp-block-file--media-ccd2d6f3-d790-4631-9b66-887feb4123c5\" href=\"https:\/\/sp84.poznan.pl\/wp-content\/uploads\/2026\/03\/PROTOKOL-Z-ZEBRANIA-RADY-RODZICOW-15.09.2025.doc\">PROTOK\u00d3\u0141 Z ZEBRANIA RADY RODZIC\u00d3W 15.09.2025<\/a><a href=\"https:\/\/sp84.poznan.pl\/wp-content\/uploads\/2026\/03\/PROTOKOL-Z-ZEBRANIA-RADY-RODZICOW-15.09.2025.doc\" class=\"wp-block-file__button wp-element-button\" download aria-describedby=\"wp-block-file--media-ccd2d6f3-d790-4631-9b66-887feb4123c5\">Pobierz<\/a><\/div>\n\n\n\n<div class=\"wp-block-file\"><a id=\"wp-block-file--media-3cd320f4-49ed-4b03-9409-d9ee121cc859\" href=\"https:\/\/sp84.poznan.pl\/wp-content\/uploads\/2026\/03\/PROTOKOL-Z-ZEBRANIA-RADY-RODZICOW-25.09.2025.doc\">PROTOK\u00d3\u0141 Z ZEBRANIA RADY RODZIC\u00d3W 25.09.2025<\/a><a href=\"https:\/\/sp84.poznan.pl\/wp-content\/uploads\/2026\/03\/PROTOKOL-Z-ZEBRANIA-RADY-RODZICOW-25.09.2025.doc\" class=\"wp-block-file__button wp-element-button\" download aria-describedby=\"wp-block-file--media-3cd320f4-49ed-4b03-9409-d9ee121cc859\">Pobierz<\/a><\/div>\n\n\n\n<div class=\"wp-block-file\"><a id=\"wp-block-file--media-9becf00a-4a31-4467-8606-9f2242cd48c5\" href=\"https:\/\/sp84.poznan.pl\/wp-content\/uploads\/2026\/03\/PROTOKOL-Z-ZEBRANIA-RADY-RODZICOW-27.10.2025.docx\">PROTOK\u00d3\u0141 Z ZEBRANIA RADY RODZIC\u00d3W 27.10.2025<\/a><a href=\"https:\/\/sp84.poznan.pl\/wp-content\/uploads\/2026\/03\/PROTOKOL-Z-ZEBRANIA-RADY-RODZICOW-27.10.2025.docx\" class=\"wp-block-file__button wp-element-button\" download aria-describedby=\"wp-block-file--media-9becf00a-4a31-4467-8606-9f2242cd48c5\">Pobierz<\/a><\/div>\n\n\n\n<div class=\"wp-block-file\"><a id=\"wp-block-file--media-08f0bfc0-1869-4116-8343-93fdede30a26\" href=\"https:\/\/sp84.poznan.pl\/wp-content\/uploads\/2026\/03\/PROTOKOL-Z-ZEBRANIA-RADY-RODZICOW-01.12.2025.docx\">PROTOK\u00d3\u0141 Z ZEBRANIA RADY RODZIC\u00d3W 01.12.2025<\/a><a href=\"https:\/\/sp84.poznan.pl\/wp-content\/uploads\/2026\/03\/PROTOKOL-Z-ZEBRANIA-RADY-RODZICOW-01.12.2025.docx\" class=\"wp-block-file__button wp-element-button\" download aria-describedby=\"wp-block-file--media-08f0bfc0-1869-4116-8343-93fdede30a26\">Pobierz<\/a><\/div>\n\n\n\n<div class=\"wp-block-file\"><a id=\"wp-block-file--media-780946b6-f3be-42a0-872a-aef709f51bfd\" href=\"https:\/\/sp84.poznan.pl\/wp-content\/uploads\/2026\/03\/PROTOKOL-Z-ZEBRANIA-RADY-RODZICOW-02.02.2026.docx\">PROTOK\u00d3\u0141 Z ZEBRANIA RADY RODZIC\u00d3W 02.02.2026<\/a><a href=\"https:\/\/sp84.poznan.pl\/wp-content\/uploads\/2026\/03\/PROTOKOL-Z-ZEBRANIA-RADY-RODZICOW-02.02.2026.docx\" class=\"wp-block-file__button wp-element-button\" download aria-describedby=\"wp-block-file--media-780946b6-f3be-42a0-872a-aef709f51bfd\">Pobierz<\/a><\/div>\n\n\n\n<p><\/p>\n","protected":false},"excerpt":{"rendered":"","protected":false},"author":1,"featured_media":0,"parent":32,"menu_order":0,"comment_status":"closed","ping_status":"closed","template":"","meta":{"footnotes":""},"class_list":["post-34","page","type-page","status-publish","hentry"],"_links":{"self":[{"href":"https:\/\/sp84.poznan.pl\/index.php\/wp-json\/wp\/v2\/pages\/34","targetHints":{"allow":["GET"]}}],"collection":[{"href":"https:\/\/sp84.poznan.pl\/index.php\/wp-json\/wp\/v2\/pages"}],"about":[{"href":"https:\/\/sp84.poznan.pl\/index.php\/wp-json\/wp\/v2\/types\/page"}],"author":[{"embeddable":true,"href":"https:\/\/sp84.poznan.pl\/index.php\/wp-json\/wp\/v2\/users\/1"}],"replies":[{"embeddable":true,"href":"https:\/\/sp84.poznan.pl\/index.php\/wp-json\/wp\/v2\/comments?post=34"}],"version-history":[{"count":17,"href":"https:\/\/sp84.poznan.pl\/index.php\/wp-json\/wp\/v2\/pages\/34\/revisions"}],"predecessor-version":[{"id":5908,"href":"https:\/\/sp84.poznan.pl\/index.php\/wp-json\/wp\/v2\/pages\/34\/revisions\/5908"}],"up":[{"embeddable":true,"href":"https:\/\/sp84.poznan.pl\/index.php\/wp-json\/wp\/v2\/pages\/32"}],"wp:attachment":[{"href":"https:\/\/sp84.poznan.pl\/index.php\/wp-json\/wp\/v2\/media?parent=34"}],"curies":[{"name":"wp","href":"https:\/\/api.w.org\/{rel}","templated":true}]}}