{"id":36,"date":"2021-05-10T09:37:27","date_gmt":"2021-05-10T07:37:27","guid":{"rendered":"http:\/\/sp84.openworld24.pl\/?page_id=36"},"modified":"2026-04-26T09:27:02","modified_gmt":"2026-04-26T07:27:02","slug":"stolowka","status":"publish","type":"page","link":"https:\/\/sp84.poznan.pl\/index.php\/strefa-rodzica\/stolowka\/","title":{"rendered":"Sto\u0142\u00f3wka"},"content":{"rendered":"\n<p style=\"font-size:20px\"><\/p>\n\n\n\n<p class=\"has-text-color has-link-color wp-elements-50e676040c53f341e0c5749e04d3c41e\" style=\"color:#224363;font-size:20px\"><strong>Drodzy Rodzice<\/strong><\/p>\n\n\n\n<p style=\"font-size:18px\">Zapraszamy na smaczne obiady sto\u0142\u00f3wki szkolnej. Informacje oraz zapisy pod nr telefonu 512&nbsp;919&nbsp;118<\/p>\n\n\n\n<p><\/p>\n\n\n\n<p class=\"has-text-color has-link-color wp-elements-33fe1ee1c136bb0fe223c755cae79a00\" style=\"color:#224363\"><strong>Ceny na rok szkolny 2025\/2026<\/strong><\/p>\n\n\n\n<p><\/p>\n\n\n\n<p style=\"font-size:18px\">Zestaw obiadowy 16.00 z\u0142<br>Drugie danie 15.00 z\u0142<br>Zupa 6,00 z\u0142<\/p>\n\n\n\n<p><\/p>\n\n\n\n<p style=\"font-size:18px\">Zupa (z dofinansowaniem) &#8211; 4 z\u0142. &#8211;&nbsp; warunkiem jest z\u0142o\u017cenie deklaracji&nbsp; i oddanie do sto\u0142\u00f3wki. <\/p>\n\n\n\n<p style=\"font-size:18px\">Zestaw obiadowy z dofinansowaniem 14 z\u0142. <\/p>\n\n\n\n<p style=\"font-size:18px\">Cena obiadu w dniu zakupu jest wy\u017csza o 1 z\u0142. <\/p>\n\n\n\n<p><\/p>\n\n\n\n<p><\/p>\n\n\n\n<p style=\"font-size:18px\">Obiady serwowane w naszej sto\u0142\u00f3wce przygotowywane s\u0105 na miejscu, z zawsze \u015bwie\u017cych i dostarczanych na bie\u017c\u0105co produkt\u00f3w od sta\u0142ych dostawc\u00f3w, z kt\u00f3rymi wsp\u00f3\u0142pracujemy od wielu lat. Z wielk\u0105 staranno\u015bci\u0105 dbamy o to, aby posi\u0142ki by\u0142y smaczne i mie\u015bci\u0142y si\u0119 w normach racjonalnego \u017cywienia.<\/p>\n\n\n\n<p><\/p>\n\n\n\n<p style=\"font-size:18px\">Wp\u0142aty za posi\u0142ki (do&nbsp;<b>10-tego dnia ka\u017cdego miesi\u0105ca<\/b>) mo\u017cna dokonywa\u0107 wy\u0142\u0105cznie przelewem na konto bankowe :&nbsp;<b>PKO BP nr 83 1020 4027 0000 1302 0425 1948<\/b>&nbsp;z tytu\u0142em przelewu zwieraj\u0105cym :<\/p>\n\n\n\n<p><\/p>\n\n\n\n<p style=\"font-size:18px\">-imi\u0119 i nazwisko dziecka<\/p>\n\n\n\n<p><\/p>\n\n\n\n<p style=\"font-size:18px\">-klasa<\/p>\n\n\n\n<p><\/p>\n\n\n\n<div class=\"wp-block-group is-nowrap is-layout-flex wp-container-core-group-is-layout-ad2f72ca wp-block-group-is-layout-flex\">\n<p style=\"font-size:18px\">-za jaki miesi\u0105c jest wp\u0142ata<\/p>\n\n\n\n<p>Dodaj zajawk\u0119\u2026<\/p>\n\n\n\n<p>482 s\u0142owa, 3 minuty czasu czytania.<\/p>\n<\/div>\n\n\n\n<p><\/p>\n\n\n\n<p style=\"font-size:18px\">-z uwzgl\u0119dnieniem ewentualnych odpis\u00f3w z poprzedniego miesi\u0105ca<\/p>\n\n\n\n<p><\/p>\n\n\n\n<p style=\"font-size:18px\">Odpisy obiadowe mo\u017cna zg\u0142asza\u0107 sms-em do godz. 17.00 pod nr.tel 512 919 118. W dzie\u0144 obiadu nie ma odpisu, posi\u0142ek mo\u017cna odebra\u0107 ze sto\u0142\u00f3wki lub dy\u017curki szkolnej.<\/p>\n\n\n\n<p><\/p>\n\n\n\n<p style=\"font-size:18px\">Odpis liczy si\u0119 od kolejnego dnia i przechodzi na nast\u0119pny miesi\u0105c lub zwracany jest przelew na konto.<\/p>\n\n\n\n<p><\/p>\n\n\n\n<p style=\"font-size:18px\">Wszystkie dodatkowe informacje :<\/p>\n\n\n\n<p><\/p>\n\n\n\n<p style=\"font-size:18px\"><strong>Katarzyna Raszko<\/strong><\/p>\n\n\n\n<p><\/p>\n\n\n\n<p style=\"font-size:18px\"><strong>tel. 512 919 118<\/strong><\/p>\n\n\n\n<p><\/p>\n\n\n\n<p><\/p>\n\n\n\n<p class=\"has-text-color has-link-color wp-elements-128b75a2b4cea486eaaa89ae8a8d15d7\" style=\"color:#224363;font-size:20px\"><strong>GODZINY WYDAWANIA OBIAD\u00d3W:<\/strong><\/p>\n\n\n\n<p><\/p>\n\n\n\n<p style=\"font-size:18px\">12:15 \u2013 13:45&nbsp; klasy (I-V)<\/p>\n\n\n\n<p><\/p>\n\n\n\n<p style=\"font-size:18px\">W budynku Szko\u0142y na ul. \u0141ozowej posi\u0142ki wydawane s\u0105 od godz. 12:00<\/p>\n\n\n\n<p style=\"font-size:18px\">Oferujemy tak\u017ce mo\u017cliwo\u015b\u0107 korzystania ze sto\u0142\u00f3wki dla os\u00f3b z zewn\u0105trz.<\/p>\n\n\n\n<div data-wp-interactive=\"core\/file\" class=\"wp-block-file\"><object data-wp-bind--hidden=\"!state.hasPdfPreview\" hidden class=\"wp-block-file__embed\" data=\"https:\/\/sp84.poznan.pl\/wp-content\/uploads\/2026\/04\/OPLATA-ABONAMENTOWA.docx-maj.pdf\" type=\"application\/pdf\" style=\"width:100%;height:600px\" aria-label=\"Osadzone z OP\u0141ATA ABONAMENTOWA.docx maj.\"><\/object><a id=\"wp-block-file--media-23ccc17f-562b-40db-ae32-869f527e19cb\" href=\"https:\/\/sp84.poznan.pl\/wp-content\/uploads\/2026\/04\/OPLATA-ABONAMENTOWA.docx-maj.pdf\">OP\u0141ATA ABONAMENTOWA.docx maj<\/a><a href=\"https:\/\/sp84.poznan.pl\/wp-content\/uploads\/2026\/04\/OPLATA-ABONAMENTOWA.docx-maj.pdf\" class=\"wp-block-file__button wp-element-button\" download aria-describedby=\"wp-block-file--media-23ccc17f-562b-40db-ae32-869f527e19cb\">Pobierz<\/a><\/div>\n\n\n\n<p style=\"font-size:18px\"><\/p>\n\n\n\n<h1 class=\"wp-block-heading\" id=\"jadlospis\">Jad\u0142ospis<\/h1>\n\n\n\n<div data-wp-interactive=\"core\/file\" class=\"wp-block-file\"><object data-wp-bind--hidden=\"!state.hasPdfPreview\" hidden class=\"wp-block-file__embed\" data=\"https:\/\/sp84.poznan.pl\/wp-content\/uploads\/2026\/04\/M-E-N-U.docx-27.04-08.05.pdf\" type=\"application\/pdf\" style=\"width:100%;height:600px\" aria-label=\"Osadzone z M E N U.docx 27.04-08.05.\"><\/object><a id=\"wp-block-file--media-29864451-38f3-4ed5-b445-57a3c696ff92\" href=\"https:\/\/sp84.poznan.pl\/wp-content\/uploads\/2026\/04\/M-E-N-U.docx-27.04-08.05.pdf\">M E N U.docx 27.04-08.05<\/a><a href=\"https:\/\/sp84.poznan.pl\/wp-content\/uploads\/2026\/04\/M-E-N-U.docx-27.04-08.05.pdf\" class=\"wp-block-file__button wp-element-button\" download aria-describedby=\"wp-block-file--media-29864451-38f3-4ed5-b445-57a3c696ff92\">Pobierz<\/a><\/div>\n\n\n\n<p class=\"has-text-color has-link-color wp-elements-44184d4aa3f2c119c3a7c9b7b3cd49e2\" style=\"color:#224363;font-size:20px\"><strong>INFORMACJA O ALERGENACH I PRODUKTACH POWODUJ\u0104CYCH NIETOLERANCJE POKARMOWE<\/strong><\/p>\n\n\n\n<p><\/p>\n\n\n\n<p>Rozporz\u0105dzenie Parlamentu Europejskiego i Rady (UE) nr 1169\/2011 z dnia 25 pa\u017adziernika 2011 r. w sprawie przekazywania konsumentom informacji na temat \u017cywno\u015bci.<br>W naszej sto\u0142\u00f3wce u\u017cywane s\u0105 produkty zawieraj\u0105ce alergeny pokarmowe i produkty powoduj\u0105ce nietolerancje pokarmowe, w tym produkty zawieraj\u0105ce \u201e\u015aLADOWE ILO\u015aCI ALERGEN\u00d3W\u201d lub \u201eMOG\u0104CE ZAWIERA\u0106 ALERGENY\u201d wymienione w tabeli poni\u017cej:<\/p>\n\n\n\n<p><\/p>\n\n\n\n<figure>\n<table>\n<tbody>\n<tr>\n<th>&nbsp;<\/th>\n<th>ALERGEN WG ROZPORZ\u0104DZENIA<\/th>\n<th>PRODUKTY<\/th>\n<\/tr>\n<tr>\n<td>1<\/td>\n<td>ZBO\u017bA ZAWIERAJ\u0104CE GLUTEN<\/td>\n<td>m\u0105ka pszenna, p\u0142atki owsiane, kukurydziane, kasza manna, kuskus, kasza j\u0119czmienna, makaron, bu\u0142ka tarta, kawa inka, groszek ptysiowy, grzanki, biszkopty, pieczywo bia\u0142e pszenne, \u017cytnie, bu\u0142ka pszenna, otr\u0119by, ciasta, kisiel, rodzynki<\/td>\n<\/tr>\n<tr>\n<td>2<\/td>\n<td>MLEKO<\/td>\n<td>mleko, mas\u0142o, jogurt, ser, twar\u00f3g \u2013 ser bia\u0142y, margaryna, \u015bmietana, ma\u015blanka, kefir, kisiel, budy\u0144, w\u0119dlina<\/td>\n<\/tr>\n<tr>\n<td>3<\/td>\n<td>JAJA<\/td>\n<td>jaja, biszkopty, wypieki, ciastka, makaron jajeczny<\/td>\n<\/tr>\n<tr>\n<td>4<\/td>\n<td>RYBY<\/td>\n<td>ryby surowe \u2013 mro\u017cone, przetworzone \u2013 konserwy rybne: tu\u0144czyk w oleju, makrela w pomidorach i w oleju, \u0142oso\u015b w pomidorach i oleju<\/td>\n<\/tr>\n<tr>\n<td>5<\/td>\n<td>SOJA<\/td>\n<td>grzanki<\/td>\n<\/tr>\n<tr>\n<td>6<\/td>\n<td>SELER<\/td>\n<td>seler jako korze\u0144 i \u0142odyga, w\u0119dlina<\/td>\n<\/tr>\n<tr>\n<td>7<\/td>\n<td>GORCZYCA<\/td>\n<td>musztarda, w\u0119dlina, produkty mi\u0119sne, przyprawa Carry, mieszanki przypraw<\/td>\n<\/tr>\n<tr>\n<td>8<\/td>\n<td>NASIONA SEZAMU<\/td>\n<td>ziarno sezamowe, mas\u0142o sezamowe, bu\u0142ki, wypieki, p\u0142atki \u015bniadaniowe, desery, rodzynki<\/td>\n<\/tr>\n<tr>\n<td>9<\/td>\n<td>SKORUPIAKI<\/td>\n<td>brak<\/td>\n<\/tr>\n<tr>\n<td>10<\/td>\n<td>ORZECHY<\/td>\n<td>krem orzechowy do smarowania pieczywa, bakalie, desery, wypieki, ciasta, wi\u00f3rki kokosowe<\/td>\n<\/tr>\n<tr>\n<td>11<\/td>\n<td>DWUTLENEK SIARKI<\/td>\n<td>owoce suszone \u2013 w szczeg\u00f3lno\u015bci te, kt\u00f3re musz\u0105 zachowa\u0107 jasny kolor, np. morele<\/td>\n<\/tr>\n<tr>\n<td>12<\/td>\n<td>\u0141UBINY<\/td>\n<td>brak<\/td>\n<\/tr>\n<tr>\n<td>13<\/td>\n<td>ORZESZKI ZIEMNE<\/td>\n<td>mas\u0142o arachidowe, bakalie<\/td>\n<\/tr>\n<tr>\n<td>14<\/td>\n<td>MI\u0118CZAKI<\/td>\n<td>brak<\/td>\n<\/tr>\n<\/tbody>\n<\/table>\n<\/figure>\n\n\n\n<p><\/p>\n\n\n\n<p>Wykaz produkt\u00f3w jest aktualizowany na bie\u017c\u0105co. Informacj\u0119 o alergenach opracowa\u0142a p. Katarzyna Raszko.<strong><br><\/strong><br>Wszystkie dodatkowe informacje: <strong>Katarzyna Raszko: tel. 512 919 118<\/strong><\/p>\n\n\n\n<p><\/p>\n\n\n\n<p><\/p>\n\n\n\n<p><\/p>\n\n\n\n<p><\/p>\n","protected":false},"excerpt":{"rendered":"<p>Drodzy Rodzice Zapraszamy na smaczne obiady sto\u0142\u00f3wki szkolnej. Informacje oraz zapisy pod nr telefonu 512&nbsp;919&nbsp;118 Ceny na rok szkolny 2025\/2026 Zestaw obiadowy 16.00 z\u0142Drugie danie 15.00 z\u0142Zupa 6,00 z\u0142 Zupa (z dofinansowaniem) &#8211; 4 z\u0142. &#8211;&nbsp; warunkiem jest z\u0142o\u017cenie deklaracji&nbsp; i oddanie do sto\u0142\u00f3wki. Zestaw obiadowy z dofinansowaniem 14 z\u0142. Cena obiadu w dniu zakupu [&hellip;]<\/p>\n","protected":false},"author":1,"featured_media":0,"parent":32,"menu_order":0,"comment_status":"closed","ping_status":"closed","template":"","meta":{"footnotes":""},"class_list":["post-36","page","type-page","status-publish","hentry"],"_links":{"self":[{"href":"https:\/\/sp84.poznan.pl\/index.php\/wp-json\/wp\/v2\/pages\/36","targetHints":{"allow":["GET"]}}],"collection":[{"href":"https:\/\/sp84.poznan.pl\/index.php\/wp-json\/wp\/v2\/pages"}],"about":[{"href":"https:\/\/sp84.poznan.pl\/index.php\/wp-json\/wp\/v2\/types\/page"}],"author":[{"embeddable":true,"href":"https:\/\/sp84.poznan.pl\/index.php\/wp-json\/wp\/v2\/users\/1"}],"replies":[{"embeddable":true,"href":"https:\/\/sp84.poznan.pl\/index.php\/wp-json\/wp\/v2\/comments?post=36"}],"version-history":[{"count":135,"href":"https:\/\/sp84.poznan.pl\/index.php\/wp-json\/wp\/v2\/pages\/36\/revisions"}],"predecessor-version":[{"id":6084,"href":"https:\/\/sp84.poznan.pl\/index.php\/wp-json\/wp\/v2\/pages\/36\/revisions\/6084"}],"up":[{"embeddable":true,"href":"https:\/\/sp84.poznan.pl\/index.php\/wp-json\/wp\/v2\/pages\/32"}],"wp:attachment":[{"href":"https:\/\/sp84.poznan.pl\/index.php\/wp-json\/wp\/v2\/media?parent=36"}],"curies":[{"name":"wp","href":"https:\/\/api.w.org\/{rel}","templated":true}]}}