{"id":42,"date":"2021-05-10T09:39:24","date_gmt":"2021-05-10T07:39:24","guid":{"rendered":"http:\/\/sp84.openworld24.pl\/?page_id=42"},"modified":"2026-04-29T17:55:15","modified_gmt":"2026-04-29T15:55:15","slug":"rodo","status":"publish","type":"page","link":"https:\/\/sp84.poznan.pl\/index.php\/rodo\/","title":{"rendered":"RODO"},"content":{"rendered":"\n<p>Inspektor Ochrony Danych &#8211; p. Mi\u0142osz Czerniejewski<\/p>\n\n\n\n<p style=\"font-size:17px\">mail: iod_mjo@um.poznan.pl<\/p>\n\n\n\n<p>Zast\u0119pca Inspektora Ochrony Danych &#8211; p. Anna Kwieci\u0144ska<\/p>\n\n\n\n<p style=\"font-size:17px\">mail: iod_mjo@um.poznan.pl<\/p>\n\n\n\n<div class=\"wp-block-file\"><a id=\"wp-block-file--media-a0c5fd71-234c-48f1-af18-323467e94bc6\" href=\"http:\/\/sp84.poznan.pl\/wp-content\/uploads\/2022\/06\/Klauzula-informacyjna-ogolna-\u2013-przetwarzanie-danych-przez-szkole-edukacja-i-wychowanie.doc\">Klauzula informacyjna og\u00f3lna \u2013 przetwarzanie danych przez szko\u0142\u0119 &#8211; edukacja i wychowanie<\/a><a href=\"http:\/\/sp84.poznan.pl\/wp-content\/uploads\/2022\/06\/Klauzula-informacyjna-ogolna-\u2013-przetwarzanie-danych-przez-szkole-edukacja-i-wychowanie.doc\" class=\"wp-block-file__button wp-element-button\" download aria-describedby=\"wp-block-file--media-a0c5fd71-234c-48f1-af18-323467e94bc6\">Pobierz<\/a><\/div>\n\n\n\n<div class=\"wp-block-file\"><a id=\"wp-block-file--media-8e0decc0-069d-4806-9ce9-9524456d674b\" href=\"http:\/\/sp84.poznan.pl\/wp-content\/uploads\/2022\/06\/Klauzula-informacyjna-dot.-przetwarzania-wizerunku-uczniow-i-ich-opiekunow-prawnych.docx\">Klauzula informacyjna dot. przetwarzania wizerunku uczni\u00f3w i ich opiekun\u00f3w prawnych<\/a><a href=\"http:\/\/sp84.poznan.pl\/wp-content\/uploads\/2022\/06\/Klauzula-informacyjna-dot.-przetwarzania-wizerunku-uczniow-i-ich-opiekunow-prawnych.docx\" class=\"wp-block-file__button wp-element-button\" download aria-describedby=\"wp-block-file--media-8e0decc0-069d-4806-9ce9-9524456d674b\">Pobierz<\/a><\/div>\n\n\n\n<div class=\"wp-block-file\"><a id=\"wp-block-file--media-0d4df9dd-a38e-4634-87e7-37e7230695da\" href=\"http:\/\/sp84.poznan.pl\/wp-content\/uploads\/2022\/06\/Klauzula-informacyjna-dot.-monitoringu-wizyjnego-oraz-ewidencji-wejsc.docx\">Klauzula informacyjna dot. monitoringu wizyjnego oraz ewidencji wej\u015b\u0107<\/a><a href=\"http:\/\/sp84.poznan.pl\/wp-content\/uploads\/2022\/06\/Klauzula-informacyjna-dot.-monitoringu-wizyjnego-oraz-ewidencji-wejsc.docx\" class=\"wp-block-file__button wp-element-button\" download aria-describedby=\"wp-block-file--media-0d4df9dd-a38e-4634-87e7-37e7230695da\">Pobierz<\/a><\/div>\n\n\n\n<div class=\"wp-block-file\"><a id=\"wp-block-file--media-b329e0c9-852e-43f2-944b-d834287944e2\" href=\"http:\/\/sp84.poznan.pl\/wp-content\/uploads\/2022\/06\/Klauzula-informacyjna-dla-kontrahentow.docx\">Klauzula informacyjna dla kontrahent\u00f3w<\/a><a href=\"http:\/\/sp84.poznan.pl\/wp-content\/uploads\/2022\/06\/Klauzula-informacyjna-dla-kontrahentow.docx\" class=\"wp-block-file__button wp-element-button\" download aria-describedby=\"wp-block-file--media-b329e0c9-852e-43f2-944b-d834287944e2\">Pobierz<\/a><\/div>\n\n\n\n<div class=\"wp-block-file\"><a id=\"wp-block-file--media-de9f4543-f324-49ee-bad0-10723aa4d884\" href=\"https:\/\/sp84.poznan.pl\/wp-content\/uploads\/2025\/04\/SP_84_Klauzula_informacyjna_korespondencja_elektroniczna.docx\">SP_84_Klauzula_informacyjna_korespondencja_elektroniczna<\/a><a href=\"https:\/\/sp84.poznan.pl\/wp-content\/uploads\/2025\/04\/SP_84_Klauzula_informacyjna_korespondencja_elektroniczna.docx\" class=\"wp-block-file__button wp-element-button\" download aria-describedby=\"wp-block-file--media-de9f4543-f324-49ee-bad0-10723aa4d884\">Pobierz<\/a><\/div>\n\n\n\n<p><\/p>\n","protected":false},"excerpt":{"rendered":"<p>Inspektor Ochrony Danych &#8211; p. Mi\u0142osz Czerniejewski mail: iod_mjo@um.poznan.pl Zast\u0119pca Inspektora Ochrony Danych &#8211; p. Anna Kwieci\u0144ska mail: iod_mjo@um.poznan.pl<\/p>\n","protected":false},"author":1,"featured_media":0,"parent":0,"menu_order":0,"comment_status":"closed","ping_status":"closed","template":"","meta":{"footnotes":""},"class_list":["post-42","page","type-page","status-publish","hentry"],"_links":{"self":[{"href":"https:\/\/sp84.poznan.pl\/index.php\/wp-json\/wp\/v2\/pages\/42","targetHints":{"allow":["GET"]}}],"collection":[{"href":"https:\/\/sp84.poznan.pl\/index.php\/wp-json\/wp\/v2\/pages"}],"about":[{"href":"https:\/\/sp84.poznan.pl\/index.php\/wp-json\/wp\/v2\/types\/page"}],"author":[{"embeddable":true,"href":"https:\/\/sp84.poznan.pl\/index.php\/wp-json\/wp\/v2\/users\/1"}],"replies":[{"embeddable":true,"href":"https:\/\/sp84.poznan.pl\/index.php\/wp-json\/wp\/v2\/comments?post=42"}],"version-history":[{"count":14,"href":"https:\/\/sp84.poznan.pl\/index.php\/wp-json\/wp\/v2\/pages\/42\/revisions"}],"predecessor-version":[{"id":6092,"href":"https:\/\/sp84.poznan.pl\/index.php\/wp-json\/wp\/v2\/pages\/42\/revisions\/6092"}],"wp:attachment":[{"href":"https:\/\/sp84.poznan.pl\/index.php\/wp-json\/wp\/v2\/media?parent=42"}],"curies":[{"name":"wp","href":"https:\/\/api.w.org\/{rel}","templated":true}]}}