{"id":44,"date":"2021-05-10T09:39:36","date_gmt":"2021-05-10T07:39:36","guid":{"rendered":"http:\/\/sp84.openworld24.pl\/?page_id=44"},"modified":"2026-03-29T21:01:09","modified_gmt":"2026-03-29T19:01:09","slug":"deklaracja-dostepnosci","status":"publish","type":"page","link":"https:\/\/sp84.poznan.pl\/index.php\/deklaracja-dostepnosci\/","title":{"rendered":"Deklaracja dost\u0119pno\u015bci"},"content":{"rendered":"\n<h1 class=\"wp-block-heading has-text-color has-link-color wp-elements-283b52b6c076696dbba3c5f6fcc73539\" id=\"a11y-deklaracja\" style=\"color:#224363;font-size:25px\">Deklaracja dost\u0119pno\u015bci Strony internetowej Szko\u0142y Podstawowej nr 84 im. Tadeusza Ko\u015bciuszki w Poznaniu<\/h1>\n\n\n\n<p id=\"a11y-wstep\" style=\"font-size:20px\">Szko\u0142a Podstawowa nr 84 im. Tadeusza Ko\u015bciuszki w Poznaniu&nbsp;zobowi\u0105zuje si\u0119 zapewni\u0107 dost\u0119pno\u015b\u0107 swojej&nbsp;strony internetowej&nbsp;zgodnie z ustaw\u0105 z dnia 4 kwietnia 2019 r. o dost\u0119pno\u015bci cyfrowej stron internetowych i aplikacji mobilnych podmiot\u00f3w publicznych.<\/p>\n\n\n\n<p id=\"a11y-wstep\" style=\"font-size:20px\">Deklaracja dost\u0119pno\u015bci dotyczy strony&nbsp;<a href=\"https:\/\/sp84.poznan.pl\/\" target=\"_blank\" rel=\"noreferrer noopener\">https:\/\/sp84.poznan.pl\/<\/a>.<\/p>\n\n\n\n<p><\/p>\n\n\n\n<ul class=\"wp-block-list\">\n<li class=\"has-medium-font-size\">Data publikacji strony internetowej:&nbsp;1 wrze\u015bnia 2021 r.<\/li>\n\n\n\n<li style=\"font-size:20px\">Data ostatniej istotnej aktualizacji:&nbsp;26 marca 2025 r.<\/li>\n<\/ul>\n\n\n\n<h2 class=\"wp-block-heading has-text-color has-link-color wp-elements-43869acd7d706bfc4f51cad20cced443\" style=\"color:#224363;font-size:25px\">Stan dost\u0119pno\u015bci cyfrowej<\/h2>\n\n\n\n<p id=\"a11y-status\" style=\"font-size:20px\">Ta strona internetowa jest cz\u0119\u015bciowo zgodna z za\u0142\u0105cznikiem do ustawy o dost\u0119pno\u015bci cyfrowej z dnia 4 kwietnia 2019 r. o dost\u0119pno\u015bci cyfrowej stron internetowych i aplikacji mobilnych podmiot\u00f3w publicznych z powodu [niezgodno\u015bci i wy\u0142\u0105cze\u0144] wymienionych poni\u017cej.<\/p>\n\n\n\n<h3 class=\"wp-block-heading has-text-color has-link-color wp-elements-23983740aee46a7b7855cd21fd670e6c\" style=\"color:#224363;font-size:25px\">Niedost\u0119pne tre\u015bci<\/h3>\n\n\n\n<h2 class=\"wp-block-heading has-text-color has-link-color wp-elements-8bc97d100fd6a4cdc9a3e1cf9956755b\" style=\"color:#224363;font-size:25px\">Niezgodno\u015b\u0107 z za\u0142\u0105cznikiem<\/h2>\n\n\n\n<ul class=\"wp-block-list\">\n<li style=\"font-size:20px\">Nagrania nie maj\u0105 napis\u00f3w ani t\u0142umacza j\u0119zyka migowego.<\/li>\n<\/ul>\n\n\n\n<h2 class=\"wp-block-heading has-text-color has-link-color wp-elements-d992d85d070e0a345311d158b883de84\" style=\"color:#224363;font-size:25px\">Tre\u015bci nieobj\u0119te przepisami<\/h2>\n\n\n\n<ul class=\"wp-block-list\">\n<li style=\"font-size:20px\">Cz\u0119\u015b\u0107 dokument\u00f3w opublikowano w postaci plik\u00f3w PDF lub skan\u00f3w, kt\u00f3re mog\u0105 nie by\u0107 dost\u0119pne cyfrowo w ca\u0142o\u015bci.<\/li>\n\n\n\n<li style=\"font-size:20px\">Cz\u0119\u015b\u0107 tre\u015bci tekstowych zosta\u0142a opublikowana w formie grafiki.<\/li>\n\n\n\n<li style=\"font-size:20px\">Przy cz\u0119\u015bci link\u00f3w do dokument\u00f3w do pobrania brakuje informacji o formacie, rozmiarze i &#8211; gdy jest to potrzebne &#8211; j\u0119zyku dokumentu.<\/li>\n<\/ul>\n\n\n\n<h2 class=\"wp-block-heading has-text-color has-link-color wp-elements-809df593694b1f4af451a14c312e0a2b\" style=\"color:#224363;font-size:25px\">Przygotowanie deklaracji dost\u0119pno\u015bci<\/h2>\n\n\n\n<ul class=\"wp-block-list\">\n<li style=\"font-size:20px\">Data sporz\u0105dzenia deklaracji:&nbsp;5 pa\u017adziernika 2022 r.<\/li>\n\n\n\n<li style=\"font-size:20px\">Data ostatniego przegl\u0105du deklaracji:&nbsp;29 marca 2026 r.<\/li>\n<\/ul>\n\n\n\n<p style=\"font-size:20px\">Deklaracj\u0119 sporz\u0105dzili\u015bmy na podstawie samooceny w oparciu o&nbsp;<a href=\"https:\/\/www.gov.pl\/attachment\/1a3e2bb5-6d60-4897-ac2f-07a8e91e70ed\">List\u0119 kontroln\u0105 do badania dost\u0119pno\u015bci cyfrowej strony internetowej v. 2.2 (docx, 0,12MB)<\/a>.<\/p>\n\n\n\n<p><\/p>\n\n\n\n<h2 class=\"wp-block-heading has-text-color has-link-color wp-elements-6d69e761d5d4526b19e62263d2dbadea\" id=\"a11y-kontakt\" style=\"color:#224363;font-size:25px\">Informacje zwrotne i dane kontaktowe<\/h2>\n\n\n\n<p style=\"font-size:20px\">Wszystkie problemy z dost\u0119pno\u015bci\u0105 cyfrow\u0105 tej strony internetowej mo\u017cesz zg\u0142osi\u0107 do&nbsp;Aleksandra Stachowska&nbsp;&#8211; mejlowo&nbsp;<a href=\"mailto:szkpd84@poczta.onet.pl\">szkpd84@poczta.onet.pl<\/a>&nbsp;lub telefonicznie&nbsp;<a href=\"tel:618321424\">61 8321424<\/a>.<\/p>\n\n\n\n<p style=\"font-size:20px\">Ka\u017cdy ma prawo wyst\u0105pi\u0107 z \u017c\u0105daniem zapewnienia dost\u0119pno\u015bci cyfrowej tej strony internetowej lub jej element\u00f3w.<\/p>\n\n\n\n<p style=\"font-size:20px\">Zg\u0142aszaj\u0105c takie \u017c\u0105danie podaj:<\/p>\n\n\n\n<ul class=\"wp-block-list\">\n<li style=\"font-size:20px\">swoje imi\u0119 i nazwisko,<\/li>\n\n\n\n<li style=\"font-size:20px\">swoje dane kontaktowe (np. numer telefonu, e-mail),<\/li>\n\n\n\n<li style=\"font-size:20px\">dok\u0142adny adres strony internetowej, na kt\u00f3rej jest niedost\u0119pny cyfrowo element lub tre\u015b\u0107,<\/li>\n\n\n\n<li style=\"font-size:20px\">opis na czym polega problem i jaki spos\u00f3b jego rozwi\u0105zania by\u0142by dla Ciebie najwygodniejszy.<\/li>\n<\/ul>\n\n\n\n<p style=\"font-size:20px\">Na Twoje zg\u0142oszenie odpowiemy najszybciej jak to mo\u017cliwe, nie p\u00f3\u017aniej ni\u017c w ci\u0105gu 7 dni od jego otrzymania.<\/p>\n\n\n\n<p style=\"font-size:20px\">Je\u017celi ten termin b\u0119dzie dla nas zbyt kr\u00f3tki poinformujemy Ci\u0119 o tym. W tej informacji podamy nowy termin, do kt\u00f3rego poprawimy zg\u0142oszone przez Ciebie b\u0142\u0119dy lub przygotujemy informacje w alternatywny spos\u00f3b. Ten nowy termin nie b\u0119dzie d\u0142u\u017cszy ni\u017c 2 miesi\u0105ce.<\/p>\n\n\n\n<p style=\"font-size:20px\">Je\u017celi nie b\u0119dziemy w stanie zapewni\u0107 dost\u0119pno\u015bci cyfrowej strony internetowej lub tre\u015bci, wskazanej w Twoim \u017c\u0105daniu, zaproponujemy Ci dost\u0119p do nich w alternatywny spos\u00f3b.<\/p>\n\n\n\n<h3 class=\"wp-block-heading has-text-color has-link-color wp-elements-d1679586ad64a91d4ec240270a0a64ba\" style=\"color:#224363;font-size:25px\">Obs\u0142uga wniosk\u00f3w i skarg zwi\u0105zanych z dost\u0119pno\u015bci\u0105<\/h3>\n\n\n\n<p style=\"font-size:20px\">Je\u017celi w odpowiedzi na Tw\u00f3j wniosek o zapewnienie dost\u0119pno\u015bci cyfrowej, odm\u00f3wimy zapewnienia \u017c\u0105danej przez Ciebie dost\u0119pno\u015bci cyfrowej, a Ty nie zgadzasz si\u0119 z t\u0105 odmow\u0105, masz prawo z\u0142o\u017cy\u0107 skarg\u0119.<\/p>\n\n\n\n<p style=\"font-size:20px\">Skarg\u0119 masz prawo z\u0142o\u017cy\u0107 tak\u017ce, je\u015bli nie zgadzasz si\u0119 na skorzystanie z alternatywnego sposobu dost\u0119pu, kt\u00f3ry zaproponowali\u015bmy Ci w odpowiedzi na Tw\u00f3j wniosek o zapewnienie dost\u0119pno\u015bci cyfrowej.<\/p>\n\n\n\n<p style=\"font-size:20px\">Ewentualn\u0105 skarg\u0119 z\u0142\u00f3\u017c listownie lub mailem do kierownictwa naszego urz\u0119du:<\/p>\n\n\n\n<ul class=\"wp-block-list\">\n<li style=\"font-size:20px\">Organ nadzoruj\u0105cy: Dyrektor Szko\u0142y Podstawowej nr 84 im. Tadeusza Ko\u015bciuszki w Poznaniu,<\/li>\n\n\n\n<li style=\"font-size:20px\">Adres:&nbsp;ul. \u015aw. Szczepana 3 61-465 Pozna\u0144,<\/li>\n\n\n\n<li style=\"font-size:20px\">mejl:&nbsp;<a href=\"mailto:szkpd84@poczta.onet.pl\">szkpd84@poczta.onet.pl<\/a>.<\/li>\n<\/ul>\n\n\n\n<p style=\"font-size:20px\"><a href=\"https:\/\/www.gov.pl\/web\/gov\/zloz-wniosek-o-zapewnienie-dostepnosci-cyfrowej-strony-internetowej-lub-aplikacji-mobilnej\">Pomocne mog\u0105 by\u0107 informacje, kt\u00f3re mo\u017cna znale\u017a\u0107 na rz\u0105dowym portalu gov.pl<\/a>.<\/p>\n\n\n\n<p style=\"font-size:20px\">Mo\u017cesz tak\u017ce poinformowa\u0107 o tej sytuacji&nbsp;<a href=\"https:\/\/bip.brpo.gov.pl\/\">Rzecznika Praw Obywatelskich<\/a>&nbsp;i poprosi\u0107 o interwencj\u0119 w Twojej sprawie.<\/p>\n\n\n\n<h2 class=\"wp-block-heading has-text-color has-link-color wp-elements-36383e492c3f45acc3b8f0ccf08314d0\" style=\"color:#224363;font-size:25px\">Pozosta\u0142e informacje <\/h2>\n\n\n\n<h2 class=\"wp-block-heading has-text-color has-link-color wp-elements-786678d4da09d55b2ff8c2030f5fb549\" id=\"a11y-architektura\" style=\"color:#224363;font-size:25px\">Dost\u0119pno\u015b\u0107 architektoniczna<\/h2>\n\n\n\n<h4 class=\"wp-block-heading has-text-color has-link-color wp-elements-c04ecb219e8ded091a3e1526b2355eb4\" style=\"color:#224363;font-size:25px\">Szko\u0142a Podstawowa nr 84 im. Tadeusza Ko\u015bciuszki w Poznaniu<\/h4>\n\n\n\n<p style=\"font-size:20px\">ul. \u015aw. Szczepana 3<\/p>\n\n\n\n<p style=\"font-size:20px\">61-465 Pozna\u0144<\/p>\n\n\n\n<p style=\"font-size:20px\">Wej\u015bcie do budynku<br>Do wej\u015bcia doprowadzona jest sta\u0142a pochylnia o nachyleniu 2,5%.<br>Drzwi musisz otworzy\u0107 r\u0119cznie.<\/p>\n\n\n\n<p><\/p>\n\n\n\n<h2 class=\"wp-block-heading has-text-color has-link-color wp-elements-086ccfc4922e6636452b8844291a5ecd\" id=\"a11y-aplikacje\" style=\"color:#224363;font-size:25px\">Dost\u0119pno\u015b\u0107 komunikacyjno-informacyjna<\/h2>\n\n\n\n<ul class=\"wp-block-list\">\n<li style=\"font-size:20px\">Brak mo\u017cliwo\u015bci skorzystania z t\u0142umacza j\u0119zyka migowego na miejscu lub online.<\/li>\n\n\n\n<li style=\"font-size:20px\">W budynku nie ma oznacze\u0144 w alfabecie brajla ani oznacze\u0144 kontrastowych lub w druku powi\u0119kszonym dla os\u00f3b niewidomych i s\u0142abowidz\u0105cych.<br><\/li>\n<\/ul>\n\n\n\n<p><\/p>\n","protected":false},"excerpt":{"rendered":"<p>Deklaracja dost\u0119pno\u015bci Strony internetowej Szko\u0142y Podstawowej nr 84 im. Tadeusza Ko\u015bciuszki w Poznaniu Szko\u0142a Podstawowa nr 84 im. Tadeusza Ko\u015bciuszki w Poznaniu&nbsp;zobowi\u0105zuje si\u0119 zapewni\u0107 dost\u0119pno\u015b\u0107 swojej&nbsp;strony internetowej&nbsp;zgodnie z ustaw\u0105 z dnia 4 kwietnia 2019 r. o dost\u0119pno\u015bci cyfrowej stron internetowych i aplikacji mobilnych podmiot\u00f3w publicznych. Deklaracja dost\u0119pno\u015bci dotyczy strony&nbsp;https:\/\/sp84.poznan.pl\/. Stan dost\u0119pno\u015bci cyfrowej Ta strona internetowa [&hellip;]<\/p>\n","protected":false},"author":1,"featured_media":0,"parent":0,"menu_order":0,"comment_status":"closed","ping_status":"closed","template":"","meta":{"footnotes":""},"class_list":["post-44","page","type-page","status-publish","hentry"],"_links":{"self":[{"href":"https:\/\/sp84.poznan.pl\/index.php\/wp-json\/wp\/v2\/pages\/44","targetHints":{"allow":["GET"]}}],"collection":[{"href":"https:\/\/sp84.poznan.pl\/index.php\/wp-json\/wp\/v2\/pages"}],"about":[{"href":"https:\/\/sp84.poznan.pl\/index.php\/wp-json\/wp\/v2\/types\/page"}],"author":[{"embeddable":true,"href":"https:\/\/sp84.poznan.pl\/index.php\/wp-json\/wp\/v2\/users\/1"}],"replies":[{"embeddable":true,"href":"https:\/\/sp84.poznan.pl\/index.php\/wp-json\/wp\/v2\/comments?post=44"}],"version-history":[{"count":9,"href":"https:\/\/sp84.poznan.pl\/index.php\/wp-json\/wp\/v2\/pages\/44\/revisions"}],"predecessor-version":[{"id":5983,"href":"https:\/\/sp84.poznan.pl\/index.php\/wp-json\/wp\/v2\/pages\/44\/revisions\/5983"}],"wp:attachment":[{"href":"https:\/\/sp84.poznan.pl\/index.php\/wp-json\/wp\/v2\/media?parent=44"}],"curies":[{"name":"wp","href":"https:\/\/api.w.org\/{rel}","templated":true}]}}