{"id":486,"date":"2021-11-18T20:27:11","date_gmt":"2021-11-18T19:27:11","guid":{"rendered":"http:\/\/sp84.poznan.pl\/?page_id=486"},"modified":"2026-03-23T19:30:30","modified_gmt":"2026-03-23T18:30:30","slug":"doradztwo-zawodowe","status":"publish","type":"page","link":"https:\/\/sp84.poznan.pl\/index.php\/strefa-ucznia\/doradztwo-zawodowe\/","title":{"rendered":"Doradztwo zawodowe"},"content":{"rendered":"\n<p class=\"has-text-align-left\">Doradztwo zawodowe w naszej szkole realizujemy w oparciu o Wewn\u0105trzszkolny System Doradztwa Zawodowego, utworzony na podstawie czterech obszar\u00f3w tematycznych:<\/p>\n\n\n\n<p>1. Poznawanie siebie i w\u0142asnych zasob\u00f3w<\/p>\n\n\n\n<p>2. \u015awiat zawod\u00f3w i rynek pracy<\/p>\n\n\n\n<p>3. Rynek edukacyjny i uczenie si\u0119 przez ca\u0142e \u017cycie<\/p>\n\n\n\n<p>4. Planowanie w\u0142asnego rozwoju i podejmowanie decyzji edukacyjno-zawodowych<\/p>\n\n\n\n<p>Tre\u015bci z zakresu doradztwa zawodowego realizowane s\u0105 na:<\/p>\n\n\n\n<ul class=\"wp-block-list\">\n<li>zaj\u0119ciach edukacyjnych z zakresu kszta\u0142cenia og\u00f3lnego (np. rozpoznawanie<br>i rozwijanie zainteresowa\u0144 i uzdolnie\u0144 uczni\u00f3w, orientacja zawodowa na lekcjach przedmiotowych);<\/li>\n\n\n\n<li>zaj\u0119ciach z doradztwa zawodowego (klasy VII i VIII, na podstawie Programu doradztwa zawodowego);<\/li>\n\n\n\n<li>konsultacjach indywidualnych przygotowuj\u0105cych do wyboru dalszej \u015bcie\u017cki edukacyjno-zawodowej (dla ch\u0119tnych uczni\u00f3w);<\/li>\n\n\n\n<li>konsultacjach z rodzicami uczni\u00f3w ostatnich klas szko\u0142y podstawowej;<\/li>\n\n\n\n<li>konsultacjach z nauczycielami (szczeg\u00f3lnie wychowawcami klas \u00f3smych).<\/li>\n<\/ul>\n\n\n\n<p>Uczni\u00f3w i rodzic\u00f3w zainteresowanych tematyk\u0105 doradztwa zawodowego zapraszam do kontaktu za po\u015brednictwem dziennika elektronicznego.<\/p>\n\n\n\n<p>szkolny doradca zawodowy<br>Joanna Sz\u00f3stak<\/p>\n\n\n\n<p>Wewn\u0105trzszkolny System Doradztwa Zawodowego<\/p>\n\n\n\n<div class=\"wp-block-file\"><a id=\"wp-block-file--media-c60a77ac-a7cd-4c5e-ba1d-9e2c3cce0b12\" href=\"https:\/\/sp84.poznan.pl\/wp-content\/uploads\/2026\/02\/WSDZ.pdf\">WSDZ<\/a><a href=\"https:\/\/sp84.poznan.pl\/wp-content\/uploads\/2026\/02\/WSDZ.pdf\" class=\"wp-block-file__button wp-element-button\" download aria-describedby=\"wp-block-file--media-c60a77ac-a7cd-4c5e-ba1d-9e2c3cce0b12\">Pobierz<\/a><\/div>\n\n\n\n<p>Drzwi Otwarte<\/p>\n\n\n\n<p>Przydatne strony internetowe oraz materia\u0142y z zakresu doradztwa zawodowego:<\/p>\n\n\n\n<ul class=\"wp-block-list\">\n<li>Kompas \u00d3smoklasisty <a href=\"https:\/\/padlet.com\/joannaszostak96\/kompas-smoklasisty-jxrx6b2s3dgae85f\">https:\/\/padlet.com\/joannaszostak96\/kompas-smoklasisty-jxrx6b2s3dgae85f<\/a><\/li>\n<\/ul>\n\n\n\n<ul class=\"wp-block-list\">\n<li>Strona naboru elektronicznego<\/li>\n<\/ul>\n\n\n\n<p><a href=\"https:\/\/nabor.pcss.pl\/poznan\/szkolaponadpodstawowa\/\">https:\/\/nabor.pcss.pl\/poznan\/szkolaponadpodstawowa\/<\/a><\/p>\n\n\n\n<ul class=\"wp-block-list\">\n<li>strona Kuratorium O\u015bwiaty w Poznaniu<\/li>\n<\/ul>\n\n\n\n<p><a href=\"http:\/\/ko.poznan.pl\/rodzice_uczniowie\/\">http:\/\/ko.poznan.pl\/rodzice_uczniowie\/<\/a><\/p>\n\n\n\n<ul class=\"wp-block-list\">\n<li>strona Centrum Doradztwa Zawodowego dla M\u0142odzie\u017cy<\/li>\n<\/ul>\n\n\n\n<p><a href=\"https:\/\/www.cdzdm.pl\/PL-H427\/dla-uczniow-szkol-podstawowych.html\">https:\/\/www.cdzdm.pl\/PL-H427\/dla-uczniow-szkol-podstawowych.html<\/a><\/p>\n\n\n\n<ul class=\"wp-block-list\">\n<li>strona Centrum Wsparcia Rzemios\u0142a, Kszta\u0142cenia Dualnego i Zawodowego<\/li>\n<\/ul>\n\n\n\n<p><a href=\"https:\/\/cwrkdiz.poznan.pl\/panel-ucznia\/\">https:\/\/cwrkdiz.poznan.pl\/panel-ucznia\/<\/a><\/p>\n\n\n\n<ul class=\"wp-block-list\">\n<li>strona Mapy Karier<\/li>\n<\/ul>\n\n\n\n<p><a href=\"https:\/\/mapakarier.org\/\">https:\/\/mapakarier.org\/<\/a><\/p>\n\n\n\n<ul class=\"wp-block-list\">\n<li>strona Szacun dla Zawodowc\u00f3w<\/li>\n<\/ul>\n\n\n\n<p><a href=\"https:\/\/zawodowcy.poznan.pl\/\">https:\/\/zawodowcy.poznan.pl\/<\/a><\/p>\n\n\n\n<ul class=\"wp-block-list\">\n<li>strona Zintegrowanego Systemu Kwalifikacji<\/li>\n<\/ul>\n\n\n\n<p><a href=\"https:\/\/kwalifikacje.edu.pl\/\">https:\/\/kwalifikacje.edu.pl\/<\/a><\/p>\n\n\n\n<ul class=\"wp-block-list\">\n<li>strony Centralnej i Okr\u0119gowej Komisji Egzaminacyjnej<\/li>\n<\/ul>\n\n\n\n<p><a href=\"https:\/\/cke.gov.pl\/egzamin-osmoklasisty\/\">https:\/\/cke.gov.pl\/egzamin-osmoklasisty\/<\/a><a href=\"https:\/\/www.oke.poznan.pl\/\">https:\/\/www.oke.poznan.pl\/<\/a><\/p>\n\n\n\n<p><a href=\"https:\/\/www.oke.poznan.pl\/\">https:\/\/www.oke.poznan.pl\/<\/a><\/p>\n","protected":false},"excerpt":{"rendered":"<p>Doradztwo zawodowe w naszej szkole realizujemy w oparciu o Wewn\u0105trzszkolny System Doradztwa Zawodowego, utworzony na podstawie czterech obszar\u00f3w tematycznych: 1. Poznawanie siebie i w\u0142asnych zasob\u00f3w 2. \u015awiat zawod\u00f3w i rynek pracy 3. Rynek edukacyjny i uczenie si\u0119 przez ca\u0142e \u017cycie 4. Planowanie w\u0142asnego rozwoju i podejmowanie decyzji edukacyjno-zawodowych Tre\u015bci z zakresu doradztwa zawodowego realizowane s\u0105 [&hellip;]<\/p>\n","protected":false},"author":4,"featured_media":0,"parent":30,"menu_order":0,"comment_status":"closed","ping_status":"closed","template":"","meta":{"footnotes":""},"class_list":["post-486","page","type-page","status-publish","hentry"],"_links":{"self":[{"href":"https:\/\/sp84.poznan.pl\/index.php\/wp-json\/wp\/v2\/pages\/486","targetHints":{"allow":["GET"]}}],"collection":[{"href":"https:\/\/sp84.poznan.pl\/index.php\/wp-json\/wp\/v2\/pages"}],"about":[{"href":"https:\/\/sp84.poznan.pl\/index.php\/wp-json\/wp\/v2\/types\/page"}],"author":[{"embeddable":true,"href":"https:\/\/sp84.poznan.pl\/index.php\/wp-json\/wp\/v2\/users\/4"}],"replies":[{"embeddable":true,"href":"https:\/\/sp84.poznan.pl\/index.php\/wp-json\/wp\/v2\/comments?post=486"}],"version-history":[{"count":13,"href":"https:\/\/sp84.poznan.pl\/index.php\/wp-json\/wp\/v2\/pages\/486\/revisions"}],"predecessor-version":[{"id":5930,"href":"https:\/\/sp84.poznan.pl\/index.php\/wp-json\/wp\/v2\/pages\/486\/revisions\/5930"}],"up":[{"embeddable":true,"href":"https:\/\/sp84.poznan.pl\/index.php\/wp-json\/wp\/v2\/pages\/30"}],"wp:attachment":[{"href":"https:\/\/sp84.poznan.pl\/index.php\/wp-json\/wp\/v2\/media?parent=486"}],"curies":[{"name":"wp","href":"https:\/\/api.w.org\/{rel}","templated":true}]}}