{"id":809,"date":"2021-12-11T23:09:52","date_gmt":"2021-12-11T22:09:52","guid":{"rendered":"http:\/\/sp84.poznan.pl\/?page_id=809"},"modified":"2025-04-13T17:35:08","modified_gmt":"2025-04-13T15:35:08","slug":"wolontariat","status":"publish","type":"page","link":"https:\/\/sp84.poznan.pl\/index.php\/wolontariat\/","title":{"rendered":"Wolontariat"},"content":{"rendered":"\n<p class=\"has-text-color has-link-color wp-elements-0bb80db378162f0cf7cd7f3308383cb0\" style=\"color:#224363;font-size:20px\"><strong>Opiekunki szkolnego wolontariatu w roku szkolnym 2024\/2025:<\/strong><\/p>\n\n\n\n<p style=\"font-size:18px\"><strong>Pani Anna Suszy\u0144ska<\/strong><\/p>\n\n\n\n<p style=\"font-size:18px\"><strong>Pani Agata G\u0142uszek<\/strong><\/p>\n\n\n\n<p style=\"font-size:18px\">W roku szkolnym 2024\/2025 wolontariat szkolny organizowa\u0142 spotkania dla uczni\u00f3w podczas kt\u00f3rych uczestnicy wnie\u015bli rado\u015b\u0107 i nadziej\u0119 w \u017cycie innych ludzi. Uczniowie tworzyli kartki bo\u017conarodzeniowe i wielkanocne dla os\u00f3b chorych i samotnych oraz ozdoby \u015bwi\u0105teczne, kt\u00f3re zosta\u0142y powieszone w korytarzu naszej szko\u0142y. Ponadto robili kalendarze adwentowe, walentynki dla ka\u017cdego ucznia naszej szko\u0142y oraz podzi\u0119kowania dla absolwent\u00f3w szko\u0142y z okazji 60-lecia.<br>W tym roku szkolnym pragniemy jeszcze przygotowa\u0107 ma\u0142\u0105 niespodziank\u0119 dla uczni\u00f3w klas \u00f3smych.<\/p>\n\n\n\n<p style=\"font-size:18px\">Zawsze mo\u017cemy liczy\u0107 na Wolontariuszy ze Szkolnego Ko\u0142a Caritas. Tym razem zbierali\u015bmy \u017cywno\u015b\u0107 przed \u015awi\u0119tami Wielkanocnymi, a wcze\u015bniej przed&nbsp; Bo\u017cym Narodzeniem dla najbardziej potrzebuj\u0105cych ludzi z Archidiecezji Pozna\u0144skiej. Akcje te organizowane s\u0105 we wsp\u00f3\u0142pracy z Biedronk\u0105, przy ulicy \u017burawinowej oraz Galerii D\u0119biec. Dzi\u0119kuj\u0119 Wolontariuszom za po\u015bwi\u0119cenie i ofiarno\u015b\u0107.<\/p>\n\n\n\n<div class=\"wp-block-columns is-layout-flex wp-container-core-columns-is-layout-9d6595d7 wp-block-columns-is-layout-flex\">\n<div class=\"wp-block-column is-layout-flow wp-block-column-is-layout-flow\">\n<figure class=\"wp-block-image size-large\"><img fetchpriority=\"high\" decoding=\"async\" width=\"1024\" height=\"768\" src=\"https:\/\/sp84.poznan.pl\/wp-content\/uploads\/2025\/04\/w1-1024x768.jpg\" alt=\"Tworzenie kartki wielkanocnej\" class=\"wp-image-4691\" style=\"aspect-ratio:1;object-fit:cover\" srcset=\"https:\/\/sp84.poznan.pl\/wp-content\/uploads\/2025\/04\/w1-1024x768.jpg 1024w, https:\/\/sp84.poznan.pl\/wp-content\/uploads\/2025\/04\/w1-300x225.jpg 300w, https:\/\/sp84.poznan.pl\/wp-content\/uploads\/2025\/04\/w1-768x576.jpg 768w, https:\/\/sp84.poznan.pl\/wp-content\/uploads\/2025\/04\/w1-1536x1152.jpg 1536w, https:\/\/sp84.poznan.pl\/wp-content\/uploads\/2025\/04\/w1.jpg 1600w\" sizes=\"(max-width: 1024px) 100vw, 1024px\" \/><\/figure>\n<\/div>\n\n\n\n<div class=\"wp-block-column is-layout-flow wp-block-column-is-layout-flow\">\n<figure class=\"wp-block-image size-large\"><img decoding=\"async\" width=\"768\" height=\"1024\" src=\"https:\/\/sp84.poznan.pl\/wp-content\/uploads\/2025\/04\/w2-768x1024.jpg\" alt=\"Tworzenie kartki wielkanocnej\" class=\"wp-image-4692\" style=\"aspect-ratio:1;object-fit:cover\" srcset=\"https:\/\/sp84.poznan.pl\/wp-content\/uploads\/2025\/04\/w2-768x1024.jpg 768w, https:\/\/sp84.poznan.pl\/wp-content\/uploads\/2025\/04\/w2-225x300.jpg 225w, https:\/\/sp84.poznan.pl\/wp-content\/uploads\/2025\/04\/w2-1152x1536.jpg 1152w, https:\/\/sp84.poznan.pl\/wp-content\/uploads\/2025\/04\/w2.jpg 1200w\" sizes=\"(max-width: 768px) 100vw, 768px\" \/><\/figure>\n<\/div>\n\n\n\n<div class=\"wp-block-column is-layout-flow wp-block-column-is-layout-flow\">\n<figure class=\"wp-block-image size-large\"><img decoding=\"async\" width=\"768\" height=\"1024\" src=\"https:\/\/sp84.poznan.pl\/wp-content\/uploads\/2025\/04\/w3-768x1024.jpg\" alt=\"Tworzenie kartki wielkanocnej\" class=\"wp-image-4693\" style=\"aspect-ratio:1;object-fit:cover\" srcset=\"https:\/\/sp84.poznan.pl\/wp-content\/uploads\/2025\/04\/w3-768x1024.jpg 768w, https:\/\/sp84.poznan.pl\/wp-content\/uploads\/2025\/04\/w3-225x300.jpg 225w, https:\/\/sp84.poznan.pl\/wp-content\/uploads\/2025\/04\/w3-1152x1536.jpg 1152w, https:\/\/sp84.poznan.pl\/wp-content\/uploads\/2025\/04\/w3.jpg 1200w\" sizes=\"(max-width: 768px) 100vw, 768px\" \/><\/figure>\n<\/div>\n<\/div>\n\n\n\n<div class=\"wp-block-columns is-layout-flex wp-container-core-columns-is-layout-9d6595d7 wp-block-columns-is-layout-flex\">\n<div class=\"wp-block-column is-layout-flow wp-block-column-is-layout-flow\">\n<figure class=\"wp-block-image size-large\"><img loading=\"lazy\" decoding=\"async\" width=\"1024\" height=\"768\" src=\"https:\/\/sp84.poznan.pl\/wp-content\/uploads\/2025\/04\/w4-1024x768.jpg\" alt=\"Tworzenie kartki wielkanocnej\" class=\"wp-image-4694\" style=\"aspect-ratio:1;object-fit:cover\" srcset=\"https:\/\/sp84.poznan.pl\/wp-content\/uploads\/2025\/04\/w4-1024x768.jpg 1024w, https:\/\/sp84.poznan.pl\/wp-content\/uploads\/2025\/04\/w4-300x225.jpg 300w, https:\/\/sp84.poznan.pl\/wp-content\/uploads\/2025\/04\/w4-768x576.jpg 768w, https:\/\/sp84.poznan.pl\/wp-content\/uploads\/2025\/04\/w4-1536x1152.jpg 1536w, https:\/\/sp84.poznan.pl\/wp-content\/uploads\/2025\/04\/w4.jpg 1600w\" sizes=\"(max-width: 1024px) 100vw, 1024px\" \/><\/figure>\n<\/div>\n\n\n\n<div class=\"wp-block-column is-layout-flow wp-block-column-is-layout-flow\">\n<figure class=\"wp-block-image size-large\"><img loading=\"lazy\" decoding=\"async\" width=\"1024\" height=\"669\" src=\"https:\/\/sp84.poznan.pl\/wp-content\/uploads\/2025\/04\/w5-1024x669.jpg\" alt=\"Tworzenie kartki wielkanocnej\" class=\"wp-image-4695\" style=\"aspect-ratio:1;object-fit:cover\" srcset=\"https:\/\/sp84.poznan.pl\/wp-content\/uploads\/2025\/04\/w5-1024x669.jpg 1024w, https:\/\/sp84.poznan.pl\/wp-content\/uploads\/2025\/04\/w5-300x196.jpg 300w, https:\/\/sp84.poznan.pl\/wp-content\/uploads\/2025\/04\/w5-768x502.jpg 768w, https:\/\/sp84.poznan.pl\/wp-content\/uploads\/2025\/04\/w5-1536x1004.jpg 1536w, https:\/\/sp84.poznan.pl\/wp-content\/uploads\/2025\/04\/w5.jpg 1600w\" sizes=\"(max-width: 1024px) 100vw, 1024px\" \/><\/figure>\n<\/div>\n\n\n\n<div class=\"wp-block-column is-layout-flow wp-block-column-is-layout-flow\">\n<figure class=\"wp-block-image size-large\"><img loading=\"lazy\" decoding=\"async\" width=\"768\" height=\"1024\" src=\"https:\/\/sp84.poznan.pl\/wp-content\/uploads\/2025\/04\/w6-768x1024.jpg\" alt=\"Tworzenie kartki walentynkowej\" class=\"wp-image-4696\" style=\"aspect-ratio:1;object-fit:cover\" srcset=\"https:\/\/sp84.poznan.pl\/wp-content\/uploads\/2025\/04\/w6-768x1024.jpg 768w, https:\/\/sp84.poznan.pl\/wp-content\/uploads\/2025\/04\/w6-225x300.jpg 225w, https:\/\/sp84.poznan.pl\/wp-content\/uploads\/2025\/04\/w6-1152x1536.jpg 1152w, https:\/\/sp84.poznan.pl\/wp-content\/uploads\/2025\/04\/w6.jpg 1200w\" sizes=\"(max-width: 768px) 100vw, 768px\" \/><\/figure>\n<\/div>\n<\/div>\n\n\n\n<div class=\"wp-block-columns is-layout-flex wp-container-core-columns-is-layout-9d6595d7 wp-block-columns-is-layout-flex\">\n<div class=\"wp-block-column is-layout-flow wp-block-column-is-layout-flow\">\n<figure class=\"wp-block-image size-large\"><img loading=\"lazy\" decoding=\"async\" width=\"768\" height=\"1024\" src=\"https:\/\/sp84.poznan.pl\/wp-content\/uploads\/2025\/04\/w7-768x1024.jpg\" alt=\"Kartki walentynkowe\" class=\"wp-image-4697\" style=\"aspect-ratio:1;object-fit:cover\" srcset=\"https:\/\/sp84.poznan.pl\/wp-content\/uploads\/2025\/04\/w7-768x1024.jpg 768w, https:\/\/sp84.poznan.pl\/wp-content\/uploads\/2025\/04\/w7-225x300.jpg 225w, https:\/\/sp84.poznan.pl\/wp-content\/uploads\/2025\/04\/w7-1152x1536.jpg 1152w, https:\/\/sp84.poznan.pl\/wp-content\/uploads\/2025\/04\/w7.jpg 1200w\" sizes=\"(max-width: 768px) 100vw, 768px\" \/><\/figure>\n<\/div>\n\n\n\n<div class=\"wp-block-column is-layout-flow wp-block-column-is-layout-flow\">\n<figure class=\"wp-block-image size-large\"><img loading=\"lazy\" decoding=\"async\" width=\"1024\" height=\"768\" src=\"https:\/\/sp84.poznan.pl\/wp-content\/uploads\/2025\/04\/w8-1024x768.jpg\" alt=\"\u015anie\u017cynka wykonana przez wolontariusza \" class=\"wp-image-4698\" style=\"aspect-ratio:1;object-fit:cover\" srcset=\"https:\/\/sp84.poznan.pl\/wp-content\/uploads\/2025\/04\/w8-1024x768.jpg 1024w, https:\/\/sp84.poznan.pl\/wp-content\/uploads\/2025\/04\/w8-300x225.jpg 300w, https:\/\/sp84.poznan.pl\/wp-content\/uploads\/2025\/04\/w8-768x576.jpg 768w, https:\/\/sp84.poznan.pl\/wp-content\/uploads\/2025\/04\/w8-1536x1152.jpg 1536w, https:\/\/sp84.poznan.pl\/wp-content\/uploads\/2025\/04\/w8.jpg 1600w\" sizes=\"(max-width: 1024px) 100vw, 1024px\" \/><\/figure>\n<\/div>\n\n\n\n<div class=\"wp-block-column is-layout-flow wp-block-column-is-layout-flow\">\n<figure class=\"wp-block-image size-large\"><img loading=\"lazy\" decoding=\"async\" width=\"1024\" height=\"768\" src=\"https:\/\/sp84.poznan.pl\/wp-content\/uploads\/2025\/04\/w9-1024x768.jpg\" alt=\"Wolontariusz tworzy \u015bnie\u017cynk\u0119\" class=\"wp-image-4699\" style=\"aspect-ratio:1;object-fit:cover\" srcset=\"https:\/\/sp84.poznan.pl\/wp-content\/uploads\/2025\/04\/w9-1024x768.jpg 1024w, https:\/\/sp84.poznan.pl\/wp-content\/uploads\/2025\/04\/w9-300x225.jpg 300w, https:\/\/sp84.poznan.pl\/wp-content\/uploads\/2025\/04\/w9-768x576.jpg 768w, https:\/\/sp84.poznan.pl\/wp-content\/uploads\/2025\/04\/w9-1536x1152.jpg 1536w, https:\/\/sp84.poznan.pl\/wp-content\/uploads\/2025\/04\/w9.jpg 1600w\" sizes=\"(max-width: 1024px) 100vw, 1024px\" \/><\/figure>\n<\/div>\n<\/div>\n\n\n\n<div class=\"wp-block-columns is-layout-flex wp-container-core-columns-is-layout-9d6595d7 wp-block-columns-is-layout-flex\">\n<div class=\"wp-block-column is-layout-flow wp-block-column-is-layout-flow\">\n<figure class=\"wp-block-image size-large\"><img loading=\"lazy\" decoding=\"async\" width=\"1024\" height=\"768\" src=\"https:\/\/sp84.poznan.pl\/wp-content\/uploads\/2025\/04\/w11-1024x768.jpg\" alt=\"Kartki bo\u017conarodzeniowe\" class=\"wp-image-4700\" style=\"aspect-ratio:1;object-fit:cover\" srcset=\"https:\/\/sp84.poznan.pl\/wp-content\/uploads\/2025\/04\/w11-1024x768.jpg 1024w, https:\/\/sp84.poznan.pl\/wp-content\/uploads\/2025\/04\/w11-300x225.jpg 300w, https:\/\/sp84.poznan.pl\/wp-content\/uploads\/2025\/04\/w11-768x576.jpg 768w, https:\/\/sp84.poznan.pl\/wp-content\/uploads\/2025\/04\/w11-1536x1152.jpg 1536w, https:\/\/sp84.poznan.pl\/wp-content\/uploads\/2025\/04\/w11.jpg 2000w\" sizes=\"(max-width: 1024px) 100vw, 1024px\" \/><\/figure>\n<\/div>\n\n\n\n<div class=\"wp-block-column is-layout-flow wp-block-column-is-layout-flow\">\n<figure class=\"wp-block-image size-large\"><img loading=\"lazy\" decoding=\"async\" width=\"1024\" height=\"768\" src=\"https:\/\/sp84.poznan.pl\/wp-content\/uploads\/2025\/04\/w12-1024x768.jpg\" alt=\"Wolontariusze z kartkami\" class=\"wp-image-4701\" style=\"aspect-ratio:1;object-fit:cover\" srcset=\"https:\/\/sp84.poznan.pl\/wp-content\/uploads\/2025\/04\/w12-1024x768.jpg 1024w, https:\/\/sp84.poznan.pl\/wp-content\/uploads\/2025\/04\/w12-300x225.jpg 300w, https:\/\/sp84.poznan.pl\/wp-content\/uploads\/2025\/04\/w12-768x576.jpg 768w, https:\/\/sp84.poznan.pl\/wp-content\/uploads\/2025\/04\/w12-1536x1152.jpg 1536w, https:\/\/sp84.poznan.pl\/wp-content\/uploads\/2025\/04\/w12.jpg 1600w\" sizes=\"(max-width: 1024px) 100vw, 1024px\" \/><\/figure>\n<\/div>\n\n\n\n<div class=\"wp-block-column is-layout-flow wp-block-column-is-layout-flow\">\n<figure class=\"wp-block-image size-large\"><img loading=\"lazy\" decoding=\"async\" width=\"1024\" height=\"668\" src=\"https:\/\/sp84.poznan.pl\/wp-content\/uploads\/2025\/04\/w10-1024x668.jpg\" alt=\"Kalendarz adwentowy\" class=\"wp-image-4702\" style=\"aspect-ratio:1;object-fit:cover\" srcset=\"https:\/\/sp84.poznan.pl\/wp-content\/uploads\/2025\/04\/w10-1024x668.jpg 1024w, https:\/\/sp84.poznan.pl\/wp-content\/uploads\/2025\/04\/w10-300x196.jpg 300w, https:\/\/sp84.poznan.pl\/wp-content\/uploads\/2025\/04\/w10-768x501.jpg 768w, https:\/\/sp84.poznan.pl\/wp-content\/uploads\/2025\/04\/w10-1536x1001.jpg 1536w, https:\/\/sp84.poznan.pl\/wp-content\/uploads\/2025\/04\/w10.jpg 1600w\" sizes=\"(max-width: 1024px) 100vw, 1024px\" \/><\/figure>\n<\/div>\n<\/div>\n\n\n\n<div class=\"wp-block-columns is-layout-flex wp-container-core-columns-is-layout-9d6595d7 wp-block-columns-is-layout-flex\">\n<div class=\"wp-block-column is-layout-flow wp-block-column-is-layout-flow\">\n<figure class=\"wp-block-image size-large\"><img loading=\"lazy\" decoding=\"async\" width=\"1024\" height=\"768\" src=\"https:\/\/sp84.poznan.pl\/wp-content\/uploads\/2025\/04\/w13-1024x768.jpg\" alt=\"Wolontariusze podczas zbi\u00f3rki  \u017cywno\u015bci przed sklepem\" class=\"wp-image-4703\" style=\"aspect-ratio:1;object-fit:cover\" srcset=\"https:\/\/sp84.poznan.pl\/wp-content\/uploads\/2025\/04\/w13-1024x768.jpg 1024w, https:\/\/sp84.poznan.pl\/wp-content\/uploads\/2025\/04\/w13-300x225.jpg 300w, https:\/\/sp84.poznan.pl\/wp-content\/uploads\/2025\/04\/w13-768x576.jpg 768w, https:\/\/sp84.poznan.pl\/wp-content\/uploads\/2025\/04\/w13-1536x1152.jpg 1536w, https:\/\/sp84.poznan.pl\/wp-content\/uploads\/2025\/04\/w13.jpg 1600w\" sizes=\"(max-width: 1024px) 100vw, 1024px\" \/><\/figure>\n<\/div>\n\n\n\n<div class=\"wp-block-column is-layout-flow wp-block-column-is-layout-flow\">\n<figure class=\"wp-block-image size-large\"><img loading=\"lazy\" decoding=\"async\" width=\"768\" height=\"1024\" src=\"https:\/\/sp84.poznan.pl\/wp-content\/uploads\/2025\/04\/w14-768x1024.jpg\" alt=\"Zebrana \u017cywno\u015b\u0107 \" class=\"wp-image-4704\" style=\"aspect-ratio:1;object-fit:cover\" srcset=\"https:\/\/sp84.poznan.pl\/wp-content\/uploads\/2025\/04\/w14-768x1024.jpg 768w, https:\/\/sp84.poznan.pl\/wp-content\/uploads\/2025\/04\/w14-225x300.jpg 225w, https:\/\/sp84.poznan.pl\/wp-content\/uploads\/2025\/04\/w14-1152x1536.jpg 1152w, https:\/\/sp84.poznan.pl\/wp-content\/uploads\/2025\/04\/w14.jpg 1200w\" sizes=\"(max-width: 768px) 100vw, 768px\" \/><\/figure>\n<\/div>\n\n\n\n<div class=\"wp-block-column is-layout-flow wp-block-column-is-layout-flow\">\n<figure class=\"wp-block-image size-large\"><img loading=\"lazy\" decoding=\"async\" width=\"1024\" height=\"768\" src=\"https:\/\/sp84.poznan.pl\/wp-content\/uploads\/2025\/04\/w15-1024x768.jpg\" alt=\"Wolontariusze podczas zbi\u00f3rki  \u017cywno\u015bci przed sklepem\" class=\"wp-image-4705\" style=\"aspect-ratio:1;object-fit:cover\" srcset=\"https:\/\/sp84.poznan.pl\/wp-content\/uploads\/2025\/04\/w15-1024x768.jpg 1024w, https:\/\/sp84.poznan.pl\/wp-content\/uploads\/2025\/04\/w15-300x225.jpg 300w, https:\/\/sp84.poznan.pl\/wp-content\/uploads\/2025\/04\/w15-768x576.jpg 768w, https:\/\/sp84.poznan.pl\/wp-content\/uploads\/2025\/04\/w15-1536x1152.jpg 1536w, https:\/\/sp84.poznan.pl\/wp-content\/uploads\/2025\/04\/w15.jpg 2040w\" sizes=\"(max-width: 1024px) 100vw, 1024px\" \/><\/figure>\n<\/div>\n<\/div>\n","protected":false},"excerpt":{"rendered":"<p>Opiekunki szkolnego wolontariatu w roku szkolnym 2024\/2025: Pani Anna Suszy\u0144ska Pani Agata G\u0142uszek W roku szkolnym 2024\/2025 wolontariat szkolny organizowa\u0142 spotkania dla uczni\u00f3w podczas kt\u00f3rych uczestnicy wnie\u015bli rado\u015b\u0107 i nadziej\u0119 w \u017cycie innych ludzi. Uczniowie tworzyli kartki bo\u017conarodzeniowe i wielkanocne dla os\u00f3b chorych i samotnych oraz ozdoby \u015bwi\u0105teczne, kt\u00f3re zosta\u0142y powieszone w korytarzu naszej szko\u0142y. [&hellip;]<\/p>\n","protected":false},"author":4,"featured_media":0,"parent":0,"menu_order":0,"comment_status":"closed","ping_status":"closed","template":"","meta":{"footnotes":""},"class_list":["post-809","page","type-page","status-publish","hentry"],"_links":{"self":[{"href":"https:\/\/sp84.poznan.pl\/index.php\/wp-json\/wp\/v2\/pages\/809","targetHints":{"allow":["GET"]}}],"collection":[{"href":"https:\/\/sp84.poznan.pl\/index.php\/wp-json\/wp\/v2\/pages"}],"about":[{"href":"https:\/\/sp84.poznan.pl\/index.php\/wp-json\/wp\/v2\/types\/page"}],"author":[{"embeddable":true,"href":"https:\/\/sp84.poznan.pl\/index.php\/wp-json\/wp\/v2\/users\/4"}],"replies":[{"embeddable":true,"href":"https:\/\/sp84.poznan.pl\/index.php\/wp-json\/wp\/v2\/comments?post=809"}],"version-history":[{"count":3,"href":"https:\/\/sp84.poznan.pl\/index.php\/wp-json\/wp\/v2\/pages\/809\/revisions"}],"predecessor-version":[{"id":4706,"href":"https:\/\/sp84.poznan.pl\/index.php\/wp-json\/wp\/v2\/pages\/809\/revisions\/4706"}],"wp:attachment":[{"href":"https:\/\/sp84.poznan.pl\/index.php\/wp-json\/wp\/v2\/media?parent=809"}],"curies":[{"name":"wp","href":"https:\/\/api.w.org\/{rel}","templated":true}]}}